{"id":12957,"date":"2023-10-26T13:58:54","date_gmt":"2023-10-26T13:58:54","guid":{"rendered":"https:\/\/brizyproducts.com\/product\/pantalon-melbourne-printemps-automne-2\/"},"modified":"2023-10-26T13:58:54","modified_gmt":"2023-10-26T13:58:54","slug":"pantalon-melbourne-printemps-automne-2","status":"publish","type":"product","link":"https:\/\/brizyproducts.com\/fr\/product\/pantalon-melbourne-printemps-automne-2\/","title":{"rendered":"Pantalon Melbourne printemps\/automne"},"content":{"rendered":"<p><strong>Le pantalon Melbourne printemps\/automne : Pantalon durable, coupe-vent et d\u00e9perlant pour les courses attel\u00e9es et les activit\u00e9s \u00e9questres<\/strong><\/p>\n<p>Le Melbourne Pants est un compl\u00e9ment indispensable \u00e0 vos v\u00eatements de course sous harnais et d&rsquo;\u00e9quitation, con\u00e7u pour des performances optimales dans des conditions m\u00e9t\u00e9orologiques difficiles. Fabriqu\u00e9 en 100 % polyester de haute qualit\u00e9 et extensible dans les quatre sens, ce pantalon offre une coupe confortable et durable, parfaite pour les longues heures pass\u00e9es sur la piste ou dans l&rsquo;\u00e9curie. Sa construction coupe-vent et d\u00e9perlante vous permet de rester au sec et \u00e0 l&rsquo;aise dans n&rsquo;importe quelle condition, ce qui en fait l&rsquo;\u00e9quipement de travail id\u00e9al pour le trot.  <\/p>\n<p><strong>Caract\u00e9ristiques principales :<\/strong><\/p>\n<ul>\n<li>Coupe-vent et d\u00e9perlant : Prot\u00e9gez-vous des \u00e9l\u00e9ments avec une couche ext\u00e9rieure haute performance qui vous garde au sec tout en conservant une bonne respirabilit\u00e9.<\/li>\n<li>Tissu extensible dans les 4 sens : Ce tissu permet une flexibilit\u00e9 et un confort maximum, offrant une coupe sur mesure sans restreindre les mouvements &#8211; parfait pour les activit\u00e9s intenses telles que les courses sous harnais ou le travail en \u00e9curie.<\/li>\n<li>Bretelles \u00e9lastiques : Les bretelles r\u00e9glables offrent un soutien et un confort accrus, mais peuvent \u00eatre facilement retir\u00e9es pour une coupe plus a\u00e9rodynamique.<\/li>\n<li>Conception fonctionnelle : Comprend une braguette zipp\u00e9e avec un dos allong\u00e9, une ceinture \u00e9lastique avec cordon de serrage et des protections contre les \u00e9claboussures au bas des jambes pour une protection suppl\u00e9mentaire en cas d&rsquo;humidit\u00e9. Des bandes \u00e9lastiques d\u00e9tachables permettent de fixer le v\u00eatement autour de vos pieds. <\/li>\n<li>Rangement pratique : Le pantalon comprend deux poches lat\u00e9rales avec rabats et boutons-pression pour ranger en toute s\u00e9curit\u00e9 les objets essentiels \u00e0 l&rsquo;\u00e9curie et l&rsquo;\u00e9quipement du pilote de course au harnais.<\/li>\n<li>Personnalisable : Personnalisez votre pantalon Melbourne avec votre choix de couleurs et des mesures sur mesure pour un ajustement parfait. Contactez-nous pour plus de d\u00e9tails sur les options de personnalisation. <\/li>\n<\/ul>\n<p><strong>En forme :<\/strong><\/p>\n<ul>\n<li>Taille r\u00e9elle. Nous vous recommandons de choisir votre taille habituelle. <\/li>\n<\/ul>\n<p><strong>Composition :<\/strong><\/p>\n<ul>\n<li>Mat\u00e9riau ext\u00e9rieur : 100% Polyester avec 4-way stretch<\/li>\n<li>Doublure en Z avec coutures \u00e9tanches pour la r\u00e9sistance \u00e0 l&rsquo;eau<\/li>\n<li>Doublure en polyester<\/li>\n<\/ul>\n<p>Que vous vous entra\u00eeniez sur la piste de course ou que vous travailliez dans l&rsquo;\u00e9curie, le pantalon Melbourne est con\u00e7u pour durer et \u00eatre confortable. Am\u00e9liorez votre collection de v\u00eatements de course sous harnais avec ce pantalon de course sous harnais, con\u00e7u pour faire face \u00e0 toutes les conditions m\u00e9t\u00e9orologiques sur la piste ou dans l&rsquo;\u00e9curie. <\/p>\n","protected":false},"excerpt":{"rendered":"<p>Le pantalon Melbourne printemps\/automne : Pantalon durable, coupe-vent et d\u00e9perlant pour les courses attel\u00e9es et les activit\u00e9s \u00e9questres Le Melbourne Pants est un compl\u00e9ment indispensable \u00e0 vos v\u00eatements de course sous harnais et d&rsquo;\u00e9quitation, con\u00e7u pour des performances optimales dans des conditions m\u00e9t\u00e9orologiques difficiles. Fabriqu\u00e9 en 100 % polyester de haute qualit\u00e9 et extensible dans [&hellip;]<\/p>\n","protected":false},"featured_media":15650,"comment_status":"closed","ping_status":"closed","template":"","meta":{"_acf_changed":false},"product_brand":[],"product_cat":[438,241],"product_tag":[],"season":[505],"gender":[509,511],"collection":[519],"activity":[559,561],"product_type_brizy":[569],"class_list":{"0":"post-12957","1":"product","2":"type-product","3":"status-publish","4":"has-post-thumbnail","6":"product_cat-outlet","7":"product_cat-trousers","8":"season-spring-fall","9":"gender-men","10":"gender-women","11":"collection-melbourne","12":"activity-stable","13":"activity-training","14":"product_type_brizy-stock-products","16":"first","17":"instock","18":"sale","19":"taxable","20":"shipping-taxable","21":"purchasable","22":"product-type-variable"},"acf":[],"yoast_head":"<!-- This site is optimized with the Yoast SEO plugin v27.4 - https:\/\/yoast.com\/product\/yoast-seo-wordpress\/ -->\n<title>Pantalon Melbourne printemps\/automne | Harness racing clothing | Brizy<\/title>\n<meta name=\"description\" content=\"Melbourne-byxor, qui a \u00e9t\u00e9 con\u00e7u \u00e0 partir d&#039;une mati\u00e8re extensible pour obtenir une forme de passage tr\u00e8s large, mais qui est aussi tr\u00e8s mince et tr\u00e8s large.\" \/>\n<meta name=\"robots\" content=\"index, follow, max-snippet:-1, max-image-preview:large, max-video-preview:-1\" \/>\n<link rel=\"canonical\" href=\"https:\/\/brizyproducts.com\/fr\/product\/pantalon-melbourne-printemps-automne-2\/\" \/>\n<meta property=\"og:locale\" content=\"fr_FR\" \/>\n<meta property=\"og:type\" content=\"article\" \/>\n<meta property=\"og:title\" content=\"Pantalon Melbourne printemps\/automne | Harness racing clothing | Brizy\" \/>\n<meta property=\"og:description\" content=\"Melbourne-byxor, qui a \u00e9t\u00e9 con\u00e7u \u00e0 partir d&#039;une mati\u00e8re extensible pour obtenir une forme de passage tr\u00e8s large, mais qui est aussi tr\u00e8s mince et tr\u00e8s large.\" \/>\n<meta property=\"og:url\" content=\"https:\/\/brizyproducts.com\/fr\/product\/pantalon-melbourne-printemps-automne-2\/\" \/>\n<meta property=\"og:site_name\" content=\"Brizy Products\" \/>\n<meta property=\"article:publisher\" content=\"https:\/\/www.facebook.com\/brizy.1983\/\" \/>\n<meta property=\"og:image\" content=\"https:\/\/brizyproducts.com\/wp-content\/uploads\/2023\/10\/2-10.png\" \/>\n\t<meta property=\"og:image:width\" content=\"3375\" \/>\n\t<meta property=\"og:image:height\" content=\"4500\" \/>\n\t<meta property=\"og:image:type\" content=\"image\/png\" \/>\n<meta name=\"twitter:card\" content=\"summary_large_image\" \/>\n<meta property=\"og:availability\" content=\"instock\" \/>\n<meta property=\"product:availability\" content=\"instock\" \/>\n<meta property=\"product:condition\" content=\"new\" \/>\n<!-- \/ Yoast SEO plugin. -->","yoast_head_json":{"title":"Pantalon Melbourne printemps\/automne | Harness racing clothing | Brizy","description":"Melbourne-byxor, qui a \u00e9t\u00e9 con\u00e7u \u00e0 partir d'une mati\u00e8re extensible pour obtenir une forme de passage tr\u00e8s large, mais qui est aussi tr\u00e8s mince et tr\u00e8s large.","robots":{"index":"index","follow":"follow","max-snippet":"max-snippet:-1","max-image-preview":"max-image-preview:large","max-video-preview":"max-video-preview:-1"},"canonical":"https:\/\/brizyproducts.com\/fr\/product\/pantalon-melbourne-printemps-automne-2\/","og_locale":"fr_FR","og_type":"article","og_title":"Pantalon Melbourne printemps\/automne | Harness racing clothing | Brizy","og_description":"Melbourne-byxor, qui a \u00e9t\u00e9 con\u00e7u \u00e0 partir d'une mati\u00e8re extensible pour obtenir une forme de passage tr\u00e8s large, mais qui est aussi tr\u00e8s mince et tr\u00e8s large.","og_url":"https:\/\/brizyproducts.com\/fr\/product\/pantalon-melbourne-printemps-automne-2\/","og_site_name":"Brizy Products","article_publisher":"https:\/\/www.facebook.com\/brizy.1983\/","og_image":[{"width":3375,"height":4500,"url":"https:\/\/brizyproducts.com\/wp-content\/uploads\/2023\/10\/2-10.png","type":"image\/png"}],"twitter_card":"summary_large_image","schema":{"@context":"https:\/\/schema.org","@graph":[{"@type":"WebPage","@id":"https:\/\/brizyproducts.com\/fr\/product\/pantalon-melbourne-printemps-automne-2\/","url":"https:\/\/brizyproducts.com\/fr\/product\/pantalon-melbourne-printemps-automne-2\/","name":"Pantalon Melbourne printemps\/automne | Harness racing clothing | Brizy","isPartOf":{"@id":"https:\/\/brizyproducts.com\/fr\/#website"},"primaryImageOfPage":{"@id":"https:\/\/brizyproducts.com\/fr\/product\/pantalon-melbourne-printemps-automne-2\/#primaryimage"},"image":{"@id":"https:\/\/brizyproducts.com\/fr\/product\/pantalon-melbourne-printemps-automne-2\/#primaryimage"},"thumbnailUrl":"https:\/\/brizyproducts.com\/wp-content\/uploads\/2023\/10\/2-10.png","datePublished":"2023-10-26T13:58:54+00:00","description":"Melbourne-byxor, qui a \u00e9t\u00e9 con\u00e7u \u00e0 partir d'une mati\u00e8re extensible pour obtenir une forme de passage tr\u00e8s large, mais qui est aussi tr\u00e8s mince et tr\u00e8s large.","breadcrumb":{"@id":"https:\/\/brizyproducts.com\/fr\/product\/pantalon-melbourne-printemps-automne-2\/#breadcrumb"},"inLanguage":"fr-FR","potentialAction":[{"@type":"ReadAction","target":["https:\/\/brizyproducts.com\/fr\/product\/pantalon-melbourne-printemps-automne-2\/"]}]},{"@type":"ImageObject","inLanguage":"fr-FR","@id":"https:\/\/brizyproducts.com\/fr\/product\/pantalon-melbourne-printemps-automne-2\/#primaryimage","url":"https:\/\/brizyproducts.com\/wp-content\/uploads\/2023\/10\/2-10.png","contentUrl":"https:\/\/brizyproducts.com\/wp-content\/uploads\/2023\/10\/2-10.png","width":3375,"height":4500},{"@type":"BreadcrumbList","@id":"https:\/\/brizyproducts.com\/fr\/product\/pantalon-melbourne-printemps-automne-2\/#breadcrumb","itemListElement":[{"@type":"ListItem","position":1,"name":"Hem","item":"https:\/\/brizyproducts.com\/fr\/"},{"@type":"ListItem","position":2,"name":"Shop","item":"https:\/\/brizyproducts.com\/fr\/shop\/"},{"@type":"ListItem","position":3,"name":"Pantalon Melbourne printemps\/automne"}]},{"@type":"WebSite","@id":"https:\/\/brizyproducts.com\/fr\/#website","url":"https:\/\/brizyproducts.com\/fr\/","name":"Brizy","description":"","publisher":{"@id":"https:\/\/brizyproducts.com\/fr\/#organization"},"potentialAction":[{"@type":"SearchAction","target":{"@type":"EntryPoint","urlTemplate":"https:\/\/brizyproducts.com\/fr\/?s={search_term_string}"},"query-input":{"@type":"PropertyValueSpecification","valueRequired":true,"valueName":"search_term_string"}}],"inLanguage":"fr-FR"},{"@type":"Organization","@id":"https:\/\/brizyproducts.com\/fr\/#organization","name":"Brizy","url":"https:\/\/brizyproducts.com\/fr\/","logo":{"@type":"ImageObject","inLanguage":"fr-FR","@id":"https:\/\/brizyproducts.com\/fr\/#\/schema\/logo\/image\/","url":"https:\/\/brizyproducts.com\/wp-content\/uploads\/2023\/12\/Brizy-old.svg","contentUrl":"https:\/\/brizyproducts.com\/wp-content\/uploads\/2023\/12\/Brizy-old.svg","width":1,"height":1,"caption":"Brizy"},"image":{"@id":"https:\/\/brizyproducts.com\/fr\/#\/schema\/logo\/image\/"},"sameAs":["https:\/\/www.facebook.com\/brizy.1983\/","https:\/\/www.linkedin.com\/company\/brizy-produktion\/"]}]},"og_availability":"instock","product_availability":"instock","product_condition":"new"},"_links":{"self":[{"href":"https:\/\/brizyproducts.com\/fr\/wp-json\/wp\/v2\/product\/12957","targetHints":{"allow":["GET"]}}],"collection":[{"href":"https:\/\/brizyproducts.com\/fr\/wp-json\/wp\/v2\/product"}],"about":[{"href":"https:\/\/brizyproducts.com\/fr\/wp-json\/wp\/v2\/types\/product"}],"replies":[{"embeddable":true,"href":"https:\/\/brizyproducts.com\/fr\/wp-json\/wp\/v2\/comments?post=12957"}],"wp:featuredmedia":[{"embeddable":true,"href":"https:\/\/brizyproducts.com\/fr\/wp-json\/wp\/v2\/media\/15650"}],"wp:attachment":[{"href":"https:\/\/brizyproducts.com\/fr\/wp-json\/wp\/v2\/media?parent=12957"}],"wp:term":[{"taxonomy":"product_brand","embeddable":true,"href":"https:\/\/brizyproducts.com\/fr\/wp-json\/wp\/v2\/product_brand?post=12957"},{"taxonomy":"product_cat","embeddable":true,"href":"https:\/\/brizyproducts.com\/fr\/wp-json\/wp\/v2\/product_cat?post=12957"},{"taxonomy":"product_tag","embeddable":true,"href":"https:\/\/brizyproducts.com\/fr\/wp-json\/wp\/v2\/product_tag?post=12957"},{"taxonomy":"season","embeddable":true,"href":"https:\/\/brizyproducts.com\/fr\/wp-json\/wp\/v2\/season?post=12957"},{"taxonomy":"gender","embeddable":true,"href":"https:\/\/brizyproducts.com\/fr\/wp-json\/wp\/v2\/gender?post=12957"},{"taxonomy":"collection","embeddable":true,"href":"https:\/\/brizyproducts.com\/fr\/wp-json\/wp\/v2\/collection?post=12957"},{"taxonomy":"activity","embeddable":true,"href":"https:\/\/brizyproducts.com\/fr\/wp-json\/wp\/v2\/activity?post=12957"},{"taxonomy":"product_type_brizy","embeddable":true,"href":"https:\/\/brizyproducts.com\/fr\/wp-json\/wp\/v2\/product_type_brizy?post=12957"}],"curies":[{"name":"wp","href":"https:\/\/api.w.org\/{rel}","templated":true}]}}