{"id":12812,"date":"2023-10-26T13:58:44","date_gmt":"2023-10-26T13:58:44","guid":{"rendered":"https:\/\/brizyproducts.com\/product\/alaska-roller-neck\/"},"modified":"2025-09-22T08:06:15","modified_gmt":"2025-09-22T08:06:15","slug":"alaska-roller-neck","status":"publish","type":"product","link":"https:\/\/brizyproducts.com\/fr\/product\/alaska-roller-neck\/","title":{"rendered":"Alaska Roller Neck"},"content":{"rendered":"<div class=\"flex-shrink-0 flex flex-col relative items-end\">\n<div class=\"pt-0\">\n<div class=\"gizmo-bot-avatar flex h-8 w-8 items-center justify-center overflow-hidden rounded-full\">\n<h2><strong>Alaska Col Roul\u00e9 \u2013 Sous-v\u00eatement chaud et fonctionnel<\/strong><\/h2>\n<p>Le col roul\u00e9 Alaska est un sous-v\u00eatement chaud et pratique, con\u00e7u pour le travail \u00e0 l\u2019\u00e9curie comme pour la piste. Con\u00e7u pour r\u00e9guler votre temp\u00e9rature corporelle, il vous garde confortable toute la journ\u00e9e, que ce soit lors de journ\u00e9es froides et venteuses \u00e0 conduire les chevaux ou pendant les travaux actifs \u00e0 l\u2019\u00e9curie.<\/p>\n<p>Ce sous-v\u00eatement poss\u00e8de un col haut offrant une protection suppl\u00e9mentaire contre le froid et le vent. Il \u00e9pouse bien le cou pour retenir la chaleur tout en restant flexible et confortable pour l\u2019\u00e9quitation, la conduite ou le travail \u00e0 l\u2019\u00e9curie.<\/p>\n<p>Il a une coupe pr\u00e8s du corps mais flexible, offrant une libert\u00e9 totale de mouvement pour toutes les t\u00e2ches quotidiennes. Ses propri\u00e9t\u00e9s d\u2019\u00e9vacuation de l\u2019humidit\u00e9 vous maintiennent au sec et \u00e0 l\u2019aise, m\u00eame pendant de longues sessions.<\/p>\n<p>Le col roul\u00e9 Alaska est disponible en blanc cass\u00e9 (pas blanc pur). Il taille petit, nous recommandons de prendre une taille au-dessus de votre taille habituelle.<\/p>\n<\/div>\n<\/div>\n<\/div>\n","protected":false},"excerpt":{"rendered":"<p>Sous-v\u00eatement pratique avec col haut et propri\u00e9t\u00e9s thermor\u00e9gulatrices<\/p>\n","protected":false},"featured_media":12833,"comment_status":"closed","ping_status":"closed","template":"","meta":{"_acf_changed":false},"product_brand":[],"product_cat":[438,303],"product_tag":[],"season":[507,505,503],"gender":[509],"collection":[536],"activity":[559,565,561,563],"product_type_brizy":[569],"class_list":{"0":"post-12812","1":"product","2":"type-product","3":"status-publish","4":"has-post-thumbnail","6":"product_cat-outlet","7":"product_cat-underwear","8":"season-rain","9":"season-spring-fall","10":"season-winter","11":"gender-men","12":"collection-alaska","13":"activity-stable","14":"activity-monte","15":"activity-training","16":"activity-trotting","17":"product_type_brizy-stock-products","19":"first","20":"instock","21":"sale","22":"taxable","23":"shipping-taxable","24":"purchasable","25":"product-type-variable"},"acf":[],"yoast_head":"<!-- This site is optimized with the Yoast SEO plugin v27.4 - https:\/\/yoast.com\/product\/yoast-seo-wordpress\/ -->\n<title>Alaska Roller Neck | Sous-v\u00eatement thermor\u00e9gul\u00e9 | Brizy<\/title>\n<meta name=\"description\" content=\"Sous-v\u00eatement blanc cass\u00e9, thermor\u00e9gul\u00e9 et respirant. Vous garde confortable toute la journ\u00e9e pour le trot, l\u2019\u00e9quitation et le travail \u00e0 l\u2019\u00e9curie.\" \/>\n<meta name=\"robots\" content=\"index, follow, max-snippet:-1, max-image-preview:large, max-video-preview:-1\" \/>\n<link rel=\"canonical\" href=\"https:\/\/brizyproducts.com\/fr\/product\/alaska-roller-neck\/\" \/>\n<meta property=\"og:locale\" content=\"fr_FR\" \/>\n<meta property=\"og:type\" content=\"article\" \/>\n<meta property=\"og:title\" content=\"Alaska Roller Neck | Sous-v\u00eatement thermor\u00e9gul\u00e9 | Brizy\" \/>\n<meta property=\"og:description\" content=\"Sous-v\u00eatement blanc cass\u00e9, thermor\u00e9gul\u00e9 et respirant. Vous garde confortable toute la journ\u00e9e pour le trot, l\u2019\u00e9quitation et le travail \u00e0 l\u2019\u00e9curie.\" \/>\n<meta property=\"og:url\" content=\"https:\/\/brizyproducts.com\/fr\/product\/alaska-roller-neck\/\" \/>\n<meta property=\"og:site_name\" content=\"Brizy Products\" \/>\n<meta property=\"article:publisher\" content=\"https:\/\/www.facebook.com\/brizy.1983\/\" \/>\n<meta property=\"article:modified_time\" content=\"2025-09-22T08:06:15+00:00\" \/>\n<meta property=\"og:image\" content=\"https:\/\/brizyproducts.com\/wp-content\/uploads\/2023\/10\/2-21-png.webp\" \/>\n\t<meta property=\"og:image:width\" content=\"3375\" \/>\n\t<meta property=\"og:image:height\" content=\"4500\" \/>\n\t<meta property=\"og:image:type\" content=\"image\/png\" \/>\n<meta name=\"twitter:card\" content=\"summary_large_image\" \/>\n<meta property=\"og:availability\" content=\"instock\" \/>\n<meta property=\"product:availability\" content=\"instock\" \/>\n<meta property=\"product:condition\" content=\"new\" \/>\n<!-- \/ Yoast SEO plugin. -->","yoast_head_json":{"title":"Alaska Roller Neck | Sous-v\u00eatement thermor\u00e9gul\u00e9 | Brizy","description":"Sous-v\u00eatement blanc cass\u00e9, thermor\u00e9gul\u00e9 et respirant. Vous garde confortable toute la journ\u00e9e pour le trot, l\u2019\u00e9quitation et le travail \u00e0 l\u2019\u00e9curie.","robots":{"index":"index","follow":"follow","max-snippet":"max-snippet:-1","max-image-preview":"max-image-preview:large","max-video-preview":"max-video-preview:-1"},"canonical":"https:\/\/brizyproducts.com\/fr\/product\/alaska-roller-neck\/","og_locale":"fr_FR","og_type":"article","og_title":"Alaska Roller Neck | Sous-v\u00eatement thermor\u00e9gul\u00e9 | Brizy","og_description":"Sous-v\u00eatement blanc cass\u00e9, thermor\u00e9gul\u00e9 et respirant. Vous garde confortable toute la journ\u00e9e pour le trot, l\u2019\u00e9quitation et le travail \u00e0 l\u2019\u00e9curie.","og_url":"https:\/\/brizyproducts.com\/fr\/product\/alaska-roller-neck\/","og_site_name":"Brizy Products","article_publisher":"https:\/\/www.facebook.com\/brizy.1983\/","article_modified_time":"2025-09-22T08:06:15+00:00","og_image":[{"width":3375,"height":4500,"url":"https:\/\/brizyproducts.com\/wp-content\/uploads\/2023\/10\/2-21-png.webp","type":"image\/png"}],"twitter_card":"summary_large_image","schema":{"@context":"https:\/\/schema.org","@graph":[{"@type":"WebPage","@id":"https:\/\/brizyproducts.com\/fr\/product\/alaska-roller-neck\/","url":"https:\/\/brizyproducts.com\/fr\/product\/alaska-roller-neck\/","name":"Alaska Roller Neck | Sous-v\u00eatement thermor\u00e9gul\u00e9 | Brizy","isPartOf":{"@id":"https:\/\/brizyproducts.com\/fr\/#website"},"primaryImageOfPage":{"@id":"https:\/\/brizyproducts.com\/fr\/product\/alaska-roller-neck\/#primaryimage"},"image":{"@id":"https:\/\/brizyproducts.com\/fr\/product\/alaska-roller-neck\/#primaryimage"},"thumbnailUrl":"https:\/\/brizyproducts.com\/wp-content\/uploads\/2023\/10\/2-21-png.webp","datePublished":"2023-10-26T13:58:44+00:00","dateModified":"2025-09-22T08:06:15+00:00","description":"Sous-v\u00eatement blanc cass\u00e9, thermor\u00e9gul\u00e9 et respirant. Vous garde confortable toute la journ\u00e9e pour le trot, l\u2019\u00e9quitation et le travail \u00e0 l\u2019\u00e9curie.","breadcrumb":{"@id":"https:\/\/brizyproducts.com\/fr\/product\/alaska-roller-neck\/#breadcrumb"},"inLanguage":"fr-FR","potentialAction":[{"@type":"ReadAction","target":["https:\/\/brizyproducts.com\/fr\/product\/alaska-roller-neck\/"]}]},{"@type":"ImageObject","inLanguage":"fr-FR","@id":"https:\/\/brizyproducts.com\/fr\/product\/alaska-roller-neck\/#primaryimage","url":"https:\/\/brizyproducts.com\/wp-content\/uploads\/2023\/10\/2-21-png.webp","contentUrl":"https:\/\/brizyproducts.com\/wp-content\/uploads\/2023\/10\/2-21-png.webp","width":2560,"height":3413},{"@type":"BreadcrumbList","@id":"https:\/\/brizyproducts.com\/fr\/product\/alaska-roller-neck\/#breadcrumb","itemListElement":[{"@type":"ListItem","position":1,"name":"Hem","item":"https:\/\/brizyproducts.com\/fr\/"},{"@type":"ListItem","position":2,"name":"Shop","item":"https:\/\/brizyproducts.com\/fr\/shop\/"},{"@type":"ListItem","position":3,"name":"Alaska Roller Neck"}]},{"@type":"WebSite","@id":"https:\/\/brizyproducts.com\/fr\/#website","url":"https:\/\/brizyproducts.com\/fr\/","name":"Brizy","description":"","publisher":{"@id":"https:\/\/brizyproducts.com\/fr\/#organization"},"potentialAction":[{"@type":"SearchAction","target":{"@type":"EntryPoint","urlTemplate":"https:\/\/brizyproducts.com\/fr\/?s={search_term_string}"},"query-input":{"@type":"PropertyValueSpecification","valueRequired":true,"valueName":"search_term_string"}}],"inLanguage":"fr-FR"},{"@type":"Organization","@id":"https:\/\/brizyproducts.com\/fr\/#organization","name":"Brizy","url":"https:\/\/brizyproducts.com\/fr\/","logo":{"@type":"ImageObject","inLanguage":"fr-FR","@id":"https:\/\/brizyproducts.com\/fr\/#\/schema\/logo\/image\/","url":"https:\/\/brizyproducts.com\/wp-content\/uploads\/2023\/12\/Brizy-old.svg","contentUrl":"https:\/\/brizyproducts.com\/wp-content\/uploads\/2023\/12\/Brizy-old.svg","width":1,"height":1,"caption":"Brizy"},"image":{"@id":"https:\/\/brizyproducts.com\/fr\/#\/schema\/logo\/image\/"},"sameAs":["https:\/\/www.facebook.com\/brizy.1983\/","https:\/\/www.linkedin.com\/company\/brizy-produktion\/"]}]},"og_availability":"instock","product_availability":"instock","product_condition":"new"},"_links":{"self":[{"href":"https:\/\/brizyproducts.com\/fr\/wp-json\/wp\/v2\/product\/12812","targetHints":{"allow":["GET"]}}],"collection":[{"href":"https:\/\/brizyproducts.com\/fr\/wp-json\/wp\/v2\/product"}],"about":[{"href":"https:\/\/brizyproducts.com\/fr\/wp-json\/wp\/v2\/types\/product"}],"replies":[{"embeddable":true,"href":"https:\/\/brizyproducts.com\/fr\/wp-json\/wp\/v2\/comments?post=12812"}],"wp:featuredmedia":[{"embeddable":true,"href":"https:\/\/brizyproducts.com\/fr\/wp-json\/wp\/v2\/media\/12833"}],"wp:attachment":[{"href":"https:\/\/brizyproducts.com\/fr\/wp-json\/wp\/v2\/media?parent=12812"}],"wp:term":[{"taxonomy":"product_brand","embeddable":true,"href":"https:\/\/brizyproducts.com\/fr\/wp-json\/wp\/v2\/product_brand?post=12812"},{"taxonomy":"product_cat","embeddable":true,"href":"https:\/\/brizyproducts.com\/fr\/wp-json\/wp\/v2\/product_cat?post=12812"},{"taxonomy":"product_tag","embeddable":true,"href":"https:\/\/brizyproducts.com\/fr\/wp-json\/wp\/v2\/product_tag?post=12812"},{"taxonomy":"season","embeddable":true,"href":"https:\/\/brizyproducts.com\/fr\/wp-json\/wp\/v2\/season?post=12812"},{"taxonomy":"gender","embeddable":true,"href":"https:\/\/brizyproducts.com\/fr\/wp-json\/wp\/v2\/gender?post=12812"},{"taxonomy":"collection","embeddable":true,"href":"https:\/\/brizyproducts.com\/fr\/wp-json\/wp\/v2\/collection?post=12812"},{"taxonomy":"activity","embeddable":true,"href":"https:\/\/brizyproducts.com\/fr\/wp-json\/wp\/v2\/activity?post=12812"},{"taxonomy":"product_type_brizy","embeddable":true,"href":"https:\/\/brizyproducts.com\/fr\/wp-json\/wp\/v2\/product_type_brizy?post=12812"}],"curies":[{"name":"wp","href":"https:\/\/api.w.org\/{rel}","templated":true}]}}