{"id":12760,"date":"2023-10-26T13:58:44","date_gmt":"2023-10-26T13:58:44","guid":{"rendered":"https:\/\/brizyproducts.com\/product\/col-roule-alaska-avec-fermeture-a-glissiere\/"},"modified":"2025-09-22T08:06:55","modified_gmt":"2025-09-22T08:06:55","slug":"col-roule-alaska-avec-fermeture-a-glissiere","status":"publish","type":"product","link":"https:\/\/brizyproducts.com\/fr\/product\/col-roule-alaska-avec-fermeture-a-glissiere\/","title":{"rendered":"Col roul\u00e9 Alaska avec fermeture \u00e0 glissi\u00e8re"},"content":{"rendered":"<h2><strong>Col roul\u00e9 Alaska avec fermeture \u00e0 glissi\u00e8re &#8211; Sous-v\u00eatement chaud et fonctionnel<\/strong><\/h2>\n<p>Le col roul\u00e9 Alaska avec fermeture \u00e9clair est un sous-v\u00eatement chaud et pratique, con\u00e7u \u00e0 la fois pour le travail \u00e0 l\u2019\u00e9curie et la piste. Con\u00e7u pour r\u00e9guler la temp\u00e9rature corporelle, il vous garde confortable toute la journ\u00e9e, que ce soit lors de journ\u00e9es froides et venteuses \u00e0 conduire les chevaux ou pendant les travaux actifs \u00e0 l\u2019\u00e9curie.<\/p>\n<p>Le col haut avec fermeture \u00e9clair offre une protection suppl\u00e9mentaire contre le froid et le vent, et peut facilement s\u2019ouvrir pour laisser passer l\u2019air. Cela le rend pratique \u00e0 fermer pendant l\u2019\u00e9quitation ou la conduite, ou \u00e0 ouvrir l\u00e9g\u00e8rement lors du curage des boxes.<\/p>\n<p>Le sous-v\u00eatement a une coupe pr\u00e8s du corps mais flexible, offrant une libert\u00e9 de mouvement totale pour toutes les t\u00e2ches quotidiennes. Ses propri\u00e9t\u00e9s respirantes et d\u2019\u00e9vacuation de l\u2019humidit\u00e9 vous maintiennent au sec et confortable, m\u00eame pendant de longues sessions.<\/p>\n<p>Le col roul\u00e9 Alaska avec fermeture \u00e9clair est disponible en blanc cass\u00e9 (pas blanc pur). Il taille petit, nous recommandons de prendre une taille au-dessus de votre taille habituelle.<\/p>\n","protected":false},"excerpt":{"rendered":"<p>Sous-v\u00eatement pratique avec col haut, fermeture \u00e9clair et propri\u00e9t\u00e9s de r\u00e9gulation de la temp\u00e9rature<\/p>\n","protected":false},"featured_media":12772,"comment_status":"closed","ping_status":"closed","template":"","meta":{"_acf_changed":false},"product_brand":[],"product_cat":[438,303],"product_tag":[],"season":[507,505,503],"gender":[509],"collection":[536],"activity":[559,565,561,563],"product_type_brizy":[569],"class_list":{"0":"post-12760","1":"product","2":"type-product","3":"status-publish","4":"has-post-thumbnail","6":"product_cat-outlet","7":"product_cat-underwear","8":"season-rain","9":"season-spring-fall","10":"season-winter","11":"gender-men","12":"collection-alaska","13":"activity-stable","14":"activity-monte","15":"activity-training","16":"activity-trotting","17":"product_type_brizy-stock-products","19":"first","20":"instock","21":"sale","22":"taxable","23":"shipping-taxable","24":"purchasable","25":"product-type-variable"},"acf":[],"yoast_head":"<!-- This site is optimized with the Yoast SEO plugin v27.4 - https:\/\/yoast.com\/product\/yoast-seo-wordpress\/ -->\n<title>Alaska avec fermeture \u00e9clair | Sous-v\u00eatement thermor\u00e9gul\u00e9 | Brizy<\/title>\n<meta name=\"description\" content=\"Sous-v\u00eatement blanc cass\u00e9, thermor\u00e9gul\u00e9 et respirant. Confortable toute la journ\u00e9e, id\u00e9al pour le trot, l\u2019\u00e9quitation et l\u2019\u00e9curie.\" \/>\n<meta name=\"robots\" content=\"index, follow, max-snippet:-1, max-image-preview:large, max-video-preview:-1\" \/>\n<link rel=\"canonical\" href=\"https:\/\/brizyproducts.com\/fr\/product\/col-roule-alaska-avec-fermeture-a-glissiere\/\" \/>\n<meta property=\"og:locale\" content=\"fr_FR\" \/>\n<meta property=\"og:type\" content=\"article\" \/>\n<meta property=\"og:title\" content=\"Alaska avec fermeture \u00e9clair | Sous-v\u00eatement thermor\u00e9gul\u00e9 | Brizy\" \/>\n<meta property=\"og:description\" content=\"Sous-v\u00eatement blanc cass\u00e9, thermor\u00e9gul\u00e9 et respirant. Confortable toute la journ\u00e9e, id\u00e9al pour le trot, l\u2019\u00e9quitation et l\u2019\u00e9curie.\" \/>\n<meta property=\"og:url\" content=\"https:\/\/brizyproducts.com\/fr\/product\/col-roule-alaska-avec-fermeture-a-glissiere\/\" \/>\n<meta property=\"og:site_name\" content=\"Brizy Products\" \/>\n<meta property=\"article:publisher\" content=\"https:\/\/www.facebook.com\/brizy.1983\/\" \/>\n<meta property=\"article:modified_time\" content=\"2025-09-22T08:06:55+00:00\" \/>\n<meta property=\"og:image\" content=\"https:\/\/brizyproducts.com\/wp-content\/uploads\/2023\/10\/2-20-1650x2200.png\" \/>\n\t<meta property=\"og:image:width\" content=\"1650\" \/>\n\t<meta property=\"og:image:height\" content=\"2200\" \/>\n\t<meta property=\"og:image:type\" content=\"image\/png\" \/>\n<meta name=\"twitter:card\" content=\"summary_large_image\" \/>\n<meta property=\"og:availability\" content=\"instock\" \/>\n<meta property=\"product:availability\" content=\"instock\" \/>\n<meta property=\"product:condition\" content=\"new\" \/>\n<!-- \/ Yoast SEO plugin. -->","yoast_head_json":{"title":"Alaska avec fermeture \u00e9clair | Sous-v\u00eatement thermor\u00e9gul\u00e9 | Brizy","description":"Sous-v\u00eatement blanc cass\u00e9, thermor\u00e9gul\u00e9 et respirant. Confortable toute la journ\u00e9e, id\u00e9al pour le trot, l\u2019\u00e9quitation et l\u2019\u00e9curie.","robots":{"index":"index","follow":"follow","max-snippet":"max-snippet:-1","max-image-preview":"max-image-preview:large","max-video-preview":"max-video-preview:-1"},"canonical":"https:\/\/brizyproducts.com\/fr\/product\/col-roule-alaska-avec-fermeture-a-glissiere\/","og_locale":"fr_FR","og_type":"article","og_title":"Alaska avec fermeture \u00e9clair | Sous-v\u00eatement thermor\u00e9gul\u00e9 | Brizy","og_description":"Sous-v\u00eatement blanc cass\u00e9, thermor\u00e9gul\u00e9 et respirant. Confortable toute la journ\u00e9e, id\u00e9al pour le trot, l\u2019\u00e9quitation et l\u2019\u00e9curie.","og_url":"https:\/\/brizyproducts.com\/fr\/product\/col-roule-alaska-avec-fermeture-a-glissiere\/","og_site_name":"Brizy Products","article_publisher":"https:\/\/www.facebook.com\/brizy.1983\/","article_modified_time":"2025-09-22T08:06:55+00:00","og_image":[{"width":1650,"height":2200,"url":"https:\/\/brizyproducts.com\/wp-content\/uploads\/2023\/10\/2-20-1650x2200.png","type":"image\/png"}],"twitter_card":"summary_large_image","schema":{"@context":"https:\/\/schema.org","@graph":[{"@type":"WebPage","@id":"https:\/\/brizyproducts.com\/fr\/product\/col-roule-alaska-avec-fermeture-a-glissiere\/","url":"https:\/\/brizyproducts.com\/fr\/product\/col-roule-alaska-avec-fermeture-a-glissiere\/","name":"Alaska avec fermeture \u00e9clair | Sous-v\u00eatement thermor\u00e9gul\u00e9 | Brizy","isPartOf":{"@id":"https:\/\/brizyproducts.com\/fr\/#website"},"primaryImageOfPage":{"@id":"https:\/\/brizyproducts.com\/fr\/product\/col-roule-alaska-avec-fermeture-a-glissiere\/#primaryimage"},"image":{"@id":"https:\/\/brizyproducts.com\/fr\/product\/col-roule-alaska-avec-fermeture-a-glissiere\/#primaryimage"},"thumbnailUrl":"https:\/\/brizyproducts.com\/wp-content\/uploads\/2023\/10\/2-20.png","datePublished":"2023-10-26T13:58:44+00:00","dateModified":"2025-09-22T08:06:55+00:00","description":"Sous-v\u00eatement blanc cass\u00e9, thermor\u00e9gul\u00e9 et respirant. Confortable toute la journ\u00e9e, id\u00e9al pour le trot, l\u2019\u00e9quitation et l\u2019\u00e9curie.","breadcrumb":{"@id":"https:\/\/brizyproducts.com\/fr\/product\/col-roule-alaska-avec-fermeture-a-glissiere\/#breadcrumb"},"inLanguage":"fr-FR","potentialAction":[{"@type":"ReadAction","target":["https:\/\/brizyproducts.com\/fr\/product\/col-roule-alaska-avec-fermeture-a-glissiere\/"]}]},{"@type":"ImageObject","inLanguage":"fr-FR","@id":"https:\/\/brizyproducts.com\/fr\/product\/col-roule-alaska-avec-fermeture-a-glissiere\/#primaryimage","url":"https:\/\/brizyproducts.com\/wp-content\/uploads\/2023\/10\/2-20.png","contentUrl":"https:\/\/brizyproducts.com\/wp-content\/uploads\/2023\/10\/2-20.png","width":3375,"height":4500},{"@type":"BreadcrumbList","@id":"https:\/\/brizyproducts.com\/fr\/product\/col-roule-alaska-avec-fermeture-a-glissiere\/#breadcrumb","itemListElement":[{"@type":"ListItem","position":1,"name":"Hem","item":"https:\/\/brizyproducts.com\/fr\/"},{"@type":"ListItem","position":2,"name":"Shop","item":"https:\/\/brizyproducts.com\/fr\/shop\/"},{"@type":"ListItem","position":3,"name":"Col roul\u00e9 Alaska avec fermeture \u00e0 glissi\u00e8re"}]},{"@type":"WebSite","@id":"https:\/\/brizyproducts.com\/fr\/#website","url":"https:\/\/brizyproducts.com\/fr\/","name":"Brizy","description":"","publisher":{"@id":"https:\/\/brizyproducts.com\/fr\/#organization"},"potentialAction":[{"@type":"SearchAction","target":{"@type":"EntryPoint","urlTemplate":"https:\/\/brizyproducts.com\/fr\/?s={search_term_string}"},"query-input":{"@type":"PropertyValueSpecification","valueRequired":true,"valueName":"search_term_string"}}],"inLanguage":"fr-FR"},{"@type":"Organization","@id":"https:\/\/brizyproducts.com\/fr\/#organization","name":"Brizy","url":"https:\/\/brizyproducts.com\/fr\/","logo":{"@type":"ImageObject","inLanguage":"fr-FR","@id":"https:\/\/brizyproducts.com\/fr\/#\/schema\/logo\/image\/","url":"https:\/\/brizyproducts.com\/wp-content\/uploads\/2023\/12\/Brizy-old.svg","contentUrl":"https:\/\/brizyproducts.com\/wp-content\/uploads\/2023\/12\/Brizy-old.svg","width":1,"height":1,"caption":"Brizy"},"image":{"@id":"https:\/\/brizyproducts.com\/fr\/#\/schema\/logo\/image\/"},"sameAs":["https:\/\/www.facebook.com\/brizy.1983\/","https:\/\/www.linkedin.com\/company\/brizy-produktion\/"]}]},"og_availability":"instock","product_availability":"instock","product_condition":"new"},"_links":{"self":[{"href":"https:\/\/brizyproducts.com\/fr\/wp-json\/wp\/v2\/product\/12760","targetHints":{"allow":["GET"]}}],"collection":[{"href":"https:\/\/brizyproducts.com\/fr\/wp-json\/wp\/v2\/product"}],"about":[{"href":"https:\/\/brizyproducts.com\/fr\/wp-json\/wp\/v2\/types\/product"}],"replies":[{"embeddable":true,"href":"https:\/\/brizyproducts.com\/fr\/wp-json\/wp\/v2\/comments?post=12760"}],"wp:featuredmedia":[{"embeddable":true,"href":"https:\/\/brizyproducts.com\/fr\/wp-json\/wp\/v2\/media\/12772"}],"wp:attachment":[{"href":"https:\/\/brizyproducts.com\/fr\/wp-json\/wp\/v2\/media?parent=12760"}],"wp:term":[{"taxonomy":"product_brand","embeddable":true,"href":"https:\/\/brizyproducts.com\/fr\/wp-json\/wp\/v2\/product_brand?post=12760"},{"taxonomy":"product_cat","embeddable":true,"href":"https:\/\/brizyproducts.com\/fr\/wp-json\/wp\/v2\/product_cat?post=12760"},{"taxonomy":"product_tag","embeddable":true,"href":"https:\/\/brizyproducts.com\/fr\/wp-json\/wp\/v2\/product_tag?post=12760"},{"taxonomy":"season","embeddable":true,"href":"https:\/\/brizyproducts.com\/fr\/wp-json\/wp\/v2\/season?post=12760"},{"taxonomy":"gender","embeddable":true,"href":"https:\/\/brizyproducts.com\/fr\/wp-json\/wp\/v2\/gender?post=12760"},{"taxonomy":"collection","embeddable":true,"href":"https:\/\/brizyproducts.com\/fr\/wp-json\/wp\/v2\/collection?post=12760"},{"taxonomy":"activity","embeddable":true,"href":"https:\/\/brizyproducts.com\/fr\/wp-json\/wp\/v2\/activity?post=12760"},{"taxonomy":"product_type_brizy","embeddable":true,"href":"https:\/\/brizyproducts.com\/fr\/wp-json\/wp\/v2\/product_type_brizy?post=12760"}],"curies":[{"name":"wp","href":"https:\/\/api.w.org\/{rel}","templated":true}]}}