{"id":12698,"date":"2023-11-16T13:50:46","date_gmt":"2023-11-16T13:50:46","guid":{"rendered":"https:\/\/brizyproducts.com\/product\/pantalon-sydney-2\/"},"modified":"2023-11-16T13:50:46","modified_gmt":"2023-11-16T13:50:46","slug":"pantalon-sydney-2","status":"publish","type":"product","link":"https:\/\/brizyproducts.com\/fr\/product\/pantalon-sydney-2\/","title":{"rendered":"Pantalon Sydney"},"content":{"rendered":"<p>D\u00e9couvrez le pantalon Sydney : L\u00e9ger, durable et parfait pour les sports \u00e9questres ! D\u00e9couvrez le summum du confort et de la flexibilit\u00e9 avec notre pantalon Sydney, fabriqu\u00e9 dans une mati\u00e8re extensible dans les quatre sens de haute qualit\u00e9. Ce pantalon l\u00e9ger et durable est con\u00e7u pour suivre votre style de vie actif, que vous travailliez \u00e0 l&rsquo;\u00e9curie ou que vous soyez constamment en d\u00e9placement pour des courses d&rsquo;attelage et des s\u00e9ances d&rsquo;entra\u00eenement. Caract\u00e9ristiques :<\/p>\n<ul>\n<li>Taille \u00e9lastique et braguette zipp\u00e9e.<\/li>\n<li>Deux poches lat\u00e9rales zipp\u00e9es.<\/li>\n<li>Ajustement par velcro aux extr\u00e9mit\u00e9s des jambes, protection interne contre les \u00e9claboussures et anneau en D avec clips \u00e9lastiques.<\/li>\n<\/ul>\n<p>En forme :<\/p>\n<ul>\n<li>Coupe r\u00e9guli\u00e8re, l\u00e9g\u00e8rement ajust\u00e9e dans sa taille.<\/li>\n<\/ul>\n<p>Composition :<\/p>\n<ul>\n<li>Mat\u00e9riau ext\u00e9rieur : 100% Polyester avec 4-way stretch.<\/li>\n<li>Doublure en polyester.<\/li>\n<\/ul>\n<p>Personnalisation possible :<\/p>\n<ul>\n<li>Bien entendu, vous pouvez \u00e9galement commander ce pantalon personnalis\u00e9, dans les couleurs de votre choix, adapt\u00e9 \u00e0 vos mesures et \u00e0 votre design. Ou si vous souhaitez ajouter le logo de votre \u00e9quipe ou de votre sponsor pour une touche personnalis\u00e9e, veuillez nous contacter directement pour plus de d\u00e9tails. <\/li>\n<\/ul>\n<p>Am\u00e9liorez votre garde-robe \u00e9questre avec le pantalon Sydney, qui allie confort, durabilit\u00e9 et style pour r\u00e9pondre \u00e0 tous vos besoins.<\/p>\n","protected":false},"excerpt":{"rendered":"<p>D\u00e9couvrez le pantalon Sydney : L\u00e9ger, durable et parfait pour les sports \u00e9questres ! D\u00e9couvrez le summum du confort et de la flexibilit\u00e9 avec notre pantalon Sydney, fabriqu\u00e9 dans une mati\u00e8re extensible dans les quatre sens de haute qualit\u00e9. Ce pantalon l\u00e9ger et durable est con\u00e7u pour suivre votre style de vie actif, que vous [&hellip;]<\/p>\n","protected":false},"featured_media":12713,"comment_status":"closed","ping_status":"closed","template":"","meta":{"_acf_changed":false},"product_brand":[],"product_cat":[438,241],"product_tag":[],"season":[501],"gender":[509],"collection":[521],"activity":[559,561],"product_type_brizy":[569],"class_list":{"0":"post-12698","1":"product","2":"type-product","3":"status-publish","4":"has-post-thumbnail","6":"product_cat-outlet","7":"product_cat-trousers","8":"season-summer","9":"gender-men","10":"collection-sydney","11":"activity-stable","12":"activity-training","13":"product_type_brizy-stock-products","15":"first","16":"instock","17":"sale","18":"taxable","19":"shipping-taxable","20":"purchasable","21":"product-type-variable"},"acf":[],"yoast_head":"<!-- This site is optimized with the Yoast SEO plugin v27.4 - https:\/\/yoast.com\/product\/yoast-seo-wordpress\/ -->\n<title>Pantalon Sydney | Harness racing clothing | Brizy<\/title>\n<meta name=\"description\" content=\"D\u00e9couvrez le pantalon Sydney : L\u00e9ger, durable et parfait pour les sports \u00e9questres ! D\u00e9couvrez le summum du confort et de la flexibilit\u00e9 avec notre\" \/>\n<meta name=\"robots\" content=\"index, follow, max-snippet:-1, max-image-preview:large, max-video-preview:-1\" \/>\n<link rel=\"canonical\" href=\"https:\/\/brizyproducts.com\/fr\/product\/pantalon-sydney-2\/\" \/>\n<meta property=\"og:locale\" content=\"fr_FR\" \/>\n<meta property=\"og:type\" content=\"article\" \/>\n<meta property=\"og:title\" content=\"Pantalon Sydney | Harness racing clothing | Brizy\" \/>\n<meta property=\"og:description\" content=\"D\u00e9couvrez le pantalon Sydney : L\u00e9ger, durable et parfait pour les sports \u00e9questres ! D\u00e9couvrez le summum du confort et de la flexibilit\u00e9 avec notre\" \/>\n<meta property=\"og:url\" content=\"https:\/\/brizyproducts.com\/fr\/product\/pantalon-sydney-2\/\" \/>\n<meta property=\"og:site_name\" content=\"Brizy Products\" \/>\n<meta property=\"article:publisher\" content=\"https:\/\/www.facebook.com\/brizy.1983\/\" \/>\n<meta property=\"og:image\" content=\"https:\/\/brizyproducts.com\/wp-content\/uploads\/2023\/11\/P2-1650x2200.png\" \/>\n\t<meta property=\"og:image:width\" content=\"1650\" \/>\n\t<meta property=\"og:image:height\" content=\"2200\" \/>\n\t<meta property=\"og:image:type\" content=\"image\/png\" \/>\n<meta name=\"twitter:card\" content=\"summary_large_image\" \/>\n<meta property=\"og:availability\" content=\"instock\" \/>\n<meta property=\"product:availability\" content=\"instock\" \/>\n<meta property=\"product:condition\" content=\"new\" \/>\n<!-- \/ Yoast SEO plugin. -->","yoast_head_json":{"title":"Pantalon Sydney | Harness racing clothing | Brizy","description":"D\u00e9couvrez le pantalon Sydney : L\u00e9ger, durable et parfait pour les sports \u00e9questres ! D\u00e9couvrez le summum du confort et de la flexibilit\u00e9 avec notre","robots":{"index":"index","follow":"follow","max-snippet":"max-snippet:-1","max-image-preview":"max-image-preview:large","max-video-preview":"max-video-preview:-1"},"canonical":"https:\/\/brizyproducts.com\/fr\/product\/pantalon-sydney-2\/","og_locale":"fr_FR","og_type":"article","og_title":"Pantalon Sydney | Harness racing clothing | Brizy","og_description":"D\u00e9couvrez le pantalon Sydney : L\u00e9ger, durable et parfait pour les sports \u00e9questres ! D\u00e9couvrez le summum du confort et de la flexibilit\u00e9 avec notre","og_url":"https:\/\/brizyproducts.com\/fr\/product\/pantalon-sydney-2\/","og_site_name":"Brizy Products","article_publisher":"https:\/\/www.facebook.com\/brizy.1983\/","og_image":[{"width":1650,"height":2200,"url":"https:\/\/brizyproducts.com\/wp-content\/uploads\/2023\/11\/P2-1650x2200.png","type":"image\/png"}],"twitter_card":"summary_large_image","schema":{"@context":"https:\/\/schema.org","@graph":[{"@type":"WebPage","@id":"https:\/\/brizyproducts.com\/fr\/product\/pantalon-sydney-2\/","url":"https:\/\/brizyproducts.com\/fr\/product\/pantalon-sydney-2\/","name":"Pantalon Sydney | Harness racing clothing | Brizy","isPartOf":{"@id":"https:\/\/brizyproducts.com\/fr\/#website"},"primaryImageOfPage":{"@id":"https:\/\/brizyproducts.com\/fr\/product\/pantalon-sydney-2\/#primaryimage"},"image":{"@id":"https:\/\/brizyproducts.com\/fr\/product\/pantalon-sydney-2\/#primaryimage"},"thumbnailUrl":"https:\/\/brizyproducts.com\/wp-content\/uploads\/2023\/11\/P2.png","datePublished":"2023-11-16T13:50:46+00:00","description":"D\u00e9couvrez le pantalon Sydney : L\u00e9ger, durable et parfait pour les sports \u00e9questres ! D\u00e9couvrez le summum du confort et de la flexibilit\u00e9 avec notre","breadcrumb":{"@id":"https:\/\/brizyproducts.com\/fr\/product\/pantalon-sydney-2\/#breadcrumb"},"inLanguage":"fr-FR","potentialAction":[{"@type":"ReadAction","target":["https:\/\/brizyproducts.com\/fr\/product\/pantalon-sydney-2\/"]}]},{"@type":"ImageObject","inLanguage":"fr-FR","@id":"https:\/\/brizyproducts.com\/fr\/product\/pantalon-sydney-2\/#primaryimage","url":"https:\/\/brizyproducts.com\/wp-content\/uploads\/2023\/11\/P2.png","contentUrl":"https:\/\/brizyproducts.com\/wp-content\/uploads\/2023\/11\/P2.png","width":3375,"height":4500},{"@type":"BreadcrumbList","@id":"https:\/\/brizyproducts.com\/fr\/product\/pantalon-sydney-2\/#breadcrumb","itemListElement":[{"@type":"ListItem","position":1,"name":"Hem","item":"https:\/\/brizyproducts.com\/fr\/"},{"@type":"ListItem","position":2,"name":"Shop","item":"https:\/\/brizyproducts.com\/fr\/shop\/"},{"@type":"ListItem","position":3,"name":"Pantalon Sydney"}]},{"@type":"WebSite","@id":"https:\/\/brizyproducts.com\/fr\/#website","url":"https:\/\/brizyproducts.com\/fr\/","name":"Brizy","description":"","publisher":{"@id":"https:\/\/brizyproducts.com\/fr\/#organization"},"potentialAction":[{"@type":"SearchAction","target":{"@type":"EntryPoint","urlTemplate":"https:\/\/brizyproducts.com\/fr\/?s={search_term_string}"},"query-input":{"@type":"PropertyValueSpecification","valueRequired":true,"valueName":"search_term_string"}}],"inLanguage":"fr-FR"},{"@type":"Organization","@id":"https:\/\/brizyproducts.com\/fr\/#organization","name":"Brizy","url":"https:\/\/brizyproducts.com\/fr\/","logo":{"@type":"ImageObject","inLanguage":"fr-FR","@id":"https:\/\/brizyproducts.com\/fr\/#\/schema\/logo\/image\/","url":"https:\/\/brizyproducts.com\/wp-content\/uploads\/2023\/12\/Brizy-old.svg","contentUrl":"https:\/\/brizyproducts.com\/wp-content\/uploads\/2023\/12\/Brizy-old.svg","width":1,"height":1,"caption":"Brizy"},"image":{"@id":"https:\/\/brizyproducts.com\/fr\/#\/schema\/logo\/image\/"},"sameAs":["https:\/\/www.facebook.com\/brizy.1983\/","https:\/\/www.linkedin.com\/company\/brizy-produktion\/"]}]},"og_availability":"instock","product_availability":"instock","product_condition":"new"},"_links":{"self":[{"href":"https:\/\/brizyproducts.com\/fr\/wp-json\/wp\/v2\/product\/12698","targetHints":{"allow":["GET"]}}],"collection":[{"href":"https:\/\/brizyproducts.com\/fr\/wp-json\/wp\/v2\/product"}],"about":[{"href":"https:\/\/brizyproducts.com\/fr\/wp-json\/wp\/v2\/types\/product"}],"replies":[{"embeddable":true,"href":"https:\/\/brizyproducts.com\/fr\/wp-json\/wp\/v2\/comments?post=12698"}],"wp:featuredmedia":[{"embeddable":true,"href":"https:\/\/brizyproducts.com\/fr\/wp-json\/wp\/v2\/media\/12713"}],"wp:attachment":[{"href":"https:\/\/brizyproducts.com\/fr\/wp-json\/wp\/v2\/media?parent=12698"}],"wp:term":[{"taxonomy":"product_brand","embeddable":true,"href":"https:\/\/brizyproducts.com\/fr\/wp-json\/wp\/v2\/product_brand?post=12698"},{"taxonomy":"product_cat","embeddable":true,"href":"https:\/\/brizyproducts.com\/fr\/wp-json\/wp\/v2\/product_cat?post=12698"},{"taxonomy":"product_tag","embeddable":true,"href":"https:\/\/brizyproducts.com\/fr\/wp-json\/wp\/v2\/product_tag?post=12698"},{"taxonomy":"season","embeddable":true,"href":"https:\/\/brizyproducts.com\/fr\/wp-json\/wp\/v2\/season?post=12698"},{"taxonomy":"gender","embeddable":true,"href":"https:\/\/brizyproducts.com\/fr\/wp-json\/wp\/v2\/gender?post=12698"},{"taxonomy":"collection","embeddable":true,"href":"https:\/\/brizyproducts.com\/fr\/wp-json\/wp\/v2\/collection?post=12698"},{"taxonomy":"activity","embeddable":true,"href":"https:\/\/brizyproducts.com\/fr\/wp-json\/wp\/v2\/activity?post=12698"},{"taxonomy":"product_type_brizy","embeddable":true,"href":"https:\/\/brizyproducts.com\/fr\/wp-json\/wp\/v2\/product_type_brizy?post=12698"}],"curies":[{"name":"wp","href":"https:\/\/api.w.org\/{rel}","templated":true}]}}