{"id":12674,"date":"2023-11-16T11:13:24","date_gmt":"2023-11-16T11:13:24","guid":{"rendered":"https:\/\/brizyproducts.com\/product\/veste-sydney\/"},"modified":"2025-09-28T03:53:44","modified_gmt":"2025-09-28T03:53:44","slug":"veste-sydney","status":"publish","type":"product","link":"https:\/\/brizyproducts.com\/fr\/product\/veste-sydney\/","title":{"rendered":"Veste Sydney"},"content":{"rendered":"<p><strong>D\u00e9couvrez la veste Sydney : L\u00e9g\u00e8re et durable, votre compagnon id\u00e9al pour les sports \u00e9questres.<\/strong><\/p>\n<p>Fabriqu\u00e9e dans une mati\u00e8re extensible dans les 4 sens, la veste Sydney offre un confort incroyable pour toutes les activit\u00e9s. Id\u00e9ale pour le travail \u00e0 l&rsquo;\u00e9curie, les s\u00e9ances d&rsquo;entra\u00eenement \u00e0 l&rsquo;attelage ou les courses d&rsquo;attelage, cette veste est con\u00e7ue pour r\u00e9pondre \u00e0 vos exigences. <\/p>\n<p><strong>Caract\u00e9ristiques :<\/strong><\/p>\n<ul>\n<li>Cordon de serrage \u00e9lastique \u00e0 la base avec r\u00e9glage d&rsquo;une seule main<\/li>\n<li>Deux poches lat\u00e9rales zipp\u00e9es<\/li>\n<li>Deux poches zipp\u00e9es sur la poitrine.<\/li>\n<li>Poche int\u00e9rieure avec fermeture \u00e0 glissi\u00e8re<\/li>\n<\/ul>\n<p><strong>En forme :<\/strong><\/p>\n<ul>\n<li>Coupe r\u00e9guli\u00e8re et la veste est fid\u00e8le \u00e0 la taille.<\/li>\n<\/ul>\n<p><strong>Composition :<\/strong><\/p>\n<ul>\n<li>Mati\u00e8re ext\u00e9rieure 100% Polyester avec 4-way stretch<\/li>\n<li>Doublure en polyester<\/li>\n<\/ul>\n<p><strong>Personnalisation possible :<\/strong><\/p>\n<ul>\n<li>Ajoutez le logo de votre \u00e9quipe ou de votre sponsor pour une touche personnalis\u00e9e. Contactez-nous pour plus de d\u00e9tails. <\/li>\n<li><a href=\"https:\/\/brizyproducts.com\/fr\/produit\/sydney-special-summer-jacket\/?currency=SEK\">Cliquez ici pour plus d&rsquo;informations sur la fabrication d&rsquo;une veste Sydney enti\u00e8rement personnalis\u00e9e avec votre dessin, vos couleurs et vos mesures.<\/a><\/li>\n<\/ul>\n","protected":false},"excerpt":{"rendered":"<p>D\u00e9couvrez la veste Sydney : L\u00e9g\u00e8re et durable, votre compagnon id\u00e9al pour les sports \u00e9questres. Fabriqu\u00e9e dans une mati\u00e8re extensible dans les 4 sens, la veste Sydney offre un confort incroyable pour toutes les activit\u00e9s. Id\u00e9ale pour le travail \u00e0 l&rsquo;\u00e9curie, les s\u00e9ances d&rsquo;entra\u00eenement \u00e0 l&rsquo;attelage ou les courses d&rsquo;attelage, cette veste est con\u00e7ue pour [&hellip;]<\/p>\n","protected":false},"featured_media":12690,"comment_status":"closed","ping_status":"closed","template":"","meta":{"_acf_changed":false},"product_brand":[],"product_cat":[273,438],"product_tag":[],"season":[501],"gender":[509],"collection":[521],"activity":[559,561],"product_type_brizy":[569],"class_list":{"0":"post-12674","1":"product","2":"type-product","3":"status-publish","4":"has-post-thumbnail","6":"product_cat-jackets","7":"product_cat-outlet","8":"season-summer","9":"gender-men","10":"collection-sydney","11":"activity-stable","12":"activity-training","13":"product_type_brizy-stock-products","15":"first","16":"instock","17":"sale","18":"taxable","19":"shipping-taxable","20":"purchasable","21":"product-type-variable"},"acf":[],"yoast_head":"<!-- This site is optimized with the Yoast SEO plugin v27.4 - https:\/\/yoast.com\/product\/yoast-seo-wordpress\/ -->\n<title>Veste Sydney | Harness racing clothing | Brizy<\/title>\n<meta name=\"description\" content=\"D\u00e9couvrez la veste Sydney : L\u00e9g\u00e8re et durable, votre compagnon id\u00e9al pour les sports \u00e9questres. Fabriqu\u00e9e dans une mati\u00e8re extensible dans les 4 sens, la\" \/>\n<meta name=\"robots\" content=\"index, follow, max-snippet:-1, max-image-preview:large, max-video-preview:-1\" \/>\n<link rel=\"canonical\" href=\"https:\/\/brizyproducts.com\/fr\/product\/veste-sydney\/\" \/>\n<meta property=\"og:locale\" content=\"fr_FR\" \/>\n<meta property=\"og:type\" content=\"article\" \/>\n<meta property=\"og:title\" content=\"Veste Sydney | Harness racing clothing | Brizy\" \/>\n<meta property=\"og:description\" content=\"D\u00e9couvrez la veste Sydney : L\u00e9g\u00e8re et durable, votre compagnon id\u00e9al pour les sports \u00e9questres. Fabriqu\u00e9e dans une mati\u00e8re extensible dans les 4 sens, la\" \/>\n<meta property=\"og:url\" content=\"https:\/\/brizyproducts.com\/fr\/product\/veste-sydney\/\" \/>\n<meta property=\"og:site_name\" content=\"Brizy Products\" \/>\n<meta property=\"article:publisher\" content=\"https:\/\/www.facebook.com\/brizy.1983\/\" \/>\n<meta property=\"article:modified_time\" content=\"2025-09-28T03:53:44+00:00\" \/>\n<meta property=\"og:image\" content=\"https:\/\/brizyproducts.com\/wp-content\/uploads\/2023\/11\/J2-1-1650x2200.png\" \/>\n\t<meta property=\"og:image:width\" content=\"1650\" \/>\n\t<meta property=\"og:image:height\" content=\"2200\" \/>\n\t<meta property=\"og:image:type\" content=\"image\/png\" \/>\n<meta name=\"twitter:card\" content=\"summary_large_image\" \/>\n<meta property=\"og:availability\" content=\"instock\" \/>\n<meta property=\"product:availability\" content=\"instock\" \/>\n<meta property=\"product:condition\" content=\"new\" \/>\n<!-- \/ Yoast SEO plugin. -->","yoast_head_json":{"title":"Veste Sydney | Harness racing clothing | Brizy","description":"D\u00e9couvrez la veste Sydney : L\u00e9g\u00e8re et durable, votre compagnon id\u00e9al pour les sports \u00e9questres. Fabriqu\u00e9e dans une mati\u00e8re extensible dans les 4 sens, la","robots":{"index":"index","follow":"follow","max-snippet":"max-snippet:-1","max-image-preview":"max-image-preview:large","max-video-preview":"max-video-preview:-1"},"canonical":"https:\/\/brizyproducts.com\/fr\/product\/veste-sydney\/","og_locale":"fr_FR","og_type":"article","og_title":"Veste Sydney | Harness racing clothing | Brizy","og_description":"D\u00e9couvrez la veste Sydney : L\u00e9g\u00e8re et durable, votre compagnon id\u00e9al pour les sports \u00e9questres. Fabriqu\u00e9e dans une mati\u00e8re extensible dans les 4 sens, la","og_url":"https:\/\/brizyproducts.com\/fr\/product\/veste-sydney\/","og_site_name":"Brizy Products","article_publisher":"https:\/\/www.facebook.com\/brizy.1983\/","article_modified_time":"2025-09-28T03:53:44+00:00","og_image":[{"width":1650,"height":2200,"url":"https:\/\/brizyproducts.com\/wp-content\/uploads\/2023\/11\/J2-1-1650x2200.png","type":"image\/png"}],"twitter_card":"summary_large_image","schema":{"@context":"https:\/\/schema.org","@graph":[{"@type":"WebPage","@id":"https:\/\/brizyproducts.com\/fr\/product\/veste-sydney\/","url":"https:\/\/brizyproducts.com\/fr\/product\/veste-sydney\/","name":"Veste Sydney | Harness racing clothing | Brizy","isPartOf":{"@id":"https:\/\/brizyproducts.com\/fr\/#website"},"primaryImageOfPage":{"@id":"https:\/\/brizyproducts.com\/fr\/product\/veste-sydney\/#primaryimage"},"image":{"@id":"https:\/\/brizyproducts.com\/fr\/product\/veste-sydney\/#primaryimage"},"thumbnailUrl":"https:\/\/brizyproducts.com\/wp-content\/uploads\/2023\/11\/J2-1.png","datePublished":"2023-11-16T11:13:24+00:00","dateModified":"2025-09-28T03:53:44+00:00","description":"D\u00e9couvrez la veste Sydney : L\u00e9g\u00e8re et durable, votre compagnon id\u00e9al pour les sports \u00e9questres. Fabriqu\u00e9e dans une mati\u00e8re extensible dans les 4 sens, la","breadcrumb":{"@id":"https:\/\/brizyproducts.com\/fr\/product\/veste-sydney\/#breadcrumb"},"inLanguage":"fr-FR","potentialAction":[{"@type":"ReadAction","target":["https:\/\/brizyproducts.com\/fr\/product\/veste-sydney\/"]}]},{"@type":"ImageObject","inLanguage":"fr-FR","@id":"https:\/\/brizyproducts.com\/fr\/product\/veste-sydney\/#primaryimage","url":"https:\/\/brizyproducts.com\/wp-content\/uploads\/2023\/11\/J2-1.png","contentUrl":"https:\/\/brizyproducts.com\/wp-content\/uploads\/2023\/11\/J2-1.png","width":3375,"height":4500},{"@type":"BreadcrumbList","@id":"https:\/\/brizyproducts.com\/fr\/product\/veste-sydney\/#breadcrumb","itemListElement":[{"@type":"ListItem","position":1,"name":"Hem","item":"https:\/\/brizyproducts.com\/fr\/"},{"@type":"ListItem","position":2,"name":"Shop","item":"https:\/\/brizyproducts.com\/fr\/shop\/"},{"@type":"ListItem","position":3,"name":"Veste Sydney"}]},{"@type":"WebSite","@id":"https:\/\/brizyproducts.com\/fr\/#website","url":"https:\/\/brizyproducts.com\/fr\/","name":"Brizy","description":"","publisher":{"@id":"https:\/\/brizyproducts.com\/fr\/#organization"},"potentialAction":[{"@type":"SearchAction","target":{"@type":"EntryPoint","urlTemplate":"https:\/\/brizyproducts.com\/fr\/?s={search_term_string}"},"query-input":{"@type":"PropertyValueSpecification","valueRequired":true,"valueName":"search_term_string"}}],"inLanguage":"fr-FR"},{"@type":"Organization","@id":"https:\/\/brizyproducts.com\/fr\/#organization","name":"Brizy","url":"https:\/\/brizyproducts.com\/fr\/","logo":{"@type":"ImageObject","inLanguage":"fr-FR","@id":"https:\/\/brizyproducts.com\/fr\/#\/schema\/logo\/image\/","url":"https:\/\/brizyproducts.com\/wp-content\/uploads\/2023\/12\/Brizy-old.svg","contentUrl":"https:\/\/brizyproducts.com\/wp-content\/uploads\/2023\/12\/Brizy-old.svg","width":1,"height":1,"caption":"Brizy"},"image":{"@id":"https:\/\/brizyproducts.com\/fr\/#\/schema\/logo\/image\/"},"sameAs":["https:\/\/www.facebook.com\/brizy.1983\/","https:\/\/www.linkedin.com\/company\/brizy-produktion\/"]}]},"og_availability":"instock","product_availability":"instock","product_condition":"new"},"_links":{"self":[{"href":"https:\/\/brizyproducts.com\/fr\/wp-json\/wp\/v2\/product\/12674","targetHints":{"allow":["GET"]}}],"collection":[{"href":"https:\/\/brizyproducts.com\/fr\/wp-json\/wp\/v2\/product"}],"about":[{"href":"https:\/\/brizyproducts.com\/fr\/wp-json\/wp\/v2\/types\/product"}],"replies":[{"embeddable":true,"href":"https:\/\/brizyproducts.com\/fr\/wp-json\/wp\/v2\/comments?post=12674"}],"wp:featuredmedia":[{"embeddable":true,"href":"https:\/\/brizyproducts.com\/fr\/wp-json\/wp\/v2\/media\/12690"}],"wp:attachment":[{"href":"https:\/\/brizyproducts.com\/fr\/wp-json\/wp\/v2\/media?parent=12674"}],"wp:term":[{"taxonomy":"product_brand","embeddable":true,"href":"https:\/\/brizyproducts.com\/fr\/wp-json\/wp\/v2\/product_brand?post=12674"},{"taxonomy":"product_cat","embeddable":true,"href":"https:\/\/brizyproducts.com\/fr\/wp-json\/wp\/v2\/product_cat?post=12674"},{"taxonomy":"product_tag","embeddable":true,"href":"https:\/\/brizyproducts.com\/fr\/wp-json\/wp\/v2\/product_tag?post=12674"},{"taxonomy":"season","embeddable":true,"href":"https:\/\/brizyproducts.com\/fr\/wp-json\/wp\/v2\/season?post=12674"},{"taxonomy":"gender","embeddable":true,"href":"https:\/\/brizyproducts.com\/fr\/wp-json\/wp\/v2\/gender?post=12674"},{"taxonomy":"collection","embeddable":true,"href":"https:\/\/brizyproducts.com\/fr\/wp-json\/wp\/v2\/collection?post=12674"},{"taxonomy":"activity","embeddable":true,"href":"https:\/\/brizyproducts.com\/fr\/wp-json\/wp\/v2\/activity?post=12674"},{"taxonomy":"product_type_brizy","embeddable":true,"href":"https:\/\/brizyproducts.com\/fr\/wp-json\/wp\/v2\/product_type_brizy?post=12674"}],"curies":[{"name":"wp","href":"https:\/\/api.w.org\/{rel}","templated":true}]}}