{"id":12469,"date":"2023-12-22T16:35:26","date_gmt":"2023-12-22T16:35:26","guid":{"rendered":"https:\/\/brizyproducts.com\/product\/napoli-summer\/"},"modified":"2026-02-24T09:49:48","modified_gmt":"2026-02-24T09:49:48","slug":"napoli-summer","status":"publish","type":"product","link":"https:\/\/brizyproducts.com\/fr\/product\/napoli-summer\/","title":{"rendered":"Combinaison d\u2019\u00e9t\u00e9 Napoli"},"content":{"rendered":"<h2><strong>La tenue d\u2019entra\u00eenement id\u00e9ale pour les journ\u00e9es chaudes d\u2019\u00e9t\u00e9.<\/strong><\/h2>\n<p>Cette combinaison d\u2019\u00e9t\u00e9 est con\u00e7ue pour les drivers, les entra\u00eeneurs et le personnel d\u2019\u00e9curie, afin d\u2019offrir un maximum de confort pendant les entra\u00eenements par forte chaleur. Gr\u00e2ce \u00e0 des mat\u00e9riaux soigneusement s\u00e9lectionn\u00e9s et tr\u00e8s respirants, elle vous garde au frais sans faire de compromis sur la solidit\u00e9 ni la fonctionnalit\u00e9.<\/p>\n<p>Choisissez vos propres couleurs et votre design pour l\u2019assortir \u00e0 votre tenue de course ou aux couleurs de votre \u00e9curie. La combinaison d\u2019\u00e9t\u00e9 Napoli est r\u00e9alis\u00e9e sur mesure pour un ajustement optimal et fabriqu\u00e9e avec des mat\u00e9riaux qui font vraiment la diff\u00e9rence.<\/p>\n","protected":false},"excerpt":{"rendered":"<p>Votre combinaison d\u2019entra\u00eenement sur mesure et personnalis\u00e9e, avec un ajustement parfait et un confort maximal \u2013 id\u00e9ale pour l\u2019\u00e9t\u00e9.<\/p>\n","protected":false},"featured_media":12470,"comment_status":"closed","ping_status":"closed","template":"","meta":{"_acf_changed":false},"product_brand":[],"product_cat":[331,240,447,262],"product_tag":[],"season":[501],"gender":[509,511],"collection":[517],"activity":[561],"product_type_brizy":[567],"class_list":{"0":"post-12469","1":"product","2":"type-product","3":"status-publish","4":"has-post-thumbnail","6":"product_cat-one-pieces","7":"product_cat-mens","8":"product_cat-tailor-made-layout","9":"product_cat-womens","10":"season-summer","11":"gender-men","12":"gender-women","13":"collection-napoli","14":"activity-training","15":"product_type_brizy-custom-made","17":"first","18":"instock","19":"taxable","20":"shipping-taxable","21":"purchasable","22":"product-type-simple"},"acf":[],"yoast_head":"<!-- This site is optimized with the Yoast SEO plugin v27.4 - https:\/\/yoast.com\/product\/yoast-seo-wordpress\/ -->\n<title>Combinaison d\u2019\u00e9t\u00e9 Napoli | Tenue d\u2019entra\u00eenement pour le trot | Brizy<\/title>\n<meta name=\"description\" content=\"Une combinaison d\u2019entra\u00eenement sur mesure offrant confort et ajustement optimal pour les drivers et entra\u00eeneurs de trot en \u00e9t\u00e9.\" \/>\n<meta name=\"robots\" content=\"index, follow, max-snippet:-1, max-image-preview:large, max-video-preview:-1\" \/>\n<link rel=\"canonical\" href=\"https:\/\/brizyproducts.com\/fr\/product\/napoli-summer\/\" \/>\n<meta property=\"og:locale\" content=\"fr_FR\" \/>\n<meta property=\"og:type\" content=\"article\" \/>\n<meta property=\"og:title\" content=\"Combinaison d\u2019\u00e9t\u00e9 Napoli | Tenue d\u2019entra\u00eenement pour le trot | Brizy\" \/>\n<meta property=\"og:description\" content=\"Une combinaison d\u2019entra\u00eenement sur mesure offrant confort et ajustement optimal pour les drivers et entra\u00eeneurs de trot en \u00e9t\u00e9.\" \/>\n<meta property=\"og:url\" content=\"https:\/\/brizyproducts.com\/fr\/product\/napoli-summer\/\" \/>\n<meta property=\"og:site_name\" content=\"Brizy Products\" \/>\n<meta property=\"article:publisher\" content=\"https:\/\/www.facebook.com\/brizy.1983\/\" \/>\n<meta property=\"article:modified_time\" content=\"2026-02-24T09:49:48+00:00\" \/>\n<meta property=\"og:image\" content=\"https:\/\/brizyproducts.com\/wp-content\/uploads\/2023\/12\/1-3-png.webp\" \/>\n\t<meta property=\"og:image:width\" content=\"3375\" \/>\n\t<meta property=\"og:image:height\" content=\"4500\" \/>\n\t<meta property=\"og:image:type\" content=\"image\/png\" \/>\n<meta name=\"twitter:card\" content=\"summary_large_image\" \/>\n<meta property=\"product:price:amount\" content=\"0.00\" \/>\n<meta property=\"product:price:currency\" content=\"USD\" \/>\n<meta property=\"og:availability\" content=\"instock\" \/>\n<meta property=\"product:availability\" content=\"instock\" \/>\n<meta property=\"product:retailer_item_id\" content=\"1450-1\" \/>\n<meta property=\"product:condition\" content=\"new\" \/>\n<!-- \/ Yoast SEO plugin. -->","yoast_head_json":{"title":"Combinaison d\u2019\u00e9t\u00e9 Napoli | Tenue d\u2019entra\u00eenement pour le trot | Brizy","description":"Une combinaison d\u2019entra\u00eenement sur mesure offrant confort et ajustement optimal pour les drivers et entra\u00eeneurs de trot en \u00e9t\u00e9.","robots":{"index":"index","follow":"follow","max-snippet":"max-snippet:-1","max-image-preview":"max-image-preview:large","max-video-preview":"max-video-preview:-1"},"canonical":"https:\/\/brizyproducts.com\/fr\/product\/napoli-summer\/","og_locale":"fr_FR","og_type":"article","og_title":"Combinaison d\u2019\u00e9t\u00e9 Napoli | Tenue d\u2019entra\u00eenement pour le trot | Brizy","og_description":"Une combinaison d\u2019entra\u00eenement sur mesure offrant confort et ajustement optimal pour les drivers et entra\u00eeneurs de trot en \u00e9t\u00e9.","og_url":"https:\/\/brizyproducts.com\/fr\/product\/napoli-summer\/","og_site_name":"Brizy Products","article_publisher":"https:\/\/www.facebook.com\/brizy.1983\/","article_modified_time":"2026-02-24T09:49:48+00:00","og_image":[{"width":3375,"height":4500,"url":"https:\/\/brizyproducts.com\/wp-content\/uploads\/2023\/12\/1-3-png.webp","type":"image\/png"}],"twitter_card":"summary_large_image","schema":{"@context":"https:\/\/schema.org","@graph":[{"@type":"WebPage","@id":"https:\/\/brizyproducts.com\/fr\/product\/napoli-summer\/","url":"https:\/\/brizyproducts.com\/fr\/product\/napoli-summer\/","name":"Combinaison d\u2019\u00e9t\u00e9 Napoli | Tenue d\u2019entra\u00eenement pour le trot | Brizy","isPartOf":{"@id":"https:\/\/brizyproducts.com\/fr\/#website"},"primaryImageOfPage":{"@id":"https:\/\/brizyproducts.com\/fr\/product\/napoli-summer\/#primaryimage"},"image":{"@id":"https:\/\/brizyproducts.com\/fr\/product\/napoli-summer\/#primaryimage"},"thumbnailUrl":"https:\/\/brizyproducts.com\/wp-content\/uploads\/2023\/12\/1-3-png.webp","datePublished":"2023-12-22T16:35:26+00:00","dateModified":"2026-02-24T09:49:48+00:00","description":"Une combinaison d\u2019entra\u00eenement sur mesure offrant confort et ajustement optimal pour les drivers et entra\u00eeneurs de trot en \u00e9t\u00e9.","breadcrumb":{"@id":"https:\/\/brizyproducts.com\/fr\/product\/napoli-summer\/#breadcrumb"},"inLanguage":"fr-FR","potentialAction":[{"@type":"ReadAction","target":["https:\/\/brizyproducts.com\/fr\/product\/napoli-summer\/"]}]},{"@type":"ImageObject","inLanguage":"fr-FR","@id":"https:\/\/brizyproducts.com\/fr\/product\/napoli-summer\/#primaryimage","url":"https:\/\/brizyproducts.com\/wp-content\/uploads\/2023\/12\/1-3-png.webp","contentUrl":"https:\/\/brizyproducts.com\/wp-content\/uploads\/2023\/12\/1-3-png.webp","width":3375,"height":4500},{"@type":"BreadcrumbList","@id":"https:\/\/brizyproducts.com\/fr\/product\/napoli-summer\/#breadcrumb","itemListElement":[{"@type":"ListItem","position":1,"name":"Hem","item":"https:\/\/brizyproducts.com\/fr\/start-april-2026\/"},{"@type":"ListItem","position":2,"name":"Shop","item":"https:\/\/brizyproducts.com\/fr\/shop\/"},{"@type":"ListItem","position":3,"name":"Combinaison d\u2019\u00e9t\u00e9 Napoli"}]},{"@type":"WebSite","@id":"https:\/\/brizyproducts.com\/fr\/#website","url":"https:\/\/brizyproducts.com\/fr\/","name":"Brizy","description":"","publisher":{"@id":"https:\/\/brizyproducts.com\/fr\/#organization"},"potentialAction":[{"@type":"SearchAction","target":{"@type":"EntryPoint","urlTemplate":"https:\/\/brizyproducts.com\/fr\/?s={search_term_string}"},"query-input":{"@type":"PropertyValueSpecification","valueRequired":true,"valueName":"search_term_string"}}],"inLanguage":"fr-FR"},{"@type":"Organization","@id":"https:\/\/brizyproducts.com\/fr\/#organization","name":"Brizy","url":"https:\/\/brizyproducts.com\/fr\/","logo":{"@type":"ImageObject","inLanguage":"fr-FR","@id":"https:\/\/brizyproducts.com\/fr\/#\/schema\/logo\/image\/","url":"https:\/\/brizyproducts.com\/wp-content\/uploads\/2023\/12\/Brizy-old.svg","contentUrl":"https:\/\/brizyproducts.com\/wp-content\/uploads\/2023\/12\/Brizy-old.svg","width":1,"height":1,"caption":"Brizy"},"image":{"@id":"https:\/\/brizyproducts.com\/fr\/#\/schema\/logo\/image\/"},"sameAs":["https:\/\/www.facebook.com\/brizy.1983\/","https:\/\/www.linkedin.com\/company\/brizy-produktion\/"]}]},"product_price_amount":"0.00","product_price_currency":"USD","og_availability":"instock","product_availability":"instock","product_retailer_item_id":"1450-1","product_condition":"new"},"_links":{"self":[{"href":"https:\/\/brizyproducts.com\/fr\/wp-json\/wp\/v2\/product\/12469","targetHints":{"allow":["GET"]}}],"collection":[{"href":"https:\/\/brizyproducts.com\/fr\/wp-json\/wp\/v2\/product"}],"about":[{"href":"https:\/\/brizyproducts.com\/fr\/wp-json\/wp\/v2\/types\/product"}],"replies":[{"embeddable":true,"href":"https:\/\/brizyproducts.com\/fr\/wp-json\/wp\/v2\/comments?post=12469"}],"wp:featuredmedia":[{"embeddable":true,"href":"https:\/\/brizyproducts.com\/fr\/wp-json\/wp\/v2\/media\/12470"}],"wp:attachment":[{"href":"https:\/\/brizyproducts.com\/fr\/wp-json\/wp\/v2\/media?parent=12469"}],"wp:term":[{"taxonomy":"product_brand","embeddable":true,"href":"https:\/\/brizyproducts.com\/fr\/wp-json\/wp\/v2\/product_brand?post=12469"},{"taxonomy":"product_cat","embeddable":true,"href":"https:\/\/brizyproducts.com\/fr\/wp-json\/wp\/v2\/product_cat?post=12469"},{"taxonomy":"product_tag","embeddable":true,"href":"https:\/\/brizyproducts.com\/fr\/wp-json\/wp\/v2\/product_tag?post=12469"},{"taxonomy":"season","embeddable":true,"href":"https:\/\/brizyproducts.com\/fr\/wp-json\/wp\/v2\/season?post=12469"},{"taxonomy":"gender","embeddable":true,"href":"https:\/\/brizyproducts.com\/fr\/wp-json\/wp\/v2\/gender?post=12469"},{"taxonomy":"collection","embeddable":true,"href":"https:\/\/brizyproducts.com\/fr\/wp-json\/wp\/v2\/collection?post=12469"},{"taxonomy":"activity","embeddable":true,"href":"https:\/\/brizyproducts.com\/fr\/wp-json\/wp\/v2\/activity?post=12469"},{"taxonomy":"product_type_brizy","embeddable":true,"href":"https:\/\/brizyproducts.com\/fr\/wp-json\/wp\/v2\/product_type_brizy?post=12469"}],"curies":[{"name":"wp","href":"https:\/\/api.w.org\/{rel}","templated":true}]}}