{"id":12461,"date":"2024-01-01T13:57:51","date_gmt":"2024-01-01T13:57:51","guid":{"rendered":"https:\/\/brizyproducts.com\/product\/boden-special-2\/"},"modified":"2025-01-29T15:07:04","modified_gmt":"2025-01-29T15:07:04","slug":"boden-special-2","status":"publish","type":"product","link":"https:\/\/brizyproducts.com\/fr\/product\/boden-special-2\/","title":{"rendered":"Boden Sp\u00e9cial pantalon d&rsquo;hiver"},"content":{"rendered":"<p>D\u00e9couvrez nos pantalons d&rsquo;hiver Boden, coupe-vent et imperm\u00e9ables, fabriqu\u00e9s dans notre mati\u00e8re extensible dans les 4 sens pour un confort optimal. Vous avez le choix entre 5 isolations diff\u00e9rentes. Les bretelles du pantalon apportent un soutien et un confort suppl\u00e9mentaires, ce qui en fait un choix fiable pour les personnes \u00e0 la recherche d&rsquo;un v\u00eatement durable pour les conditions climatiques froides. <\/p>\n<p><strong>Cliquez sur le devis ci-dessous et soumettez une demande de devis ou n&rsquo;h\u00e9sitez pas \u00e0 nous contacter directement !<\/strong><\/p>\n","protected":false},"excerpt":{"rendered":"<p>D\u00e9couvrez nos pantalons d&rsquo;hiver Boden, coupe-vent et imperm\u00e9ables, fabriqu\u00e9s dans notre mati\u00e8re extensible dans les 4 sens pour un confort optimal. Vous avez le choix entre 5 isolations diff\u00e9rentes. Les bretelles du pantalon apportent un soutien et un confort suppl\u00e9mentaires, ce qui en fait un choix fiable pour les personnes \u00e0 la recherche d&rsquo;un v\u00eatement [&hellip;]<\/p>\n","protected":false},"featured_media":12463,"comment_status":"closed","ping_status":"closed","template":"","meta":{"_acf_changed":false},"product_brand":[],"product_cat":[241,447],"product_tag":[],"season":[503],"gender":[509],"collection":[515],"activity":[559,561],"product_type_brizy":[567],"class_list":{"0":"post-12461","1":"product","2":"type-product","3":"status-publish","4":"has-post-thumbnail","6":"product_cat-trousers","7":"product_cat-tailor-made-layout","8":"season-winter","9":"gender-men","10":"collection-boden","11":"activity-stable","12":"activity-training","13":"product_type_brizy-custom-made","15":"first","16":"instock","17":"taxable","18":"shipping-taxable","19":"purchasable","20":"product-type-simple"},"acf":[],"yoast_head":"<!-- This site is optimized with the Yoast SEO plugin v27.4 - https:\/\/yoast.com\/product\/yoast-seo-wordpress\/ -->\n<title>Boden Sp\u00e9cial pantalon d&#039;hiver | Harness racing clothing | Brizy<\/title>\n<meta name=\"description\" content=\"D\u00e9couvrez nos pantalons d&#039;hiver Boden, coupe-vent et imperm\u00e9ables, fabriqu\u00e9s dans notre mati\u00e8re extensible dans les 4 sens pour un confort optimal. Vous\" \/>\n<meta name=\"robots\" content=\"index, follow, max-snippet:-1, max-image-preview:large, max-video-preview:-1\" \/>\n<link rel=\"canonical\" href=\"https:\/\/brizyproducts.com\/fr\/product\/boden-special-2\/\" \/>\n<meta property=\"og:locale\" content=\"fr_FR\" \/>\n<meta property=\"og:type\" content=\"article\" \/>\n<meta property=\"og:title\" content=\"Boden Sp\u00e9cial pantalon d&#039;hiver | Harness racing clothing | Brizy\" \/>\n<meta property=\"og:description\" content=\"D\u00e9couvrez nos pantalons d&#039;hiver Boden, coupe-vent et imperm\u00e9ables, fabriqu\u00e9s dans notre mati\u00e8re extensible dans les 4 sens pour un confort optimal. Vous\" \/>\n<meta property=\"og:url\" content=\"https:\/\/brizyproducts.com\/fr\/product\/boden-special-2\/\" \/>\n<meta property=\"og:site_name\" content=\"Brizy Products\" \/>\n<meta property=\"article:publisher\" content=\"https:\/\/www.facebook.com\/brizy.1983\/\" \/>\n<meta property=\"article:modified_time\" content=\"2025-01-29T15:07:04+00:00\" \/>\n<meta property=\"og:image\" content=\"https:\/\/brizyproducts.com\/wp-content\/uploads\/2022\/10\/4-png.webp\" \/>\n\t<meta property=\"og:image:width\" content=\"3375\" \/>\n\t<meta property=\"og:image:height\" content=\"4500\" \/>\n\t<meta property=\"og:image:type\" content=\"image\/png\" \/>\n<meta name=\"twitter:card\" content=\"summary_large_image\" \/>\n<meta property=\"product:price:amount\" content=\"0.00\" \/>\n<meta property=\"product:price:currency\" content=\"USD\" \/>\n<meta property=\"og:availability\" content=\"instock\" \/>\n<meta property=\"product:availability\" content=\"instock\" \/>\n<meta property=\"product:retailer_item_id\" content=\"3821\" \/>\n<meta property=\"product:condition\" content=\"new\" \/>\n<!-- \/ Yoast SEO plugin. -->","yoast_head_json":{"title":"Boden Sp\u00e9cial pantalon d'hiver | Harness racing clothing | Brizy","description":"D\u00e9couvrez nos pantalons d'hiver Boden, coupe-vent et imperm\u00e9ables, fabriqu\u00e9s dans notre mati\u00e8re extensible dans les 4 sens pour un confort optimal. Vous","robots":{"index":"index","follow":"follow","max-snippet":"max-snippet:-1","max-image-preview":"max-image-preview:large","max-video-preview":"max-video-preview:-1"},"canonical":"https:\/\/brizyproducts.com\/fr\/product\/boden-special-2\/","og_locale":"fr_FR","og_type":"article","og_title":"Boden Sp\u00e9cial pantalon d'hiver | Harness racing clothing | Brizy","og_description":"D\u00e9couvrez nos pantalons d'hiver Boden, coupe-vent et imperm\u00e9ables, fabriqu\u00e9s dans notre mati\u00e8re extensible dans les 4 sens pour un confort optimal. Vous","og_url":"https:\/\/brizyproducts.com\/fr\/product\/boden-special-2\/","og_site_name":"Brizy Products","article_publisher":"https:\/\/www.facebook.com\/brizy.1983\/","article_modified_time":"2025-01-29T15:07:04+00:00","og_image":[{"width":3375,"height":4500,"url":"https:\/\/brizyproducts.com\/wp-content\/uploads\/2022\/10\/4-png.webp","type":"image\/png"}],"twitter_card":"summary_large_image","schema":{"@context":"https:\/\/schema.org","@graph":[{"@type":"WebPage","@id":"https:\/\/brizyproducts.com\/fr\/product\/boden-special-2\/","url":"https:\/\/brizyproducts.com\/fr\/product\/boden-special-2\/","name":"Boden Sp\u00e9cial pantalon d'hiver | Harness racing clothing | Brizy","isPartOf":{"@id":"https:\/\/brizyproducts.com\/fr\/#website"},"primaryImageOfPage":{"@id":"https:\/\/brizyproducts.com\/fr\/product\/boden-special-2\/#primaryimage"},"image":{"@id":"https:\/\/brizyproducts.com\/fr\/product\/boden-special-2\/#primaryimage"},"thumbnailUrl":"https:\/\/brizyproducts.com\/wp-content\/uploads\/2022\/10\/4-png.webp","datePublished":"2024-01-01T13:57:51+00:00","dateModified":"2025-01-29T15:07:04+00:00","description":"D\u00e9couvrez nos pantalons d'hiver Boden, coupe-vent et imperm\u00e9ables, fabriqu\u00e9s dans notre mati\u00e8re extensible dans les 4 sens pour un confort optimal. Vous","breadcrumb":{"@id":"https:\/\/brizyproducts.com\/fr\/product\/boden-special-2\/#breadcrumb"},"inLanguage":"fr-FR","potentialAction":[{"@type":"ReadAction","target":["https:\/\/brizyproducts.com\/fr\/product\/boden-special-2\/"]}]},{"@type":"ImageObject","inLanguage":"fr-FR","@id":"https:\/\/brizyproducts.com\/fr\/product\/boden-special-2\/#primaryimage","url":"https:\/\/brizyproducts.com\/wp-content\/uploads\/2022\/10\/4-png.webp","contentUrl":"https:\/\/brizyproducts.com\/wp-content\/uploads\/2022\/10\/4-png.webp","width":3375,"height":4500},{"@type":"BreadcrumbList","@id":"https:\/\/brizyproducts.com\/fr\/product\/boden-special-2\/#breadcrumb","itemListElement":[{"@type":"ListItem","position":1,"name":"Hem","item":"https:\/\/brizyproducts.com\/fr\/"},{"@type":"ListItem","position":2,"name":"Shop","item":"https:\/\/brizyproducts.com\/fr\/shop\/"},{"@type":"ListItem","position":3,"name":"Boden Sp\u00e9cial pantalon d&#8217;hiver"}]},{"@type":"WebSite","@id":"https:\/\/brizyproducts.com\/fr\/#website","url":"https:\/\/brizyproducts.com\/fr\/","name":"Brizy","description":"","publisher":{"@id":"https:\/\/brizyproducts.com\/fr\/#organization"},"potentialAction":[{"@type":"SearchAction","target":{"@type":"EntryPoint","urlTemplate":"https:\/\/brizyproducts.com\/fr\/?s={search_term_string}"},"query-input":{"@type":"PropertyValueSpecification","valueRequired":true,"valueName":"search_term_string"}}],"inLanguage":"fr-FR"},{"@type":"Organization","@id":"https:\/\/brizyproducts.com\/fr\/#organization","name":"Brizy","url":"https:\/\/brizyproducts.com\/fr\/","logo":{"@type":"ImageObject","inLanguage":"fr-FR","@id":"https:\/\/brizyproducts.com\/fr\/#\/schema\/logo\/image\/","url":"https:\/\/brizyproducts.com\/wp-content\/uploads\/2023\/12\/Brizy-old.svg","contentUrl":"https:\/\/brizyproducts.com\/wp-content\/uploads\/2023\/12\/Brizy-old.svg","width":1,"height":1,"caption":"Brizy"},"image":{"@id":"https:\/\/brizyproducts.com\/fr\/#\/schema\/logo\/image\/"},"sameAs":["https:\/\/www.facebook.com\/brizy.1983\/","https:\/\/www.linkedin.com\/company\/brizy-produktion\/"]}]},"product_price_amount":"0.00","product_price_currency":"USD","og_availability":"instock","product_availability":"instock","product_retailer_item_id":"3821","product_condition":"new"},"_links":{"self":[{"href":"https:\/\/brizyproducts.com\/fr\/wp-json\/wp\/v2\/product\/12461","targetHints":{"allow":["GET"]}}],"collection":[{"href":"https:\/\/brizyproducts.com\/fr\/wp-json\/wp\/v2\/product"}],"about":[{"href":"https:\/\/brizyproducts.com\/fr\/wp-json\/wp\/v2\/types\/product"}],"replies":[{"embeddable":true,"href":"https:\/\/brizyproducts.com\/fr\/wp-json\/wp\/v2\/comments?post=12461"}],"wp:featuredmedia":[{"embeddable":true,"href":"https:\/\/brizyproducts.com\/fr\/wp-json\/wp\/v2\/media\/12463"}],"wp:attachment":[{"href":"https:\/\/brizyproducts.com\/fr\/wp-json\/wp\/v2\/media?parent=12461"}],"wp:term":[{"taxonomy":"product_brand","embeddable":true,"href":"https:\/\/brizyproducts.com\/fr\/wp-json\/wp\/v2\/product_brand?post=12461"},{"taxonomy":"product_cat","embeddable":true,"href":"https:\/\/brizyproducts.com\/fr\/wp-json\/wp\/v2\/product_cat?post=12461"},{"taxonomy":"product_tag","embeddable":true,"href":"https:\/\/brizyproducts.com\/fr\/wp-json\/wp\/v2\/product_tag?post=12461"},{"taxonomy":"season","embeddable":true,"href":"https:\/\/brizyproducts.com\/fr\/wp-json\/wp\/v2\/season?post=12461"},{"taxonomy":"gender","embeddable":true,"href":"https:\/\/brizyproducts.com\/fr\/wp-json\/wp\/v2\/gender?post=12461"},{"taxonomy":"collection","embeddable":true,"href":"https:\/\/brizyproducts.com\/fr\/wp-json\/wp\/v2\/collection?post=12461"},{"taxonomy":"activity","embeddable":true,"href":"https:\/\/brizyproducts.com\/fr\/wp-json\/wp\/v2\/activity?post=12461"},{"taxonomy":"product_type_brizy","embeddable":true,"href":"https:\/\/brizyproducts.com\/fr\/wp-json\/wp\/v2\/product_type_brizy?post=12461"}],"curies":[{"name":"wp","href":"https:\/\/api.w.org\/{rel}","templated":true}]}}