{"id":12452,"date":"2024-01-01T13:57:51","date_gmt":"2024-01-01T13:57:51","guid":{"rendered":"https:\/\/brizyproducts.com\/product\/boden-special\/"},"modified":"2025-01-29T15:07:05","modified_gmt":"2025-01-29T15:07:05","slug":"boden-special","status":"publish","type":"product","link":"https:\/\/brizyproducts.com\/fr\/product\/boden-special\/","title":{"rendered":"Boden Veste d&rsquo;hiver sp\u00e9ciale"},"content":{"rendered":"<p>Il est con\u00e7u de mani\u00e8re fonctionnelle pour r\u00e9pondre \u00e0 vos besoins dans le froid de l&rsquo;hiver. Boden est r\u00e9sistante au vent et \u00e0 l&rsquo;eau tout en \u00e9tant extr\u00eamement confortable, gr\u00e2ce \u00e0 la mati\u00e8re extensible dans les quatre sens. Sans faire de compromis sur la durabilit\u00e9, elle assure une longue dur\u00e9e de vie \u00e0 la veste. Vous avez le choix entre 5 isolations diff\u00e9rentes.   <\/p>\n<p><strong>Cliquez sur le devis ci-dessous et soumettez une demande de devis ou n&rsquo;h\u00e9sitez pas \u00e0 nous contacter directement !<\/strong><\/p>\n","protected":false},"excerpt":{"rendered":"<p>Il est con\u00e7u de mani\u00e8re fonctionnelle pour r\u00e9pondre \u00e0 vos besoins dans le froid de l&rsquo;hiver. Boden est r\u00e9sistante au vent et \u00e0 l&rsquo;eau tout en \u00e9tant extr\u00eamement confortable, gr\u00e2ce \u00e0 la mati\u00e8re extensible dans les quatre sens. Sans faire de compromis sur la durabilit\u00e9, elle assure une longue dur\u00e9e de vie \u00e0 la veste. [&hellip;]<\/p>\n","protected":false},"featured_media":12454,"comment_status":"closed","ping_status":"closed","template":"","meta":{"_acf_changed":false},"product_brand":[],"product_cat":[273,447],"product_tag":[],"season":[503],"gender":[509],"collection":[515],"activity":[559,561],"product_type_brizy":[567],"class_list":{"0":"post-12452","1":"product","2":"type-product","3":"status-publish","4":"has-post-thumbnail","6":"product_cat-jackets","7":"product_cat-tailor-made-layout","8":"season-winter","9":"gender-men","10":"collection-boden","11":"activity-stable","12":"activity-training","13":"product_type_brizy-custom-made","15":"first","16":"instock","17":"taxable","18":"shipping-taxable","19":"purchasable","20":"product-type-simple"},"acf":[],"yoast_head":"<!-- This site is optimized with the Yoast SEO plugin v27.4 - https:\/\/yoast.com\/product\/yoast-seo-wordpress\/ -->\n<title>Boden Veste d&#039;hiver sp\u00e9ciale | Harness racing clothing | Brizy<\/title>\n<meta name=\"description\" content=\"Il est con\u00e7u de mani\u00e8re fonctionnelle pour r\u00e9pondre \u00e0 vos besoins dans le froid de l&#039;hiver. Boden est r\u00e9sistante au vent et \u00e0 l&#039;eau tout en \u00e9tant\" \/>\n<meta name=\"robots\" content=\"index, follow, max-snippet:-1, max-image-preview:large, max-video-preview:-1\" \/>\n<link rel=\"canonical\" href=\"https:\/\/brizyproducts.com\/fr\/product\/boden-special\/\" \/>\n<meta property=\"og:locale\" content=\"fr_FR\" \/>\n<meta property=\"og:type\" content=\"article\" \/>\n<meta property=\"og:title\" content=\"Boden Veste d&#039;hiver sp\u00e9ciale | Harness racing clothing | Brizy\" \/>\n<meta property=\"og:description\" content=\"Il est con\u00e7u de mani\u00e8re fonctionnelle pour r\u00e9pondre \u00e0 vos besoins dans le froid de l&#039;hiver. Boden est r\u00e9sistante au vent et \u00e0 l&#039;eau tout en \u00e9tant\" \/>\n<meta property=\"og:url\" content=\"https:\/\/brizyproducts.com\/fr\/product\/boden-special\/\" \/>\n<meta property=\"og:site_name\" content=\"Brizy Products\" \/>\n<meta property=\"article:publisher\" content=\"https:\/\/www.facebook.com\/brizy.1983\/\" \/>\n<meta property=\"article:modified_time\" content=\"2025-01-29T15:07:05+00:00\" \/>\n<meta property=\"og:image\" content=\"https:\/\/brizyproducts.com\/wp-content\/uploads\/2022\/10\/1-png.webp\" \/>\n\t<meta property=\"og:image:width\" content=\"3375\" \/>\n\t<meta property=\"og:image:height\" content=\"4500\" \/>\n\t<meta property=\"og:image:type\" content=\"image\/png\" \/>\n<meta name=\"twitter:card\" content=\"summary_large_image\" \/>\n<meta property=\"product:price:amount\" content=\"0.00\" \/>\n<meta property=\"product:price:currency\" content=\"USD\" \/>\n<meta property=\"og:availability\" content=\"instock\" \/>\n<meta property=\"product:availability\" content=\"instock\" \/>\n<meta property=\"product:retailer_item_id\" content=\"2821\" \/>\n<meta property=\"product:condition\" content=\"new\" \/>\n<!-- \/ Yoast SEO plugin. -->","yoast_head_json":{"title":"Boden Veste d'hiver sp\u00e9ciale | Harness racing clothing | Brizy","description":"Il est con\u00e7u de mani\u00e8re fonctionnelle pour r\u00e9pondre \u00e0 vos besoins dans le froid de l'hiver. Boden est r\u00e9sistante au vent et \u00e0 l'eau tout en \u00e9tant","robots":{"index":"index","follow":"follow","max-snippet":"max-snippet:-1","max-image-preview":"max-image-preview:large","max-video-preview":"max-video-preview:-1"},"canonical":"https:\/\/brizyproducts.com\/fr\/product\/boden-special\/","og_locale":"fr_FR","og_type":"article","og_title":"Boden Veste d'hiver sp\u00e9ciale | Harness racing clothing | Brizy","og_description":"Il est con\u00e7u de mani\u00e8re fonctionnelle pour r\u00e9pondre \u00e0 vos besoins dans le froid de l'hiver. Boden est r\u00e9sistante au vent et \u00e0 l'eau tout en \u00e9tant","og_url":"https:\/\/brizyproducts.com\/fr\/product\/boden-special\/","og_site_name":"Brizy Products","article_publisher":"https:\/\/www.facebook.com\/brizy.1983\/","article_modified_time":"2025-01-29T15:07:05+00:00","og_image":[{"width":3375,"height":4500,"url":"https:\/\/brizyproducts.com\/wp-content\/uploads\/2022\/10\/1-png.webp","type":"image\/png"}],"twitter_card":"summary_large_image","schema":{"@context":"https:\/\/schema.org","@graph":[{"@type":"WebPage","@id":"https:\/\/brizyproducts.com\/fr\/product\/boden-special\/","url":"https:\/\/brizyproducts.com\/fr\/product\/boden-special\/","name":"Boden Veste d'hiver sp\u00e9ciale | Harness racing clothing | Brizy","isPartOf":{"@id":"https:\/\/brizyproducts.com\/fr\/#website"},"primaryImageOfPage":{"@id":"https:\/\/brizyproducts.com\/fr\/product\/boden-special\/#primaryimage"},"image":{"@id":"https:\/\/brizyproducts.com\/fr\/product\/boden-special\/#primaryimage"},"thumbnailUrl":"https:\/\/brizyproducts.com\/wp-content\/uploads\/2022\/10\/1-png.webp","datePublished":"2024-01-01T13:57:51+00:00","dateModified":"2025-01-29T15:07:05+00:00","description":"Il est con\u00e7u de mani\u00e8re fonctionnelle pour r\u00e9pondre \u00e0 vos besoins dans le froid de l'hiver. Boden est r\u00e9sistante au vent et \u00e0 l'eau tout en \u00e9tant","breadcrumb":{"@id":"https:\/\/brizyproducts.com\/fr\/product\/boden-special\/#breadcrumb"},"inLanguage":"fr-FR","potentialAction":[{"@type":"ReadAction","target":["https:\/\/brizyproducts.com\/fr\/product\/boden-special\/"]}]},{"@type":"ImageObject","inLanguage":"fr-FR","@id":"https:\/\/brizyproducts.com\/fr\/product\/boden-special\/#primaryimage","url":"https:\/\/brizyproducts.com\/wp-content\/uploads\/2022\/10\/1-png.webp","contentUrl":"https:\/\/brizyproducts.com\/wp-content\/uploads\/2022\/10\/1-png.webp","width":3375,"height":4500},{"@type":"BreadcrumbList","@id":"https:\/\/brizyproducts.com\/fr\/product\/boden-special\/#breadcrumb","itemListElement":[{"@type":"ListItem","position":1,"name":"Hem","item":"https:\/\/brizyproducts.com\/fr\/start-april-2026\/"},{"@type":"ListItem","position":2,"name":"Shop","item":"https:\/\/brizyproducts.com\/fr\/shop\/"},{"@type":"ListItem","position":3,"name":"Boden Veste d&rsquo;hiver sp\u00e9ciale"}]},{"@type":"WebSite","@id":"https:\/\/brizyproducts.com\/fr\/#website","url":"https:\/\/brizyproducts.com\/fr\/","name":"Brizy","description":"","publisher":{"@id":"https:\/\/brizyproducts.com\/fr\/#organization"},"potentialAction":[{"@type":"SearchAction","target":{"@type":"EntryPoint","urlTemplate":"https:\/\/brizyproducts.com\/fr\/?s={search_term_string}"},"query-input":{"@type":"PropertyValueSpecification","valueRequired":true,"valueName":"search_term_string"}}],"inLanguage":"fr-FR"},{"@type":"Organization","@id":"https:\/\/brizyproducts.com\/fr\/#organization","name":"Brizy","url":"https:\/\/brizyproducts.com\/fr\/","logo":{"@type":"ImageObject","inLanguage":"fr-FR","@id":"https:\/\/brizyproducts.com\/fr\/#\/schema\/logo\/image\/","url":"https:\/\/brizyproducts.com\/wp-content\/uploads\/2023\/12\/Brizy-old.svg","contentUrl":"https:\/\/brizyproducts.com\/wp-content\/uploads\/2023\/12\/Brizy-old.svg","width":1,"height":1,"caption":"Brizy"},"image":{"@id":"https:\/\/brizyproducts.com\/fr\/#\/schema\/logo\/image\/"},"sameAs":["https:\/\/www.facebook.com\/brizy.1983\/","https:\/\/www.linkedin.com\/company\/brizy-produktion\/"]}]},"product_price_amount":"0.00","product_price_currency":"USD","og_availability":"instock","product_availability":"instock","product_retailer_item_id":"2821","product_condition":"new"},"_links":{"self":[{"href":"https:\/\/brizyproducts.com\/fr\/wp-json\/wp\/v2\/product\/12452","targetHints":{"allow":["GET"]}}],"collection":[{"href":"https:\/\/brizyproducts.com\/fr\/wp-json\/wp\/v2\/product"}],"about":[{"href":"https:\/\/brizyproducts.com\/fr\/wp-json\/wp\/v2\/types\/product"}],"replies":[{"embeddable":true,"href":"https:\/\/brizyproducts.com\/fr\/wp-json\/wp\/v2\/comments?post=12452"}],"wp:featuredmedia":[{"embeddable":true,"href":"https:\/\/brizyproducts.com\/fr\/wp-json\/wp\/v2\/media\/12454"}],"wp:attachment":[{"href":"https:\/\/brizyproducts.com\/fr\/wp-json\/wp\/v2\/media?parent=12452"}],"wp:term":[{"taxonomy":"product_brand","embeddable":true,"href":"https:\/\/brizyproducts.com\/fr\/wp-json\/wp\/v2\/product_brand?post=12452"},{"taxonomy":"product_cat","embeddable":true,"href":"https:\/\/brizyproducts.com\/fr\/wp-json\/wp\/v2\/product_cat?post=12452"},{"taxonomy":"product_tag","embeddable":true,"href":"https:\/\/brizyproducts.com\/fr\/wp-json\/wp\/v2\/product_tag?post=12452"},{"taxonomy":"season","embeddable":true,"href":"https:\/\/brizyproducts.com\/fr\/wp-json\/wp\/v2\/season?post=12452"},{"taxonomy":"gender","embeddable":true,"href":"https:\/\/brizyproducts.com\/fr\/wp-json\/wp\/v2\/gender?post=12452"},{"taxonomy":"collection","embeddable":true,"href":"https:\/\/brizyproducts.com\/fr\/wp-json\/wp\/v2\/collection?post=12452"},{"taxonomy":"activity","embeddable":true,"href":"https:\/\/brizyproducts.com\/fr\/wp-json\/wp\/v2\/activity?post=12452"},{"taxonomy":"product_type_brizy","embeddable":true,"href":"https:\/\/brizyproducts.com\/fr\/wp-json\/wp\/v2\/product_type_brizy?post=12452"}],"curies":[{"name":"wp","href":"https:\/\/api.w.org\/{rel}","templated":true}]}}