{"id":12445,"date":"2024-01-01T14:18:18","date_gmt":"2024-01-01T14:18:18","guid":{"rendered":"https:\/\/brizyproducts.com\/product\/melbourne-special-spring-fall-jacket\/"},"modified":"2025-01-29T15:08:07","modified_gmt":"2025-01-29T15:08:07","slug":"melbourne-special-spring-fall-jacket","status":"publish","type":"product","link":"https:\/\/brizyproducts.com\/fr\/product\/melbourne-special-spring-fall-jacket\/","title":{"rendered":"Veste Melbourne Special Printemps\/Automne"},"content":{"rendered":"<p>La veste Melbourne est un produit performant qui offre \u00e0 la fois protection et confort. Con\u00e7ue avec des caract\u00e9ristiques coupe-vent et d\u00e9perlantes, cette veste est parfaite pour les diff\u00e9rentes conditions m\u00e9t\u00e9orologiques. La veste est \u00e9galement tr\u00e8s agr\u00e9able \u00e0 porter gr\u00e2ce \u00e0 sa mati\u00e8re extensible dans les quatre sens. Ce tissu extensible conf\u00e8re \u00e0 la veste un excellent ajustement et une durabilit\u00e9 \u00e0 long terme, ce qui en fait un compagnon fiable qui peut r\u00e9sister \u00e0 l&rsquo;\u00e9preuve du temps. Explorez la possibilit\u00e9 de personnaliser la veste selon vos pr\u00e9f\u00e9rences. Choisissez parmi les diff\u00e9rentes couleurs, pr\u00e9cisez vos mesures et cr\u00e9ez la veste qui vous convient parfaitement. <\/p>\n<p><strong>Cliquez sur le devis ci-dessous et soumettez une demande de devis ou n&rsquo;h\u00e9sitez pas \u00e0 nous contacter directement !<\/strong><\/p>\n","protected":false},"excerpt":{"rendered":"<p>La veste Melbourne est un produit performant qui offre \u00e0 la fois protection et confort. Con\u00e7ue avec des caract\u00e9ristiques coupe-vent et d\u00e9perlantes, cette veste est parfaite pour les diff\u00e9rentes conditions m\u00e9t\u00e9orologiques. La veste est \u00e9galement tr\u00e8s agr\u00e9able \u00e0 porter gr\u00e2ce \u00e0 sa mati\u00e8re extensible dans les quatre sens. Ce tissu extensible conf\u00e8re \u00e0 la veste [&hellip;]<\/p>\n","protected":false},"featured_media":12446,"comment_status":"closed","ping_status":"closed","template":"","meta":{"_acf_changed":false},"product_brand":[],"product_cat":[273,447],"product_tag":[],"season":[505],"gender":[509],"collection":[519],"activity":[559,561],"product_type_brizy":[567],"class_list":{"0":"post-12445","1":"product","2":"type-product","3":"status-publish","4":"has-post-thumbnail","6":"product_cat-jackets","7":"product_cat-tailor-made-layout","8":"season-spring-fall","9":"gender-men","10":"collection-melbourne","11":"activity-stable","12":"activity-training","13":"product_type_brizy-custom-made","15":"first","16":"instock","17":"taxable","18":"shipping-taxable","19":"purchasable","20":"product-type-simple"},"acf":[],"yoast_head":"<!-- This site is optimized with the Yoast SEO plugin v27.4 - https:\/\/yoast.com\/product\/yoast-seo-wordpress\/ -->\n<title>Veste Melbourne Special Printemps\/Automne | Harness racing clothing | Brizy<\/title>\n<meta name=\"description\" content=\"La veste Melbourne est un produit performant qui offre \u00e0 la fois protection et confort. Con\u00e7ue avec des caract\u00e9ristiques coupe-vent et d\u00e9perlantes, cette\" \/>\n<meta name=\"robots\" content=\"index, follow, max-snippet:-1, max-image-preview:large, max-video-preview:-1\" \/>\n<link rel=\"canonical\" href=\"https:\/\/brizyproducts.com\/fr\/product\/melbourne-special-spring-fall-jacket\/\" \/>\n<meta property=\"og:locale\" content=\"fr_FR\" \/>\n<meta property=\"og:type\" content=\"article\" \/>\n<meta property=\"og:title\" content=\"Veste Melbourne Special Printemps\/Automne | Harness racing clothing | Brizy\" \/>\n<meta property=\"og:description\" content=\"La veste Melbourne est un produit performant qui offre \u00e0 la fois protection et confort. Con\u00e7ue avec des caract\u00e9ristiques coupe-vent et d\u00e9perlantes, cette\" \/>\n<meta property=\"og:url\" content=\"https:\/\/brizyproducts.com\/fr\/product\/melbourne-special-spring-fall-jacket\/\" \/>\n<meta property=\"og:site_name\" content=\"Brizy Products\" \/>\n<meta property=\"article:publisher\" content=\"https:\/\/www.facebook.com\/brizy.1983\/\" \/>\n<meta property=\"article:modified_time\" content=\"2025-01-29T15:08:07+00:00\" \/>\n<meta property=\"og:image\" content=\"https:\/\/brizyproducts.com\/wp-content\/uploads\/2023\/12\/2-1-1650x2200.png\" \/>\n\t<meta property=\"og:image:width\" content=\"1650\" \/>\n\t<meta property=\"og:image:height\" content=\"2200\" \/>\n\t<meta property=\"og:image:type\" content=\"image\/png\" \/>\n<meta name=\"twitter:card\" content=\"summary_large_image\" \/>\n<meta property=\"product:price:amount\" content=\"0.00\" \/>\n<meta property=\"product:price:currency\" content=\"USD\" \/>\n<meta property=\"og:availability\" content=\"instock\" \/>\n<meta property=\"product:availability\" content=\"instock\" \/>\n<meta property=\"product:retailer_item_id\" content=\"4107\" \/>\n<meta property=\"product:condition\" content=\"new\" \/>\n<!-- \/ Yoast SEO plugin. -->","yoast_head_json":{"title":"Veste Melbourne Special Printemps\/Automne | Harness racing clothing | Brizy","description":"La veste Melbourne est un produit performant qui offre \u00e0 la fois protection et confort. Con\u00e7ue avec des caract\u00e9ristiques coupe-vent et d\u00e9perlantes, cette","robots":{"index":"index","follow":"follow","max-snippet":"max-snippet:-1","max-image-preview":"max-image-preview:large","max-video-preview":"max-video-preview:-1"},"canonical":"https:\/\/brizyproducts.com\/fr\/product\/melbourne-special-spring-fall-jacket\/","og_locale":"fr_FR","og_type":"article","og_title":"Veste Melbourne Special Printemps\/Automne | Harness racing clothing | Brizy","og_description":"La veste Melbourne est un produit performant qui offre \u00e0 la fois protection et confort. Con\u00e7ue avec des caract\u00e9ristiques coupe-vent et d\u00e9perlantes, cette","og_url":"https:\/\/brizyproducts.com\/fr\/product\/melbourne-special-spring-fall-jacket\/","og_site_name":"Brizy Products","article_publisher":"https:\/\/www.facebook.com\/brizy.1983\/","article_modified_time":"2025-01-29T15:08:07+00:00","og_image":[{"width":1650,"height":2200,"url":"https:\/\/brizyproducts.com\/wp-content\/uploads\/2023\/12\/2-1-1650x2200.png","type":"image\/png"}],"twitter_card":"summary_large_image","schema":{"@context":"https:\/\/schema.org","@graph":[{"@type":"WebPage","@id":"https:\/\/brizyproducts.com\/fr\/product\/melbourne-special-spring-fall-jacket\/","url":"https:\/\/brizyproducts.com\/fr\/product\/melbourne-special-spring-fall-jacket\/","name":"Veste Melbourne Special Printemps\/Automne | Harness racing clothing | Brizy","isPartOf":{"@id":"https:\/\/brizyproducts.com\/fr\/#website"},"primaryImageOfPage":{"@id":"https:\/\/brizyproducts.com\/fr\/product\/melbourne-special-spring-fall-jacket\/#primaryimage"},"image":{"@id":"https:\/\/brizyproducts.com\/fr\/product\/melbourne-special-spring-fall-jacket\/#primaryimage"},"thumbnailUrl":"https:\/\/brizyproducts.com\/wp-content\/uploads\/2023\/12\/2-1.png","datePublished":"2024-01-01T14:18:18+00:00","dateModified":"2025-01-29T15:08:07+00:00","description":"La veste Melbourne est un produit performant qui offre \u00e0 la fois protection et confort. Con\u00e7ue avec des caract\u00e9ristiques coupe-vent et d\u00e9perlantes, cette","breadcrumb":{"@id":"https:\/\/brizyproducts.com\/fr\/product\/melbourne-special-spring-fall-jacket\/#breadcrumb"},"inLanguage":"fr-FR","potentialAction":[{"@type":"ReadAction","target":["https:\/\/brizyproducts.com\/fr\/product\/melbourne-special-spring-fall-jacket\/"]}]},{"@type":"ImageObject","inLanguage":"fr-FR","@id":"https:\/\/brizyproducts.com\/fr\/product\/melbourne-special-spring-fall-jacket\/#primaryimage","url":"https:\/\/brizyproducts.com\/wp-content\/uploads\/2023\/12\/2-1.png","contentUrl":"https:\/\/brizyproducts.com\/wp-content\/uploads\/2023\/12\/2-1.png","width":3375,"height":4500},{"@type":"BreadcrumbList","@id":"https:\/\/brizyproducts.com\/fr\/product\/melbourne-special-spring-fall-jacket\/#breadcrumb","itemListElement":[{"@type":"ListItem","position":1,"name":"Hem","item":"https:\/\/brizyproducts.com\/fr\/start-april-2026\/"},{"@type":"ListItem","position":2,"name":"Shop","item":"https:\/\/brizyproducts.com\/fr\/shop\/"},{"@type":"ListItem","position":3,"name":"Veste Melbourne Special Printemps\/Automne"}]},{"@type":"WebSite","@id":"https:\/\/brizyproducts.com\/fr\/#website","url":"https:\/\/brizyproducts.com\/fr\/","name":"Brizy","description":"","publisher":{"@id":"https:\/\/brizyproducts.com\/fr\/#organization"},"potentialAction":[{"@type":"SearchAction","target":{"@type":"EntryPoint","urlTemplate":"https:\/\/brizyproducts.com\/fr\/?s={search_term_string}"},"query-input":{"@type":"PropertyValueSpecification","valueRequired":true,"valueName":"search_term_string"}}],"inLanguage":"fr-FR"},{"@type":"Organization","@id":"https:\/\/brizyproducts.com\/fr\/#organization","name":"Brizy","url":"https:\/\/brizyproducts.com\/fr\/","logo":{"@type":"ImageObject","inLanguage":"fr-FR","@id":"https:\/\/brizyproducts.com\/fr\/#\/schema\/logo\/image\/","url":"https:\/\/brizyproducts.com\/wp-content\/uploads\/2023\/12\/Brizy-old.svg","contentUrl":"https:\/\/brizyproducts.com\/wp-content\/uploads\/2023\/12\/Brizy-old.svg","width":1,"height":1,"caption":"Brizy"},"image":{"@id":"https:\/\/brizyproducts.com\/fr\/#\/schema\/logo\/image\/"},"sameAs":["https:\/\/www.facebook.com\/brizy.1983\/","https:\/\/www.linkedin.com\/company\/brizy-produktion\/"]}]},"product_price_amount":"0.00","product_price_currency":"USD","og_availability":"instock","product_availability":"instock","product_retailer_item_id":"4107","product_condition":"new"},"_links":{"self":[{"href":"https:\/\/brizyproducts.com\/fr\/wp-json\/wp\/v2\/product\/12445","targetHints":{"allow":["GET"]}}],"collection":[{"href":"https:\/\/brizyproducts.com\/fr\/wp-json\/wp\/v2\/product"}],"about":[{"href":"https:\/\/brizyproducts.com\/fr\/wp-json\/wp\/v2\/types\/product"}],"replies":[{"embeddable":true,"href":"https:\/\/brizyproducts.com\/fr\/wp-json\/wp\/v2\/comments?post=12445"}],"wp:featuredmedia":[{"embeddable":true,"href":"https:\/\/brizyproducts.com\/fr\/wp-json\/wp\/v2\/media\/12446"}],"wp:attachment":[{"href":"https:\/\/brizyproducts.com\/fr\/wp-json\/wp\/v2\/media?parent=12445"}],"wp:term":[{"taxonomy":"product_brand","embeddable":true,"href":"https:\/\/brizyproducts.com\/fr\/wp-json\/wp\/v2\/product_brand?post=12445"},{"taxonomy":"product_cat","embeddable":true,"href":"https:\/\/brizyproducts.com\/fr\/wp-json\/wp\/v2\/product_cat?post=12445"},{"taxonomy":"product_tag","embeddable":true,"href":"https:\/\/brizyproducts.com\/fr\/wp-json\/wp\/v2\/product_tag?post=12445"},{"taxonomy":"season","embeddable":true,"href":"https:\/\/brizyproducts.com\/fr\/wp-json\/wp\/v2\/season?post=12445"},{"taxonomy":"gender","embeddable":true,"href":"https:\/\/brizyproducts.com\/fr\/wp-json\/wp\/v2\/gender?post=12445"},{"taxonomy":"collection","embeddable":true,"href":"https:\/\/brizyproducts.com\/fr\/wp-json\/wp\/v2\/collection?post=12445"},{"taxonomy":"activity","embeddable":true,"href":"https:\/\/brizyproducts.com\/fr\/wp-json\/wp\/v2\/activity?post=12445"},{"taxonomy":"product_type_brizy","embeddable":true,"href":"https:\/\/brizyproducts.com\/fr\/wp-json\/wp\/v2\/product_type_brizy?post=12445"}],"curies":[{"name":"wp","href":"https:\/\/api.w.org\/{rel}","templated":true}]}}