{"id":12439,"date":"2024-01-09T06:02:22","date_gmt":"2024-01-09T06:02:22","guid":{"rendered":"https:\/\/brizyproducts.com\/product\/melbourne-special-spring-fall-vest\/"},"modified":"2025-01-29T15:07:05","modified_gmt":"2025-01-29T15:07:05","slug":"melbourne-special-spring-fall-vest","status":"publish","type":"product","link":"https:\/\/brizyproducts.com\/fr\/product\/melbourne-special-spring-fall-vest\/","title":{"rendered":"Gilet Melbourne Special Printemps\/Automne"},"content":{"rendered":"<h3>D\u00e9couvrez le gilet Lexington printemps\/automne : parfait pour toutes les saisons<\/h3>\n<p>La veste tous temps Lexington est un produit populaire fabriqu\u00e9 \u00e0 partir de notre mat\u00e9riau extensible durable associ\u00e9 \u00e0 une doublure en Z. Elle r\u00e9siste efficacement au vent et \u00e0 la pluie. Il r\u00e9siste efficacement au vent et \u00e0 la pluie. Ce gilet polyvalent est con\u00e7u pour un ajustement et un confort optimaux, ce qui le rend indispensable pour les conducteurs de harnais. Id\u00e9ale pour les diff\u00e9rentes conditions m\u00e9t\u00e9orologiques, c&rsquo;est un choix pratique et fiable pour toute garde-robe \u00e9questre.   <\/p>\n<p><strong>Caract\u00e9ristiques :<\/strong><\/p>\n<ul>\n<li>  4-way stretch en 100% polyester, trait\u00e9 DWR pour la durabilit\u00e9 et la r\u00e9sistance \u00e0 l&rsquo;eau.<\/li>\n<li>Le Z-Liner est coupe-vent et r\u00e9sistant \u00e0 l&rsquo;eau avec une excellente respirabilit\u00e9.<\/li>\n<li>Le gilet comprend deux poches de poitrine et une poche int\u00e9rieure.<\/li>\n<li>Fonction d&rsquo;\u00e9tirement au niveau des \u00e9paules pour un confort et un ajustement optimaux.<\/li>\n<li>Une ceinture ajustable par velcro pour un ajustement parfait.<\/li>\n<\/ul>\n<p><strong>Comment commander :<\/strong><\/p>\n<ul>\n<li>Examinez les tissus et les styles disponibles ci-dessous et faites votre choix.<\/li>\n<li>Les nouveaux clients peuvent fournir leurs mesures \u00e0 l&rsquo;aide de notre guide d\u00e9taill\u00e9. Regardez notre vid\u00e9o d&rsquo;instruction ci-dessous pour savoir comment prendre les mesures.<\/li>\n<li>Compl\u00e9tez les d\u00e9tails de votre personnalisation et soumettez une demande de devis.<\/li>\n<li>Si vous avez des questions ou si vous avez besoin d&rsquo;aide pour votre commande, notre \u00e9quipe est l\u00e0 pour vous aider \u00e0 obtenir le gilet de course hippique parfait.<\/li>\n<\/ul>\n<p><strong>Inspiration et aide \u00e0 la conception :<\/strong><\/p>\n<ul>\n<li>Si vous n&rsquo;avez pas de mod\u00e8le en t\u00eate ou si vous avez besoin d&rsquo;inspiration, notre \u00e9quipe peut cr\u00e9er des propositions de design personnalis\u00e9es, adapt\u00e9es \u00e0 vos pr\u00e9f\u00e9rences.<\/li>\n<\/ul>\n<p>Am\u00e9liorez vos v\u00eatements d&rsquo;\u00e9quitation avec la veste Lexington All-Weather. Cette veste polyvalente allie style, confort et possibilit\u00e9 de personnalisation, r\u00e9pondant ainsi \u00e0 tous vos besoins en mati\u00e8re de v\u00eatements d&rsquo;\u00e9curie. Con\u00e7ue sp\u00e9cialement pour les conducteurs de harnais, elle assure un confort et des performances sup\u00e9rieurs, ce qui en fait une pi\u00e8ce essentielle de votre garde-robe.  <\/p>\n","protected":false},"excerpt":{"rendered":"<p>D\u00e9couvrez le gilet Lexington printemps\/automne : parfait pour toutes les saisons La veste tous temps Lexington est un produit populaire fabriqu\u00e9 \u00e0 partir de notre mat\u00e9riau extensible durable associ\u00e9 \u00e0 une doublure en Z. Elle r\u00e9siste efficacement au vent et \u00e0 la pluie. Il r\u00e9siste efficacement au vent et \u00e0 la pluie. Ce gilet polyvalent [&hellip;]<\/p>\n","protected":false},"featured_media":12440,"comment_status":"closed","ping_status":"closed","template":"","meta":{"_acf_changed":false},"product_brand":[],"product_cat":[281,240,447,262],"product_tag":[],"season":[505],"gender":[509,511],"collection":[513],"activity":[559,561],"product_type_brizy":[567],"class_list":{"0":"post-12439","1":"product","2":"type-product","3":"status-publish","4":"has-post-thumbnail","6":"product_cat-vests","7":"product_cat-mens","8":"product_cat-tailor-made-layout","9":"product_cat-womens","10":"season-spring-fall","11":"gender-men","12":"gender-women","13":"collection-lexington","14":"activity-stable","15":"activity-training","16":"product_type_brizy-custom-made","18":"first","19":"instock","20":"taxable","21":"shipping-taxable","22":"purchasable","23":"product-type-simple"},"acf":[],"yoast_head":"<!-- This site is optimized with the Yoast SEO plugin v27.4 - https:\/\/yoast.com\/product\/yoast-seo-wordpress\/ -->\n<title>Gilet Melbourne Special Printemps\/Automne | Harness racing clothing | Brizy<\/title>\n<meta name=\"description\" content=\"D\u00e9couvrez le gilet Lexington printemps\/automne : parfait pour toutes les saisons La veste tous temps Lexington est un produit populaire fabriqu\u00e9 \u00e0 partir\" \/>\n<meta name=\"robots\" content=\"index, follow, max-snippet:-1, max-image-preview:large, max-video-preview:-1\" \/>\n<link rel=\"canonical\" href=\"https:\/\/brizyproducts.com\/fr\/product\/melbourne-special-spring-fall-vest\/\" \/>\n<meta property=\"og:locale\" content=\"fr_FR\" \/>\n<meta property=\"og:type\" content=\"article\" \/>\n<meta property=\"og:title\" content=\"Gilet Melbourne Special Printemps\/Automne | Harness racing clothing | Brizy\" \/>\n<meta property=\"og:description\" content=\"D\u00e9couvrez le gilet Lexington printemps\/automne : parfait pour toutes les saisons La veste tous temps Lexington est un produit populaire fabriqu\u00e9 \u00e0 partir\" \/>\n<meta property=\"og:url\" content=\"https:\/\/brizyproducts.com\/fr\/product\/melbourne-special-spring-fall-vest\/\" \/>\n<meta property=\"og:site_name\" content=\"Brizy Products\" \/>\n<meta property=\"article:publisher\" content=\"https:\/\/www.facebook.com\/brizy.1983\/\" \/>\n<meta property=\"article:modified_time\" content=\"2025-01-29T15:07:05+00:00\" \/>\n<meta property=\"og:image\" content=\"https:\/\/brizyproducts.com\/wp-content\/uploads\/2024\/01\/2-png.webp\" \/>\n\t<meta property=\"og:image:width\" content=\"3375\" \/>\n\t<meta property=\"og:image:height\" content=\"4500\" \/>\n\t<meta property=\"og:image:type\" content=\"image\/png\" \/>\n<meta name=\"twitter:card\" content=\"summary_large_image\" \/>\n<meta property=\"product:price:amount\" content=\"0.00\" \/>\n<meta property=\"product:price:currency\" content=\"USD\" \/>\n<meta property=\"og:availability\" content=\"instock\" \/>\n<meta property=\"product:availability\" content=\"instock\" \/>\n<meta property=\"product:retailer_item_id\" content=\"4107-1\" \/>\n<meta property=\"product:condition\" content=\"new\" \/>\n<!-- \/ Yoast SEO plugin. -->","yoast_head_json":{"title":"Gilet Melbourne Special Printemps\/Automne | Harness racing clothing | Brizy","description":"D\u00e9couvrez le gilet Lexington printemps\/automne : parfait pour toutes les saisons La veste tous temps Lexington est un produit populaire fabriqu\u00e9 \u00e0 partir","robots":{"index":"index","follow":"follow","max-snippet":"max-snippet:-1","max-image-preview":"max-image-preview:large","max-video-preview":"max-video-preview:-1"},"canonical":"https:\/\/brizyproducts.com\/fr\/product\/melbourne-special-spring-fall-vest\/","og_locale":"fr_FR","og_type":"article","og_title":"Gilet Melbourne Special Printemps\/Automne | Harness racing clothing | Brizy","og_description":"D\u00e9couvrez le gilet Lexington printemps\/automne : parfait pour toutes les saisons La veste tous temps Lexington est un produit populaire fabriqu\u00e9 \u00e0 partir","og_url":"https:\/\/brizyproducts.com\/fr\/product\/melbourne-special-spring-fall-vest\/","og_site_name":"Brizy Products","article_publisher":"https:\/\/www.facebook.com\/brizy.1983\/","article_modified_time":"2025-01-29T15:07:05+00:00","og_image":[{"width":3375,"height":4500,"url":"https:\/\/brizyproducts.com\/wp-content\/uploads\/2024\/01\/2-png.webp","type":"image\/png"}],"twitter_card":"summary_large_image","schema":{"@context":"https:\/\/schema.org","@graph":[{"@type":"WebPage","@id":"https:\/\/brizyproducts.com\/fr\/product\/melbourne-special-spring-fall-vest\/","url":"https:\/\/brizyproducts.com\/fr\/product\/melbourne-special-spring-fall-vest\/","name":"Gilet Melbourne Special Printemps\/Automne | Harness racing clothing | Brizy","isPartOf":{"@id":"https:\/\/brizyproducts.com\/fr\/#website"},"primaryImageOfPage":{"@id":"https:\/\/brizyproducts.com\/fr\/product\/melbourne-special-spring-fall-vest\/#primaryimage"},"image":{"@id":"https:\/\/brizyproducts.com\/fr\/product\/melbourne-special-spring-fall-vest\/#primaryimage"},"thumbnailUrl":"https:\/\/brizyproducts.com\/wp-content\/uploads\/2024\/01\/2-png.webp","datePublished":"2024-01-09T06:02:22+00:00","dateModified":"2025-01-29T15:07:05+00:00","description":"D\u00e9couvrez le gilet Lexington printemps\/automne : parfait pour toutes les saisons La veste tous temps Lexington est un produit populaire fabriqu\u00e9 \u00e0 partir","breadcrumb":{"@id":"https:\/\/brizyproducts.com\/fr\/product\/melbourne-special-spring-fall-vest\/#breadcrumb"},"inLanguage":"fr-FR","potentialAction":[{"@type":"ReadAction","target":["https:\/\/brizyproducts.com\/fr\/product\/melbourne-special-spring-fall-vest\/"]}]},{"@type":"ImageObject","inLanguage":"fr-FR","@id":"https:\/\/brizyproducts.com\/fr\/product\/melbourne-special-spring-fall-vest\/#primaryimage","url":"https:\/\/brizyproducts.com\/wp-content\/uploads\/2024\/01\/2-png.webp","contentUrl":"https:\/\/brizyproducts.com\/wp-content\/uploads\/2024\/01\/2-png.webp","width":3375,"height":4500},{"@type":"BreadcrumbList","@id":"https:\/\/brizyproducts.com\/fr\/product\/melbourne-special-spring-fall-vest\/#breadcrumb","itemListElement":[{"@type":"ListItem","position":1,"name":"Hem","item":"https:\/\/brizyproducts.com\/fr\/start-april-2026\/"},{"@type":"ListItem","position":2,"name":"Shop","item":"https:\/\/brizyproducts.com\/fr\/shop\/"},{"@type":"ListItem","position":3,"name":"Gilet Melbourne Special Printemps\/Automne"}]},{"@type":"WebSite","@id":"https:\/\/brizyproducts.com\/fr\/#website","url":"https:\/\/brizyproducts.com\/fr\/","name":"Brizy","description":"","publisher":{"@id":"https:\/\/brizyproducts.com\/fr\/#organization"},"potentialAction":[{"@type":"SearchAction","target":{"@type":"EntryPoint","urlTemplate":"https:\/\/brizyproducts.com\/fr\/?s={search_term_string}"},"query-input":{"@type":"PropertyValueSpecification","valueRequired":true,"valueName":"search_term_string"}}],"inLanguage":"fr-FR"},{"@type":"Organization","@id":"https:\/\/brizyproducts.com\/fr\/#organization","name":"Brizy","url":"https:\/\/brizyproducts.com\/fr\/","logo":{"@type":"ImageObject","inLanguage":"fr-FR","@id":"https:\/\/brizyproducts.com\/fr\/#\/schema\/logo\/image\/","url":"https:\/\/brizyproducts.com\/wp-content\/uploads\/2023\/12\/Brizy-old.svg","contentUrl":"https:\/\/brizyproducts.com\/wp-content\/uploads\/2023\/12\/Brizy-old.svg","width":1,"height":1,"caption":"Brizy"},"image":{"@id":"https:\/\/brizyproducts.com\/fr\/#\/schema\/logo\/image\/"},"sameAs":["https:\/\/www.facebook.com\/brizy.1983\/","https:\/\/www.linkedin.com\/company\/brizy-produktion\/"]}]},"product_price_amount":"0.00","product_price_currency":"USD","og_availability":"instock","product_availability":"instock","product_retailer_item_id":"4107-1","product_condition":"new"},"_links":{"self":[{"href":"https:\/\/brizyproducts.com\/fr\/wp-json\/wp\/v2\/product\/12439","targetHints":{"allow":["GET"]}}],"collection":[{"href":"https:\/\/brizyproducts.com\/fr\/wp-json\/wp\/v2\/product"}],"about":[{"href":"https:\/\/brizyproducts.com\/fr\/wp-json\/wp\/v2\/types\/product"}],"replies":[{"embeddable":true,"href":"https:\/\/brizyproducts.com\/fr\/wp-json\/wp\/v2\/comments?post=12439"}],"wp:featuredmedia":[{"embeddable":true,"href":"https:\/\/brizyproducts.com\/fr\/wp-json\/wp\/v2\/media\/12440"}],"wp:attachment":[{"href":"https:\/\/brizyproducts.com\/fr\/wp-json\/wp\/v2\/media?parent=12439"}],"wp:term":[{"taxonomy":"product_brand","embeddable":true,"href":"https:\/\/brizyproducts.com\/fr\/wp-json\/wp\/v2\/product_brand?post=12439"},{"taxonomy":"product_cat","embeddable":true,"href":"https:\/\/brizyproducts.com\/fr\/wp-json\/wp\/v2\/product_cat?post=12439"},{"taxonomy":"product_tag","embeddable":true,"href":"https:\/\/brizyproducts.com\/fr\/wp-json\/wp\/v2\/product_tag?post=12439"},{"taxonomy":"season","embeddable":true,"href":"https:\/\/brizyproducts.com\/fr\/wp-json\/wp\/v2\/season?post=12439"},{"taxonomy":"gender","embeddable":true,"href":"https:\/\/brizyproducts.com\/fr\/wp-json\/wp\/v2\/gender?post=12439"},{"taxonomy":"collection","embeddable":true,"href":"https:\/\/brizyproducts.com\/fr\/wp-json\/wp\/v2\/collection?post=12439"},{"taxonomy":"activity","embeddable":true,"href":"https:\/\/brizyproducts.com\/fr\/wp-json\/wp\/v2\/activity?post=12439"},{"taxonomy":"product_type_brizy","embeddable":true,"href":"https:\/\/brizyproducts.com\/fr\/wp-json\/wp\/v2\/product_type_brizy?post=12439"}],"curies":[{"name":"wp","href":"https:\/\/api.w.org\/{rel}","templated":true}]}}