{"id":12415,"date":"2024-03-13T16:43:53","date_gmt":"2024-03-13T16:43:53","guid":{"rendered":"https:\/\/brizyproducts.com\/product\/sydney-special-summer-jacket\/"},"modified":"2025-01-29T15:07:11","modified_gmt":"2025-01-29T15:07:11","slug":"sydney-special-summer-jacket","status":"publish","type":"product","link":"https:\/\/brizyproducts.com\/fr\/product\/sydney-special-summer-jacket\/","title":{"rendered":"Veste d&rsquo;\u00e9t\u00e9 sp\u00e9ciale Sydney"},"content":{"rendered":"<p>D\u00e9couvrez notre veste Sidney, l\u00e9g\u00e8re et r\u00e9sistante, fabriqu\u00e9e dans une mati\u00e8re extensible dans les quatre sens pour un confort incroyable. Que vous travailliez \u00e0 l&rsquo;\u00e9curie ou que vous soyez constamment en d\u00e9placement, la veste Sidney est con\u00e7ue pour r\u00e9pondre \u00e0 vos besoins. Explorez la possibilit\u00e9 de personnaliser la veste selon vos pr\u00e9f\u00e9rences. Choisissez parmi les diff\u00e9rentes couleurs, sp\u00e9cifiez vos mesures et cr\u00e9ez la veste qui vous convient parfaitement.<\/p>\n<p><strong>Cliquez sur le devis ci-dessous et envoyez votre demande ou n&rsquo;h\u00e9sitez pas \u00e0 nous contacter directement !<\/strong><\/p>\n","protected":false},"excerpt":{"rendered":"<p>D\u00e9couvrez notre veste Sidney, l\u00e9g\u00e8re et r\u00e9sistante, fabriqu\u00e9e dans une mati\u00e8re extensible dans les quatre sens pour un confort incroyable. Que vous travailliez \u00e0 l&rsquo;\u00e9curie ou que vous soyez constamment en d\u00e9placement, la veste Sidney est con\u00e7ue pour r\u00e9pondre \u00e0 vos besoins. Explorez la possibilit\u00e9 de personnaliser la veste selon vos pr\u00e9f\u00e9rences. Choisissez parmi les [&hellip;]<\/p>\n","protected":false},"featured_media":12416,"comment_status":"closed","ping_status":"closed","template":"","meta":{"_acf_changed":false},"product_brand":[],"product_cat":[273,447],"product_tag":[],"season":[501],"gender":[509,511],"collection":[521],"activity":[559,561],"product_type_brizy":[567],"class_list":{"0":"post-12415","1":"product","2":"type-product","3":"status-publish","4":"has-post-thumbnail","6":"product_cat-jackets","7":"product_cat-tailor-made-layout","8":"season-summer","9":"gender-men","10":"gender-women","11":"collection-sydney","12":"activity-stable","13":"activity-training","14":"product_type_brizy-custom-made","16":"first","17":"instock","18":"taxable","19":"shipping-taxable","20":"purchasable","21":"product-type-simple"},"acf":[],"yoast_head":"<!-- This site is optimized with the Yoast SEO plugin v27.4 - https:\/\/yoast.com\/product\/yoast-seo-wordpress\/ -->\n<title>Veste d&#039;\u00e9t\u00e9 sp\u00e9ciale Sydney | Harness racing clothing | Brizy<\/title>\n<meta name=\"description\" content=\"D\u00e9couvrez notre veste Sidney, l\u00e9g\u00e8re et r\u00e9sistante, fabriqu\u00e9e dans une mati\u00e8re extensible dans les quatre sens pour un confort incroyable. Que vous\" \/>\n<meta name=\"robots\" content=\"index, follow, max-snippet:-1, max-image-preview:large, max-video-preview:-1\" \/>\n<link rel=\"canonical\" href=\"https:\/\/brizyproducts.com\/fr\/product\/sydney-special-summer-jacket\/\" \/>\n<meta property=\"og:locale\" content=\"fr_FR\" \/>\n<meta property=\"og:type\" content=\"article\" \/>\n<meta property=\"og:title\" content=\"Veste d&#039;\u00e9t\u00e9 sp\u00e9ciale Sydney | Harness racing clothing | Brizy\" \/>\n<meta property=\"og:description\" content=\"D\u00e9couvrez notre veste Sidney, l\u00e9g\u00e8re et r\u00e9sistante, fabriqu\u00e9e dans une mati\u00e8re extensible dans les quatre sens pour un confort incroyable. Que vous\" \/>\n<meta property=\"og:url\" content=\"https:\/\/brizyproducts.com\/fr\/product\/sydney-special-summer-jacket\/\" \/>\n<meta property=\"og:site_name\" content=\"Brizy Products\" \/>\n<meta property=\"article:publisher\" content=\"https:\/\/www.facebook.com\/brizy.1983\/\" \/>\n<meta property=\"article:modified_time\" content=\"2025-01-29T15:07:11+00:00\" \/>\n<meta property=\"og:image\" content=\"https:\/\/brizyproducts.com\/wp-content\/uploads\/2024\/03\/2-png.webp\" \/>\n\t<meta property=\"og:image:width\" content=\"3375\" \/>\n\t<meta property=\"og:image:height\" content=\"4500\" \/>\n\t<meta property=\"og:image:type\" content=\"image\/png\" \/>\n<meta name=\"twitter:card\" content=\"summary_large_image\" \/>\n<meta property=\"product:price:amount\" content=\"0.00\" \/>\n<meta property=\"product:price:currency\" content=\"USD\" \/>\n<meta property=\"og:availability\" content=\"instock\" \/>\n<meta property=\"product:availability\" content=\"instock\" \/>\n<meta property=\"product:retailer_item_id\" content=\"4107-3\" \/>\n<meta property=\"product:condition\" content=\"new\" \/>\n<!-- \/ Yoast SEO plugin. -->","yoast_head_json":{"title":"Veste d'\u00e9t\u00e9 sp\u00e9ciale Sydney | Harness racing clothing | Brizy","description":"D\u00e9couvrez notre veste Sidney, l\u00e9g\u00e8re et r\u00e9sistante, fabriqu\u00e9e dans une mati\u00e8re extensible dans les quatre sens pour un confort incroyable. Que vous","robots":{"index":"index","follow":"follow","max-snippet":"max-snippet:-1","max-image-preview":"max-image-preview:large","max-video-preview":"max-video-preview:-1"},"canonical":"https:\/\/brizyproducts.com\/fr\/product\/sydney-special-summer-jacket\/","og_locale":"fr_FR","og_type":"article","og_title":"Veste d'\u00e9t\u00e9 sp\u00e9ciale Sydney | Harness racing clothing | Brizy","og_description":"D\u00e9couvrez notre veste Sidney, l\u00e9g\u00e8re et r\u00e9sistante, fabriqu\u00e9e dans une mati\u00e8re extensible dans les quatre sens pour un confort incroyable. Que vous","og_url":"https:\/\/brizyproducts.com\/fr\/product\/sydney-special-summer-jacket\/","og_site_name":"Brizy Products","article_publisher":"https:\/\/www.facebook.com\/brizy.1983\/","article_modified_time":"2025-01-29T15:07:11+00:00","og_image":[{"width":3375,"height":4500,"url":"https:\/\/brizyproducts.com\/wp-content\/uploads\/2024\/03\/2-png.webp","type":"image\/png"}],"twitter_card":"summary_large_image","schema":{"@context":"https:\/\/schema.org","@graph":[{"@type":"WebPage","@id":"https:\/\/brizyproducts.com\/fr\/product\/sydney-special-summer-jacket\/","url":"https:\/\/brizyproducts.com\/fr\/product\/sydney-special-summer-jacket\/","name":"Veste d'\u00e9t\u00e9 sp\u00e9ciale Sydney | Harness racing clothing | Brizy","isPartOf":{"@id":"https:\/\/brizyproducts.com\/fr\/#website"},"primaryImageOfPage":{"@id":"https:\/\/brizyproducts.com\/fr\/product\/sydney-special-summer-jacket\/#primaryimage"},"image":{"@id":"https:\/\/brizyproducts.com\/fr\/product\/sydney-special-summer-jacket\/#primaryimage"},"thumbnailUrl":"https:\/\/brizyproducts.com\/wp-content\/uploads\/2024\/03\/2-png.webp","datePublished":"2024-03-13T16:43:53+00:00","dateModified":"2025-01-29T15:07:11+00:00","description":"D\u00e9couvrez notre veste Sidney, l\u00e9g\u00e8re et r\u00e9sistante, fabriqu\u00e9e dans une mati\u00e8re extensible dans les quatre sens pour un confort incroyable. Que vous","breadcrumb":{"@id":"https:\/\/brizyproducts.com\/fr\/product\/sydney-special-summer-jacket\/#breadcrumb"},"inLanguage":"fr-FR","potentialAction":[{"@type":"ReadAction","target":["https:\/\/brizyproducts.com\/fr\/product\/sydney-special-summer-jacket\/"]}]},{"@type":"ImageObject","inLanguage":"fr-FR","@id":"https:\/\/brizyproducts.com\/fr\/product\/sydney-special-summer-jacket\/#primaryimage","url":"https:\/\/brizyproducts.com\/wp-content\/uploads\/2024\/03\/2-png.webp","contentUrl":"https:\/\/brizyproducts.com\/wp-content\/uploads\/2024\/03\/2-png.webp","width":3375,"height":4500},{"@type":"BreadcrumbList","@id":"https:\/\/brizyproducts.com\/fr\/product\/sydney-special-summer-jacket\/#breadcrumb","itemListElement":[{"@type":"ListItem","position":1,"name":"Hem","item":"https:\/\/brizyproducts.com\/fr\/start-april-2026\/"},{"@type":"ListItem","position":2,"name":"Shop","item":"https:\/\/brizyproducts.com\/fr\/shop\/"},{"@type":"ListItem","position":3,"name":"Veste d&#8217;\u00e9t\u00e9 sp\u00e9ciale Sydney"}]},{"@type":"WebSite","@id":"https:\/\/brizyproducts.com\/fr\/#website","url":"https:\/\/brizyproducts.com\/fr\/","name":"Brizy","description":"","publisher":{"@id":"https:\/\/brizyproducts.com\/fr\/#organization"},"potentialAction":[{"@type":"SearchAction","target":{"@type":"EntryPoint","urlTemplate":"https:\/\/brizyproducts.com\/fr\/?s={search_term_string}"},"query-input":{"@type":"PropertyValueSpecification","valueRequired":true,"valueName":"search_term_string"}}],"inLanguage":"fr-FR"},{"@type":"Organization","@id":"https:\/\/brizyproducts.com\/fr\/#organization","name":"Brizy","url":"https:\/\/brizyproducts.com\/fr\/","logo":{"@type":"ImageObject","inLanguage":"fr-FR","@id":"https:\/\/brizyproducts.com\/fr\/#\/schema\/logo\/image\/","url":"https:\/\/brizyproducts.com\/wp-content\/uploads\/2023\/12\/Brizy-old.svg","contentUrl":"https:\/\/brizyproducts.com\/wp-content\/uploads\/2023\/12\/Brizy-old.svg","width":1,"height":1,"caption":"Brizy"},"image":{"@id":"https:\/\/brizyproducts.com\/fr\/#\/schema\/logo\/image\/"},"sameAs":["https:\/\/www.facebook.com\/brizy.1983\/","https:\/\/www.linkedin.com\/company\/brizy-produktion\/"]}]},"product_price_amount":"0.00","product_price_currency":"USD","og_availability":"instock","product_availability":"instock","product_retailer_item_id":"4107-3","product_condition":"new"},"_links":{"self":[{"href":"https:\/\/brizyproducts.com\/fr\/wp-json\/wp\/v2\/product\/12415","targetHints":{"allow":["GET"]}}],"collection":[{"href":"https:\/\/brizyproducts.com\/fr\/wp-json\/wp\/v2\/product"}],"about":[{"href":"https:\/\/brizyproducts.com\/fr\/wp-json\/wp\/v2\/types\/product"}],"replies":[{"embeddable":true,"href":"https:\/\/brizyproducts.com\/fr\/wp-json\/wp\/v2\/comments?post=12415"}],"wp:featuredmedia":[{"embeddable":true,"href":"https:\/\/brizyproducts.com\/fr\/wp-json\/wp\/v2\/media\/12416"}],"wp:attachment":[{"href":"https:\/\/brizyproducts.com\/fr\/wp-json\/wp\/v2\/media?parent=12415"}],"wp:term":[{"taxonomy":"product_brand","embeddable":true,"href":"https:\/\/brizyproducts.com\/fr\/wp-json\/wp\/v2\/product_brand?post=12415"},{"taxonomy":"product_cat","embeddable":true,"href":"https:\/\/brizyproducts.com\/fr\/wp-json\/wp\/v2\/product_cat?post=12415"},{"taxonomy":"product_tag","embeddable":true,"href":"https:\/\/brizyproducts.com\/fr\/wp-json\/wp\/v2\/product_tag?post=12415"},{"taxonomy":"season","embeddable":true,"href":"https:\/\/brizyproducts.com\/fr\/wp-json\/wp\/v2\/season?post=12415"},{"taxonomy":"gender","embeddable":true,"href":"https:\/\/brizyproducts.com\/fr\/wp-json\/wp\/v2\/gender?post=12415"},{"taxonomy":"collection","embeddable":true,"href":"https:\/\/brizyproducts.com\/fr\/wp-json\/wp\/v2\/collection?post=12415"},{"taxonomy":"activity","embeddable":true,"href":"https:\/\/brizyproducts.com\/fr\/wp-json\/wp\/v2\/activity?post=12415"},{"taxonomy":"product_type_brizy","embeddable":true,"href":"https:\/\/brizyproducts.com\/fr\/wp-json\/wp\/v2\/product_type_brizy?post=12415"}],"curies":[{"name":"wp","href":"https:\/\/api.w.org\/{rel}","templated":true}]}}