{"id":12395,"date":"2024-03-26T13:44:53","date_gmt":"2024-03-26T13:44:53","guid":{"rendered":"https:\/\/brizyproducts.com\/product\/tioga-rain-pants\/"},"modified":"2026-01-08T13:11:02","modified_gmt":"2026-01-08T13:11:02","slug":"tioga-rain-pants","status":"publish","type":"product","link":"https:\/\/brizyproducts.com\/fr\/product\/tioga-rain-pants\/","title":{"rendered":"Pantalon de pluie Tioga"},"content":{"rendered":"<h2><strong>Pantalon de pluie pour l\u2019\u00e9curie et les courses<\/strong><\/h2>\n<p>Les Tioga Rain Pants sont le choix \u00e9vident pour les drivers et le personnel de l\u2019\u00e9curie qui recherchent un pantalon durable et pratique, \u00e0 la fois pour le travail au quotidien et pour les courses. La couche ext\u00e9rieure imperm\u00e9able et coupe-vent vous garde au sec par tous les temps.<\/p>\n<p>Les bretelles amovibles et la taille \u00e9lastique avec cordon de serrage offrent un ajustement r\u00e9glable, assurant confort m\u00eame pendant le travail. La couleur blanche permet de les porter lors des journ\u00e9es de course, afin de les assortir \u00e0 vos couleurs de comp\u00e9tition ou de les utiliser pendant l\u2019\u00e9chauffement sur l\u2019hippodrome.<\/p>\n<p>Un pantalon de pluie polyvalent con\u00e7u pour r\u00e9sister aux conditions m\u00e9t\u00e9orologiques impr\u00e9visibles du printemps et de l\u2019automne.<\/p>\n","protected":false},"excerpt":{"rendered":"<p>Pantalon de pluie blanc, parfait pour l\u2019entra\u00eenement, l\u2019\u00e9chauffement et les courses.<\/p>\n","protected":false},"featured_media":12396,"comment_status":"closed","ping_status":"closed","template":"","meta":{"_acf_changed":false},"product_brand":[],"product_cat":[241],"product_tag":[],"season":[507,505,501],"gender":[509],"collection":[537],"activity":[561,563],"product_type_brizy":[569],"class_list":{"0":"post-12395","1":"product","2":"type-product","3":"status-publish","4":"has-post-thumbnail","6":"product_cat-trousers","7":"season-rain","8":"season-spring-fall","9":"season-summer","10":"gender-men","11":"collection-tioga","12":"activity-training","13":"activity-trotting","14":"product_type_brizy-stock-products","16":"first","17":"instock","18":"taxable","19":"shipping-taxable","20":"purchasable","21":"product-type-variable"},"acf":[],"yoast_head":"<!-- This site is optimized with the Yoast SEO plugin v27.4 - https:\/\/yoast.com\/product\/yoast-seo-wordpress\/ -->\n<title>Pantalon de pluie Tioga | Pantalon de pluie pour le trot | Brizy<\/title>\n<meta name=\"description\" content=\"Un pantalon de pluie sp\u00e9cialement con\u00e7u pour \u00eatre utilis\u00e9 lors des journ\u00e9es de course pluvieuses. Parfait pour les drivers et entra\u00eeneurs de trot.\" \/>\n<meta name=\"robots\" content=\"index, follow, max-snippet:-1, max-image-preview:large, max-video-preview:-1\" \/>\n<link rel=\"canonical\" href=\"https:\/\/brizyproducts.com\/fr\/product\/tioga-rain-pants\/\" \/>\n<meta property=\"og:locale\" content=\"fr_FR\" \/>\n<meta property=\"og:type\" content=\"article\" \/>\n<meta property=\"og:title\" content=\"Pantalon de pluie Tioga | Pantalon de pluie pour le trot | Brizy\" \/>\n<meta property=\"og:description\" content=\"Un pantalon de pluie sp\u00e9cialement con\u00e7u pour \u00eatre utilis\u00e9 lors des journ\u00e9es de course pluvieuses. Parfait pour les drivers et entra\u00eeneurs de trot.\" \/>\n<meta property=\"og:url\" content=\"https:\/\/brizyproducts.com\/fr\/product\/tioga-rain-pants\/\" \/>\n<meta property=\"og:site_name\" content=\"Brizy Products\" \/>\n<meta property=\"article:publisher\" content=\"https:\/\/www.facebook.com\/brizy.1983\/\" \/>\n<meta property=\"article:modified_time\" content=\"2026-01-08T13:11:02+00:00\" \/>\n<meta property=\"og:image\" content=\"https:\/\/brizyproducts.com\/wp-content\/uploads\/2024\/03\/3-1-png.webp\" \/>\n\t<meta property=\"og:image:width\" content=\"3375\" \/>\n\t<meta property=\"og:image:height\" content=\"4500\" \/>\n\t<meta property=\"og:image:type\" content=\"image\/png\" \/>\n<meta name=\"twitter:card\" content=\"summary_large_image\" \/>\n<meta property=\"og:availability\" content=\"instock\" \/>\n<meta property=\"product:availability\" content=\"instock\" \/>\n<meta property=\"product:condition\" content=\"new\" \/>\n<!-- \/ Yoast SEO plugin. -->","yoast_head_json":{"title":"Pantalon de pluie Tioga | Pantalon de pluie pour le trot | Brizy","description":"Un pantalon de pluie sp\u00e9cialement con\u00e7u pour \u00eatre utilis\u00e9 lors des journ\u00e9es de course pluvieuses. Parfait pour les drivers et entra\u00eeneurs de trot.","robots":{"index":"index","follow":"follow","max-snippet":"max-snippet:-1","max-image-preview":"max-image-preview:large","max-video-preview":"max-video-preview:-1"},"canonical":"https:\/\/brizyproducts.com\/fr\/product\/tioga-rain-pants\/","og_locale":"fr_FR","og_type":"article","og_title":"Pantalon de pluie Tioga | Pantalon de pluie pour le trot | Brizy","og_description":"Un pantalon de pluie sp\u00e9cialement con\u00e7u pour \u00eatre utilis\u00e9 lors des journ\u00e9es de course pluvieuses. Parfait pour les drivers et entra\u00eeneurs de trot.","og_url":"https:\/\/brizyproducts.com\/fr\/product\/tioga-rain-pants\/","og_site_name":"Brizy Products","article_publisher":"https:\/\/www.facebook.com\/brizy.1983\/","article_modified_time":"2026-01-08T13:11:02+00:00","og_image":[{"width":3375,"height":4500,"url":"https:\/\/brizyproducts.com\/wp-content\/uploads\/2024\/03\/3-1-png.webp","type":"image\/png"}],"twitter_card":"summary_large_image","schema":{"@context":"https:\/\/schema.org","@graph":[{"@type":"WebPage","@id":"https:\/\/brizyproducts.com\/fr\/product\/tioga-rain-pants\/","url":"https:\/\/brizyproducts.com\/fr\/product\/tioga-rain-pants\/","name":"Pantalon de pluie Tioga | Pantalon de pluie pour le trot | Brizy","isPartOf":{"@id":"https:\/\/brizyproducts.com\/fr\/#website"},"primaryImageOfPage":{"@id":"https:\/\/brizyproducts.com\/fr\/product\/tioga-rain-pants\/#primaryimage"},"image":{"@id":"https:\/\/brizyproducts.com\/fr\/product\/tioga-rain-pants\/#primaryimage"},"thumbnailUrl":"https:\/\/brizyproducts.com\/wp-content\/uploads\/2024\/03\/3-1-png.webp","datePublished":"2024-03-26T13:44:53+00:00","dateModified":"2026-01-08T13:11:02+00:00","description":"Un pantalon de pluie sp\u00e9cialement con\u00e7u pour \u00eatre utilis\u00e9 lors des journ\u00e9es de course pluvieuses. Parfait pour les drivers et entra\u00eeneurs de trot.","breadcrumb":{"@id":"https:\/\/brizyproducts.com\/fr\/product\/tioga-rain-pants\/#breadcrumb"},"inLanguage":"fr-FR","potentialAction":[{"@type":"ReadAction","target":["https:\/\/brizyproducts.com\/fr\/product\/tioga-rain-pants\/"]}]},{"@type":"ImageObject","inLanguage":"fr-FR","@id":"https:\/\/brizyproducts.com\/fr\/product\/tioga-rain-pants\/#primaryimage","url":"https:\/\/brizyproducts.com\/wp-content\/uploads\/2024\/03\/3-1-png.webp","contentUrl":"https:\/\/brizyproducts.com\/wp-content\/uploads\/2024\/03\/3-1-png.webp","width":3375,"height":4500},{"@type":"BreadcrumbList","@id":"https:\/\/brizyproducts.com\/fr\/product\/tioga-rain-pants\/#breadcrumb","itemListElement":[{"@type":"ListItem","position":1,"name":"Hem","item":"https:\/\/brizyproducts.com\/fr\/"},{"@type":"ListItem","position":2,"name":"Shop","item":"https:\/\/brizyproducts.com\/fr\/shop\/"},{"@type":"ListItem","position":3,"name":"Pantalon de pluie Tioga"}]},{"@type":"WebSite","@id":"https:\/\/brizyproducts.com\/fr\/#website","url":"https:\/\/brizyproducts.com\/fr\/","name":"Brizy","description":"","publisher":{"@id":"https:\/\/brizyproducts.com\/fr\/#organization"},"potentialAction":[{"@type":"SearchAction","target":{"@type":"EntryPoint","urlTemplate":"https:\/\/brizyproducts.com\/fr\/?s={search_term_string}"},"query-input":{"@type":"PropertyValueSpecification","valueRequired":true,"valueName":"search_term_string"}}],"inLanguage":"fr-FR"},{"@type":"Organization","@id":"https:\/\/brizyproducts.com\/fr\/#organization","name":"Brizy","url":"https:\/\/brizyproducts.com\/fr\/","logo":{"@type":"ImageObject","inLanguage":"fr-FR","@id":"https:\/\/brizyproducts.com\/fr\/#\/schema\/logo\/image\/","url":"https:\/\/brizyproducts.com\/wp-content\/uploads\/2023\/12\/Brizy-old.svg","contentUrl":"https:\/\/brizyproducts.com\/wp-content\/uploads\/2023\/12\/Brizy-old.svg","width":1,"height":1,"caption":"Brizy"},"image":{"@id":"https:\/\/brizyproducts.com\/fr\/#\/schema\/logo\/image\/"},"sameAs":["https:\/\/www.facebook.com\/brizy.1983\/","https:\/\/www.linkedin.com\/company\/brizy-produktion\/"]}]},"og_availability":"instock","product_availability":"instock","product_condition":"new"},"_links":{"self":[{"href":"https:\/\/brizyproducts.com\/fr\/wp-json\/wp\/v2\/product\/12395","targetHints":{"allow":["GET"]}}],"collection":[{"href":"https:\/\/brizyproducts.com\/fr\/wp-json\/wp\/v2\/product"}],"about":[{"href":"https:\/\/brizyproducts.com\/fr\/wp-json\/wp\/v2\/types\/product"}],"replies":[{"embeddable":true,"href":"https:\/\/brizyproducts.com\/fr\/wp-json\/wp\/v2\/comments?post=12395"}],"wp:featuredmedia":[{"embeddable":true,"href":"https:\/\/brizyproducts.com\/fr\/wp-json\/wp\/v2\/media\/12396"}],"wp:attachment":[{"href":"https:\/\/brizyproducts.com\/fr\/wp-json\/wp\/v2\/media?parent=12395"}],"wp:term":[{"taxonomy":"product_brand","embeddable":true,"href":"https:\/\/brizyproducts.com\/fr\/wp-json\/wp\/v2\/product_brand?post=12395"},{"taxonomy":"product_cat","embeddable":true,"href":"https:\/\/brizyproducts.com\/fr\/wp-json\/wp\/v2\/product_cat?post=12395"},{"taxonomy":"product_tag","embeddable":true,"href":"https:\/\/brizyproducts.com\/fr\/wp-json\/wp\/v2\/product_tag?post=12395"},{"taxonomy":"season","embeddable":true,"href":"https:\/\/brizyproducts.com\/fr\/wp-json\/wp\/v2\/season?post=12395"},{"taxonomy":"gender","embeddable":true,"href":"https:\/\/brizyproducts.com\/fr\/wp-json\/wp\/v2\/gender?post=12395"},{"taxonomy":"collection","embeddable":true,"href":"https:\/\/brizyproducts.com\/fr\/wp-json\/wp\/v2\/collection?post=12395"},{"taxonomy":"activity","embeddable":true,"href":"https:\/\/brizyproducts.com\/fr\/wp-json\/wp\/v2\/activity?post=12395"},{"taxonomy":"product_type_brizy","embeddable":true,"href":"https:\/\/brizyproducts.com\/fr\/wp-json\/wp\/v2\/product_type_brizy?post=12395"}],"curies":[{"name":"wp","href":"https:\/\/api.w.org\/{rel}","templated":true}]}}