{"id":12349,"date":"2025-11-18T12:04:00","date_gmt":"2025-11-18T12:04:00","guid":{"rendered":"https:\/\/brizyproducts.com\/product\/bergen-rain-jacket\/"},"modified":"2025-11-27T20:19:12","modified_gmt":"2025-11-27T20:19:12","slug":"bergen-rain-jacket","status":"publish","type":"product","link":"https:\/\/brizyproducts.com\/fr\/product\/bergen-rain-jacket\/","title":{"rendered":"Veste de pluie Bergen"},"content":{"rendered":"<h2>Veste de pluie r\u00e9sistante pour l\u2019entra\u00eenement au trot<\/h2>\n<p>La veste de pluie Bergen est votre nouveau choix incontournable pour l\u2019entra\u00eenement des chevaux par tous les temps, offrant une veste durable, pratique et fiable sur laquelle vous pouvez compter.<\/p>\n<p>Sa surface imperm\u00e9able caoutchout\u00e9e et ses coutures soud\u00e9es garantissent que vous restiez au sec toute la journ\u00e9e. Une isolation l\u00e9g\u00e8re vous garde au chaud par vent et pluie sans ajouter de volume. La coupe confortable et flexible, avec \u00e9lastique \u00e0 l\u2019ourlet et aux poignets de la veste, vous offre une libert\u00e9 de mouvement totale, que vous soyez en train de curer ou d\u2019entra\u00eener les chevaux.<\/p>\n<p>Une veste de pluie polyvalente con\u00e7ue pour affronter les intemp\u00e9ries impr\u00e9visibles du printemps, de l\u2019automne et de l\u2019hiver.<br \/>\nLa veste a une coupe r\u00e9guli\u00e8re, nous vous recommandons de choisir votre taille habituelle.<\/p>\n","protected":false},"excerpt":{"rendered":"<p>Veste de pluie durable con\u00e7ue pour vous garder au sec et \u00e0 l\u2019aise, m\u00eame lors de l\u2019entra\u00eenement des chevaux.<\/p>\n","protected":false},"featured_media":12350,"comment_status":"closed","ping_status":"closed","template":"","meta":{"_acf_changed":false},"product_brand":[],"product_cat":[574,273],"product_tag":[288],"class_list":{"0":"post-12349","1":"product","2":"type-product","3":"status-publish","4":"has-post-thumbnail","6":"product_cat-black-friday","7":"product_cat-jackets","8":"product_tag-bergen-fr","9":"season-rain","10":"season-spring-fall","11":"season-winter","12":"gender-men","13":"collection-bergen","14":"activity-training","15":"activity-workwear","16":"product_type_brizy-stock-products","18":"first","19":"instock","20":"taxable","21":"shipping-taxable","22":"purchasable","23":"product-type-variable"},"acf":[],"yoast_head":"<!-- This site is optimized with the Yoast SEO plugin v27.3 - https:\/\/yoast.com\/product\/yoast-seo-wordpress\/ -->\n<title>Veste de pluie Bergen | Harness racing clothing | Brizy<\/title>\n<meta name=\"description\" content=\"Veste de pluie Bergen \u2013 imperm\u00e9able et coupe-vent. Id\u00e9ale pour l\u2019entra\u00eenement au trot, confort et libert\u00e9 de mouvement.\" \/>\n<meta name=\"robots\" content=\"index, follow, max-snippet:-1, max-image-preview:large, max-video-preview:-1\" \/>\n<link rel=\"canonical\" href=\"https:\/\/brizyproducts.com\/fr\/product\/bergen-rain-jacket\/\" \/>\n<meta property=\"og:locale\" content=\"fr_FR\" \/>\n<meta property=\"og:type\" content=\"article\" \/>\n<meta property=\"og:title\" content=\"Veste de pluie Bergen | Harness racing clothing | Brizy\" \/>\n<meta property=\"og:description\" content=\"Veste de pluie Bergen \u2013 imperm\u00e9able et coupe-vent. Id\u00e9ale pour l\u2019entra\u00eenement au trot, confort et libert\u00e9 de mouvement.\" \/>\n<meta property=\"og:url\" content=\"https:\/\/brizyproducts.com\/fr\/product\/bergen-rain-jacket\/\" \/>\n<meta property=\"og:site_name\" content=\"Brizy Products\" \/>\n<meta property=\"article:publisher\" content=\"https:\/\/www.facebook.com\/brizy.1983\/\" \/>\n<meta property=\"article:modified_time\" content=\"2025-11-27T20:19:12+00:00\" \/>\n<meta property=\"og:image\" content=\"https:\/\/brizyproducts.com\/wp-content\/uploads\/2024\/03\/2-3-png.webp\" \/>\n\t<meta property=\"og:image:width\" content=\"3375\" \/>\n\t<meta property=\"og:image:height\" content=\"4500\" \/>\n\t<meta property=\"og:image:type\" content=\"image\/png\" \/>\n<meta name=\"twitter:card\" content=\"summary_large_image\" \/>\n<meta property=\"og:availability\" content=\"instock\" \/>\n<meta property=\"product:availability\" content=\"instock\" \/>\n<meta property=\"product:retailer_item_id\" content=\"6400-01\" \/>\n<meta property=\"product:condition\" content=\"new\" \/>\n<!-- \/ Yoast SEO plugin. -->","yoast_head_json":{"title":"Veste de pluie Bergen | Harness racing clothing | Brizy","description":"Veste de pluie Bergen \u2013 imperm\u00e9able et coupe-vent. Id\u00e9ale pour l\u2019entra\u00eenement au trot, confort et libert\u00e9 de mouvement.","robots":{"index":"index","follow":"follow","max-snippet":"max-snippet:-1","max-image-preview":"max-image-preview:large","max-video-preview":"max-video-preview:-1"},"canonical":"https:\/\/brizyproducts.com\/fr\/product\/bergen-rain-jacket\/","og_locale":"fr_FR","og_type":"article","og_title":"Veste de pluie Bergen | Harness racing clothing | Brizy","og_description":"Veste de pluie Bergen \u2013 imperm\u00e9able et coupe-vent. Id\u00e9ale pour l\u2019entra\u00eenement au trot, confort et libert\u00e9 de mouvement.","og_url":"https:\/\/brizyproducts.com\/fr\/product\/bergen-rain-jacket\/","og_site_name":"Brizy Products","article_publisher":"https:\/\/www.facebook.com\/brizy.1983\/","article_modified_time":"2025-11-27T20:19:12+00:00","og_image":[{"width":3375,"height":4500,"url":"https:\/\/brizyproducts.com\/wp-content\/uploads\/2024\/03\/2-3-png.webp","type":"image\/png"}],"twitter_card":"summary_large_image","schema":{"@context":"https:\/\/schema.org","@graph":[{"@type":"WebPage","@id":"https:\/\/brizyproducts.com\/fr\/product\/bergen-rain-jacket\/","url":"https:\/\/brizyproducts.com\/fr\/product\/bergen-rain-jacket\/","name":"Veste de pluie Bergen | Harness racing clothing | Brizy","isPartOf":{"@id":"https:\/\/brizyproducts.com\/fr\/#website"},"primaryImageOfPage":{"@id":"https:\/\/brizyproducts.com\/fr\/product\/bergen-rain-jacket\/#primaryimage"},"image":{"@id":"https:\/\/brizyproducts.com\/fr\/product\/bergen-rain-jacket\/#primaryimage"},"thumbnailUrl":"https:\/\/brizyproducts.com\/wp-content\/uploads\/2024\/03\/2-3-png.webp","datePublished":"2025-11-18T12:04:00+00:00","dateModified":"2025-11-27T20:19:12+00:00","description":"Veste de pluie Bergen \u2013 imperm\u00e9able et coupe-vent. Id\u00e9ale pour l\u2019entra\u00eenement au trot, confort et libert\u00e9 de mouvement.","breadcrumb":{"@id":"https:\/\/brizyproducts.com\/fr\/product\/bergen-rain-jacket\/#breadcrumb"},"inLanguage":"fr-FR","potentialAction":[{"@type":"ReadAction","target":["https:\/\/brizyproducts.com\/fr\/product\/bergen-rain-jacket\/"]}]},{"@type":"ImageObject","inLanguage":"fr-FR","@id":"https:\/\/brizyproducts.com\/fr\/product\/bergen-rain-jacket\/#primaryimage","url":"https:\/\/brizyproducts.com\/wp-content\/uploads\/2024\/03\/2-3-png.webp","contentUrl":"https:\/\/brizyproducts.com\/wp-content\/uploads\/2024\/03\/2-3-png.webp","width":3375,"height":4500},{"@type":"BreadcrumbList","@id":"https:\/\/brizyproducts.com\/fr\/product\/bergen-rain-jacket\/#breadcrumb","itemListElement":[{"@type":"ListItem","position":1,"name":"Hem","item":"https:\/\/brizyproducts.com\/fr\/"},{"@type":"ListItem","position":2,"name":"Shop","item":"https:\/\/brizyproducts.com\/fr\/shop\/"},{"@type":"ListItem","position":3,"name":"Veste de pluie Bergen"}]},{"@type":"WebSite","@id":"https:\/\/brizyproducts.com\/fr\/#website","url":"https:\/\/brizyproducts.com\/fr\/","name":"Brizy","description":"","publisher":{"@id":"https:\/\/brizyproducts.com\/fr\/#organization"},"potentialAction":[{"@type":"SearchAction","target":{"@type":"EntryPoint","urlTemplate":"https:\/\/brizyproducts.com\/fr\/?s={search_term_string}"},"query-input":{"@type":"PropertyValueSpecification","valueRequired":true,"valueName":"search_term_string"}}],"inLanguage":"fr-FR"},{"@type":"Organization","@id":"https:\/\/brizyproducts.com\/fr\/#organization","name":"Brizy","url":"https:\/\/brizyproducts.com\/fr\/","logo":{"@type":"ImageObject","inLanguage":"fr-FR","@id":"https:\/\/brizyproducts.com\/fr\/#\/schema\/logo\/image\/","url":"https:\/\/brizyproducts.com\/wp-content\/uploads\/2023\/12\/Brizy-old.svg","contentUrl":"https:\/\/brizyproducts.com\/wp-content\/uploads\/2023\/12\/Brizy-old.svg","width":1,"height":1,"caption":"Brizy"},"image":{"@id":"https:\/\/brizyproducts.com\/fr\/#\/schema\/logo\/image\/"},"sameAs":["https:\/\/www.facebook.com\/brizy.1983\/","https:\/\/www.linkedin.com\/company\/brizy-produktion\/"]}]},"og_availability":"instock","product_availability":"instock","product_retailer_item_id":"6400-01","product_condition":"new"},"_links":{"self":[{"href":"https:\/\/brizyproducts.com\/fr\/wp-json\/wp\/v2\/product\/12349","targetHints":{"allow":["GET"]}}],"collection":[{"href":"https:\/\/brizyproducts.com\/fr\/wp-json\/wp\/v2\/product"}],"about":[{"href":"https:\/\/brizyproducts.com\/fr\/wp-json\/wp\/v2\/types\/product"}],"replies":[{"embeddable":true,"href":"https:\/\/brizyproducts.com\/fr\/wp-json\/wp\/v2\/comments?post=12349"}],"wp:featuredmedia":[{"embeddable":true,"href":"https:\/\/brizyproducts.com\/fr\/wp-json\/wp\/v2\/media\/12350"}],"wp:attachment":[{"href":"https:\/\/brizyproducts.com\/fr\/wp-json\/wp\/v2\/media?parent=12349"}],"wp:term":[{"taxonomy":"product_brand","embeddable":true,"href":"https:\/\/brizyproducts.com\/fr\/wp-json\/wp\/v2\/product_brand?post=12349"},{"taxonomy":"product_cat","embeddable":true,"href":"https:\/\/brizyproducts.com\/fr\/wp-json\/wp\/v2\/product_cat?post=12349"},{"taxonomy":"product_tag","embeddable":true,"href":"https:\/\/brizyproducts.com\/fr\/wp-json\/wp\/v2\/product_tag?post=12349"}],"curies":[{"name":"wp","href":"https:\/\/api.w.org\/{rel}","templated":true}]}}