{"id":12264,"date":"2024-05-06T10:10:17","date_gmt":"2024-05-06T10:10:17","guid":{"rendered":"https:\/\/brizyproducts.com\/product\/hermod-vest\/"},"modified":"2025-11-21T20:54:39","modified_gmt":"2025-11-21T20:54:39","slug":"hermod-vest","status":"publish","type":"product","link":"https:\/\/brizyproducts.com\/fr\/product\/hermod-vest\/","title":{"rendered":"Gilet Hermod"},"content":{"rendered":"<p><strong>D\u00e9couvrez la veste Hermod : l\u00e9g\u00e8re et polyvalente pour vos journ\u00e9es d&rsquo;\u00e9curie<\/strong><\/p>\n<p>Nous vous pr\u00e9sentons notre derni\u00e8re nouveaut\u00e9, le gilet Hermod, con\u00e7u pour offrir un confort et une durabilit\u00e9 exceptionnels. La conception polyvalente de ce gilet est parfaite pour les t\u00e2ches stables, les voyages ou les journ\u00e9es charg\u00e9es, vous assurant confort et \u00e9l\u00e9gance. <\/p>\n<p><strong>Caract\u00e9ristiques :<\/strong><\/p>\n<ul>\n<li>Deux poches lat\u00e9rales zipp\u00e9es<\/li>\n<li>Une poche zipp\u00e9e sur la poitrine<\/li>\n<li>Elastique \u00e0 la base pour un ajustement parfait<\/li>\n<\/ul>\n<p><strong>En forme :<\/strong><\/p>\n<ul>\n<li>Coupe r\u00e9guli\u00e8re et fid\u00e8le \u00e0 la taille<\/li>\n<\/ul>\n<p><strong>Composition :<\/strong><\/p>\n<ul>\n<li>Mat\u00e9riau ext\u00e9rieur 100% polyester<\/li>\n<\/ul>\n<p><strong>Personnalisation possible :<\/strong><\/p>\n<ul>\n<li>Personnalisez votre gilet Hermod avec votre logo ou celui de votre sponsor pour une touche unique. N&rsquo;h\u00e9sitez pas \u00e0 nous contacter pour plus de d\u00e9tails. <\/li>\n<\/ul>\n<p>Le gilet Hermod, d&rsquo;une polyvalence in\u00e9gal\u00e9e, r\u00e9pond \u00e0 toutes vos exigences sans effort.<\/p>\n\n","protected":false},"excerpt":{"rendered":"<p>D\u00e9couvrez la veste Hermod : l\u00e9g\u00e8re et polyvalente pour vos journ\u00e9es d&rsquo;\u00e9curie Nous vous pr\u00e9sentons notre derni\u00e8re nouveaut\u00e9, le gilet Hermod, con\u00e7u pour offrir un confort et une durabilit\u00e9 exceptionnels. La conception polyvalente de ce gilet est parfaite pour les t\u00e2ches stables, les voyages ou les journ\u00e9es charg\u00e9es, vous assurant confort et \u00e9l\u00e9gance. Caract\u00e9ristiques : [&hellip;]<\/p>\n","protected":false},"featured_media":12035,"comment_status":"closed","ping_status":"closed","template":"","meta":{"_acf_changed":false},"product_brand":[],"product_cat":[281,438],"product_tag":[243],"season":[505,501],"gender":[509],"collection":[541],"activity":[559,561],"product_type_brizy":[569],"class_list":{"0":"post-12264","1":"product","2":"type-product","3":"status-publish","4":"has-post-thumbnail","6":"product_cat-vests","7":"product_cat-outlet","8":"product_tag-pocono-fr","9":"season-spring-fall","10":"season-summer","11":"gender-men","12":"collection-hermod","13":"activity-stable","14":"activity-training","15":"product_type_brizy-stock-products","17":"first","18":"outofstock","19":"sale","20":"taxable","21":"shipping-taxable","22":"purchasable","23":"product-type-variable"},"acf":[],"yoast_head":"<!-- This site is optimized with the Yoast SEO plugin v27.4 - https:\/\/yoast.com\/product\/yoast-seo-wordpress\/ -->\n<title>Gilet Hermod | Harness racing clothing | Brizy<\/title>\n<meta name=\"description\" content=\"D\u00e9couvrez la veste Hermod : l\u00e9g\u00e8re et polyvalente pour vos journ\u00e9es d&#039;\u00e9curie Nous vous pr\u00e9sentons notre derni\u00e8re nouveaut\u00e9, le gilet Hermod, con\u00e7u pour\" \/>\n<meta name=\"robots\" content=\"index, follow, max-snippet:-1, max-image-preview:large, max-video-preview:-1\" \/>\n<link rel=\"canonical\" href=\"https:\/\/brizyproducts.com\/fr\/product\/hermod-vest\/\" \/>\n<meta property=\"og:locale\" content=\"fr_FR\" \/>\n<meta property=\"og:type\" content=\"article\" \/>\n<meta property=\"og:title\" content=\"Gilet Hermod | Harness racing clothing | Brizy\" \/>\n<meta property=\"og:description\" content=\"D\u00e9couvrez la veste Hermod : l\u00e9g\u00e8re et polyvalente pour vos journ\u00e9es d&#039;\u00e9curie Nous vous pr\u00e9sentons notre derni\u00e8re nouveaut\u00e9, le gilet Hermod, con\u00e7u pour\" \/>\n<meta property=\"og:url\" content=\"https:\/\/brizyproducts.com\/fr\/product\/hermod-vest\/\" \/>\n<meta property=\"og:site_name\" content=\"Brizy Products\" \/>\n<meta property=\"article:publisher\" content=\"https:\/\/www.facebook.com\/brizy.1983\/\" \/>\n<meta property=\"article:modified_time\" content=\"2025-11-21T20:54:39+00:00\" \/>\n<meta property=\"og:image\" content=\"https:\/\/brizyproducts.com\/wp-content\/uploads\/2024\/05\/2-3-png.webp\" \/>\n\t<meta property=\"og:image:width\" content=\"3375\" \/>\n\t<meta property=\"og:image:height\" content=\"4500\" \/>\n\t<meta property=\"og:image:type\" content=\"image\/png\" \/>\n<meta name=\"twitter:card\" content=\"summary_large_image\" \/>\n<meta property=\"og:availability\" content=\"out of stock\" \/>\n<meta property=\"product:availability\" content=\"out of stock\" \/>\n<meta property=\"product:condition\" content=\"new\" \/>\n<!-- \/ Yoast SEO plugin. -->","yoast_head_json":{"title":"Gilet Hermod | Harness racing clothing | Brizy","description":"D\u00e9couvrez la veste Hermod : l\u00e9g\u00e8re et polyvalente pour vos journ\u00e9es d'\u00e9curie Nous vous pr\u00e9sentons notre derni\u00e8re nouveaut\u00e9, le gilet Hermod, con\u00e7u pour","robots":{"index":"index","follow":"follow","max-snippet":"max-snippet:-1","max-image-preview":"max-image-preview:large","max-video-preview":"max-video-preview:-1"},"canonical":"https:\/\/brizyproducts.com\/fr\/product\/hermod-vest\/","og_locale":"fr_FR","og_type":"article","og_title":"Gilet Hermod | Harness racing clothing | Brizy","og_description":"D\u00e9couvrez la veste Hermod : l\u00e9g\u00e8re et polyvalente pour vos journ\u00e9es d'\u00e9curie Nous vous pr\u00e9sentons notre derni\u00e8re nouveaut\u00e9, le gilet Hermod, con\u00e7u pour","og_url":"https:\/\/brizyproducts.com\/fr\/product\/hermod-vest\/","og_site_name":"Brizy Products","article_publisher":"https:\/\/www.facebook.com\/brizy.1983\/","article_modified_time":"2025-11-21T20:54:39+00:00","og_image":[{"width":3375,"height":4500,"url":"https:\/\/brizyproducts.com\/wp-content\/uploads\/2024\/05\/2-3-png.webp","type":"image\/png"}],"twitter_card":"summary_large_image","schema":{"@context":"https:\/\/schema.org","@graph":[{"@type":"WebPage","@id":"https:\/\/brizyproducts.com\/fr\/product\/hermod-vest\/","url":"https:\/\/brizyproducts.com\/fr\/product\/hermod-vest\/","name":"Gilet Hermod | Harness racing clothing | Brizy","isPartOf":{"@id":"https:\/\/brizyproducts.com\/fr\/#website"},"primaryImageOfPage":{"@id":"https:\/\/brizyproducts.com\/fr\/product\/hermod-vest\/#primaryimage"},"image":{"@id":"https:\/\/brizyproducts.com\/fr\/product\/hermod-vest\/#primaryimage"},"thumbnailUrl":"https:\/\/brizyproducts.com\/wp-content\/uploads\/2024\/05\/2-3-png.webp","datePublished":"2024-05-06T10:10:17+00:00","dateModified":"2025-11-21T20:54:39+00:00","description":"D\u00e9couvrez la veste Hermod : l\u00e9g\u00e8re et polyvalente pour vos journ\u00e9es d'\u00e9curie Nous vous pr\u00e9sentons notre derni\u00e8re nouveaut\u00e9, le gilet Hermod, con\u00e7u pour","breadcrumb":{"@id":"https:\/\/brizyproducts.com\/fr\/product\/hermod-vest\/#breadcrumb"},"inLanguage":"fr-FR","potentialAction":[{"@type":"ReadAction","target":["https:\/\/brizyproducts.com\/fr\/product\/hermod-vest\/"]}]},{"@type":"ImageObject","inLanguage":"fr-FR","@id":"https:\/\/brizyproducts.com\/fr\/product\/hermod-vest\/#primaryimage","url":"https:\/\/brizyproducts.com\/wp-content\/uploads\/2024\/05\/2-3-png.webp","contentUrl":"https:\/\/brizyproducts.com\/wp-content\/uploads\/2024\/05\/2-3-png.webp","width":3375,"height":4500},{"@type":"BreadcrumbList","@id":"https:\/\/brizyproducts.com\/fr\/product\/hermod-vest\/#breadcrumb","itemListElement":[{"@type":"ListItem","position":1,"name":"Hem","item":"https:\/\/brizyproducts.com\/fr\/"},{"@type":"ListItem","position":2,"name":"Shop","item":"https:\/\/brizyproducts.com\/fr\/shop\/"},{"@type":"ListItem","position":3,"name":"Gilet Hermod"}]},{"@type":"WebSite","@id":"https:\/\/brizyproducts.com\/fr\/#website","url":"https:\/\/brizyproducts.com\/fr\/","name":"Brizy","description":"","publisher":{"@id":"https:\/\/brizyproducts.com\/fr\/#organization"},"potentialAction":[{"@type":"SearchAction","target":{"@type":"EntryPoint","urlTemplate":"https:\/\/brizyproducts.com\/fr\/?s={search_term_string}"},"query-input":{"@type":"PropertyValueSpecification","valueRequired":true,"valueName":"search_term_string"}}],"inLanguage":"fr-FR"},{"@type":"Organization","@id":"https:\/\/brizyproducts.com\/fr\/#organization","name":"Brizy","url":"https:\/\/brizyproducts.com\/fr\/","logo":{"@type":"ImageObject","inLanguage":"fr-FR","@id":"https:\/\/brizyproducts.com\/fr\/#\/schema\/logo\/image\/","url":"https:\/\/brizyproducts.com\/wp-content\/uploads\/2023\/12\/Brizy-old.svg","contentUrl":"https:\/\/brizyproducts.com\/wp-content\/uploads\/2023\/12\/Brizy-old.svg","width":1,"height":1,"caption":"Brizy"},"image":{"@id":"https:\/\/brizyproducts.com\/fr\/#\/schema\/logo\/image\/"},"sameAs":["https:\/\/www.facebook.com\/brizy.1983\/","https:\/\/www.linkedin.com\/company\/brizy-produktion\/"]}]},"og_availability":"out of stock","product_availability":"out of stock","product_condition":"new"},"_links":{"self":[{"href":"https:\/\/brizyproducts.com\/fr\/wp-json\/wp\/v2\/product\/12264","targetHints":{"allow":["GET"]}}],"collection":[{"href":"https:\/\/brizyproducts.com\/fr\/wp-json\/wp\/v2\/product"}],"about":[{"href":"https:\/\/brizyproducts.com\/fr\/wp-json\/wp\/v2\/types\/product"}],"replies":[{"embeddable":true,"href":"https:\/\/brizyproducts.com\/fr\/wp-json\/wp\/v2\/comments?post=12264"}],"wp:featuredmedia":[{"embeddable":true,"href":"https:\/\/brizyproducts.com\/fr\/wp-json\/wp\/v2\/media\/12035"}],"wp:attachment":[{"href":"https:\/\/brizyproducts.com\/fr\/wp-json\/wp\/v2\/media?parent=12264"}],"wp:term":[{"taxonomy":"product_brand","embeddable":true,"href":"https:\/\/brizyproducts.com\/fr\/wp-json\/wp\/v2\/product_brand?post=12264"},{"taxonomy":"product_cat","embeddable":true,"href":"https:\/\/brizyproducts.com\/fr\/wp-json\/wp\/v2\/product_cat?post=12264"},{"taxonomy":"product_tag","embeddable":true,"href":"https:\/\/brizyproducts.com\/fr\/wp-json\/wp\/v2\/product_tag?post=12264"},{"taxonomy":"season","embeddable":true,"href":"https:\/\/brizyproducts.com\/fr\/wp-json\/wp\/v2\/season?post=12264"},{"taxonomy":"gender","embeddable":true,"href":"https:\/\/brizyproducts.com\/fr\/wp-json\/wp\/v2\/gender?post=12264"},{"taxonomy":"collection","embeddable":true,"href":"https:\/\/brizyproducts.com\/fr\/wp-json\/wp\/v2\/collection?post=12264"},{"taxonomy":"activity","embeddable":true,"href":"https:\/\/brizyproducts.com\/fr\/wp-json\/wp\/v2\/activity?post=12264"},{"taxonomy":"product_type_brizy","embeddable":true,"href":"https:\/\/brizyproducts.com\/fr\/wp-json\/wp\/v2\/product_type_brizy?post=12264"}],"curies":[{"name":"wp","href":"https:\/\/api.w.org\/{rel}","templated":true}]}}