{"id":12253,"date":"2024-05-06T13:42:23","date_gmt":"2024-05-06T13:42:23","guid":{"rendered":"https:\/\/brizyproducts.com\/product\/foot-straps\/"},"modified":"2026-03-03T12:24:42","modified_gmt":"2026-03-03T12:24:42","slug":"foot-straps","status":"publish","type":"product","link":"https:\/\/brizyproducts.com\/fr\/product\/foot-straps\/","title":{"rendered":"Bretelles de Pied"},"content":{"rendered":"<h2><strong>Bretelles de pied \u00e9lastiques<\/strong><\/h2>\n<p>Bretelles de pied \u00e9lastiques et amovibles, con\u00e7ues pour s\u2019adapter parfaitement \u00e0 votre pantalon ou combinaison Brizy. Elles maintiennent votre v\u00eatement en place autour du pied et sont id\u00e9ales si vos anciennes bretelles ont disparu ou sont us\u00e9es.<\/p>\n<p><strong>Remarque : Vendus par lots de 2 paires.<\/strong><\/p>\n","protected":false},"excerpt":{"rendered":"<p>Deux paires de bretelles de pied \u00e9lastiques.<\/p>\n","protected":false},"featured_media":12254,"comment_status":"closed","ping_status":"closed","template":"","meta":{"_acf_changed":false},"product_brand":[],"product_cat":[296],"product_tag":[],"class_list":{"0":"post-12253","1":"product","2":"type-product","3":"status-publish","4":"has-post-thumbnail","6":"product_cat-accessories","7":"season-rain","8":"season-spring-fall","9":"season-summer","10":"season-winter","11":"gender-men","12":"gender-women","13":"activity-racing","14":"activity-training","15":"activity-workwear","16":"product_type_brizy-stock-products","18":"first","19":"instock","20":"taxable","21":"shipping-taxable","22":"purchasable","23":"product-type-simple"},"acf":[],"yoast_head":"<!-- This site is optimized with the Yoast SEO plugin v27.0 - https:\/\/yoast.com\/product\/yoast-seo-wordpress\/ -->\n<title>Bretelles de Pied | Bretelles de Pied \u00e9lastiques | Brizy<\/title>\n<meta name=\"description\" content=\"Deux paires de bretelles de pied \u00e9lastiques et amovibles, munies de boutons, con\u00e7ues pour maintenir parfaitement votre pantalon et votre combinaison Brizy.\" \/>\n<meta name=\"robots\" content=\"index, follow, max-snippet:-1, max-image-preview:large, max-video-preview:-1\" \/>\n<link rel=\"canonical\" href=\"https:\/\/brizyproducts.com\/fr\/product\/foot-straps\/\" \/>\n<meta property=\"og:locale\" content=\"fr_FR\" \/>\n<meta property=\"og:type\" content=\"article\" \/>\n<meta property=\"og:title\" content=\"Bretelles de Pied | Bretelles de Pied \u00e9lastiques | Brizy\" \/>\n<meta property=\"og:description\" content=\"Deux paires de bretelles de pied \u00e9lastiques et amovibles, munies de boutons, con\u00e7ues pour maintenir parfaitement votre pantalon et votre combinaison Brizy.\" \/>\n<meta property=\"og:url\" content=\"https:\/\/brizyproducts.com\/fr\/product\/foot-straps\/\" \/>\n<meta property=\"og:site_name\" content=\"Brizy Products\" \/>\n<meta property=\"article:publisher\" content=\"https:\/\/www.facebook.com\/brizy.1983\/\" \/>\n<meta property=\"article:modified_time\" content=\"2026-03-03T12:24:42+00:00\" \/>\n<meta property=\"og:image\" content=\"https:\/\/brizyproducts.com\/wp-content\/uploads\/2024\/05\/1-4-png.webp\" \/>\n\t<meta property=\"og:image:width\" content=\"6000\" \/>\n\t<meta property=\"og:image:height\" content=\"4000\" \/>\n\t<meta property=\"og:image:type\" content=\"image\/png\" \/>\n<meta name=\"twitter:card\" content=\"summary_large_image\" \/>\n<meta property=\"product:price:amount\" content=\"16.00\" \/>\n<meta property=\"product:price:currency\" content=\"USD\" \/>\n<meta property=\"og:availability\" content=\"instock\" \/>\n<meta property=\"product:availability\" content=\"instock\" \/>\n<meta property=\"product:retailer_item_id\" content=\"8014-1\" \/>\n<meta property=\"product:condition\" content=\"new\" \/>\n<!-- \/ Yoast SEO plugin. -->","yoast_head_json":{"title":"Bretelles de Pied | Bretelles de Pied \u00e9lastiques | Brizy","description":"Deux paires de bretelles de pied \u00e9lastiques et amovibles, munies de boutons, con\u00e7ues pour maintenir parfaitement votre pantalon et votre combinaison Brizy.","robots":{"index":"index","follow":"follow","max-snippet":"max-snippet:-1","max-image-preview":"max-image-preview:large","max-video-preview":"max-video-preview:-1"},"canonical":"https:\/\/brizyproducts.com\/fr\/product\/foot-straps\/","og_locale":"fr_FR","og_type":"article","og_title":"Bretelles de Pied | Bretelles de Pied \u00e9lastiques | Brizy","og_description":"Deux paires de bretelles de pied \u00e9lastiques et amovibles, munies de boutons, con\u00e7ues pour maintenir parfaitement votre pantalon et votre combinaison Brizy.","og_url":"https:\/\/brizyproducts.com\/fr\/product\/foot-straps\/","og_site_name":"Brizy Products","article_publisher":"https:\/\/www.facebook.com\/brizy.1983\/","article_modified_time":"2026-03-03T12:24:42+00:00","og_image":[{"width":6000,"height":4000,"url":"https:\/\/brizyproducts.com\/wp-content\/uploads\/2024\/05\/1-4-png.webp","type":"image\/png"}],"twitter_card":"summary_large_image","schema":{"@context":"https:\/\/schema.org","@graph":[{"@type":"WebPage","@id":"https:\/\/brizyproducts.com\/fr\/product\/foot-straps\/","url":"https:\/\/brizyproducts.com\/fr\/product\/foot-straps\/","name":"Bretelles de Pied | Bretelles de Pied \u00e9lastiques | Brizy","isPartOf":{"@id":"https:\/\/brizyproducts.com\/fr\/#website"},"primaryImageOfPage":{"@id":"https:\/\/brizyproducts.com\/fr\/product\/foot-straps\/#primaryimage"},"image":{"@id":"https:\/\/brizyproducts.com\/fr\/product\/foot-straps\/#primaryimage"},"thumbnailUrl":"https:\/\/brizyproducts.com\/wp-content\/uploads\/2024\/05\/1-4-png.webp","datePublished":"2024-05-06T13:42:23+00:00","dateModified":"2026-03-03T12:24:42+00:00","description":"Deux paires de bretelles de pied \u00e9lastiques et amovibles, munies de boutons, con\u00e7ues pour maintenir parfaitement votre pantalon et votre combinaison Brizy.","breadcrumb":{"@id":"https:\/\/brizyproducts.com\/fr\/product\/foot-straps\/#breadcrumb"},"inLanguage":"fr-FR","potentialAction":[{"@type":"ReadAction","target":["https:\/\/brizyproducts.com\/fr\/product\/foot-straps\/"]}]},{"@type":"ImageObject","inLanguage":"fr-FR","@id":"https:\/\/brizyproducts.com\/fr\/product\/foot-straps\/#primaryimage","url":"https:\/\/brizyproducts.com\/wp-content\/uploads\/2024\/05\/1-4-png.webp","contentUrl":"https:\/\/brizyproducts.com\/wp-content\/uploads\/2024\/05\/1-4-png.webp","width":6000,"height":4000},{"@type":"BreadcrumbList","@id":"https:\/\/brizyproducts.com\/fr\/product\/foot-straps\/#breadcrumb","itemListElement":[{"@type":"ListItem","position":1,"name":"Hem","item":"https:\/\/brizyproducts.com\/fr\/"},{"@type":"ListItem","position":2,"name":"Shop","item":"https:\/\/brizyproducts.com\/fr\/shop\/"},{"@type":"ListItem","position":3,"name":"Bretelles de Pied"}]},{"@type":"WebSite","@id":"https:\/\/brizyproducts.com\/fr\/#website","url":"https:\/\/brizyproducts.com\/fr\/","name":"Brizy","description":"","publisher":{"@id":"https:\/\/brizyproducts.com\/fr\/#organization"},"potentialAction":[{"@type":"SearchAction","target":{"@type":"EntryPoint","urlTemplate":"https:\/\/brizyproducts.com\/fr\/?s={search_term_string}"},"query-input":{"@type":"PropertyValueSpecification","valueRequired":true,"valueName":"search_term_string"}}],"inLanguage":"fr-FR"},{"@type":"Organization","@id":"https:\/\/brizyproducts.com\/fr\/#organization","name":"Brizy","url":"https:\/\/brizyproducts.com\/fr\/","logo":{"@type":"ImageObject","inLanguage":"fr-FR","@id":"https:\/\/brizyproducts.com\/fr\/#\/schema\/logo\/image\/","url":"https:\/\/brizyproducts.com\/wp-content\/uploads\/2023\/12\/Brizy-old.svg","contentUrl":"https:\/\/brizyproducts.com\/wp-content\/uploads\/2023\/12\/Brizy-old.svg","width":1,"height":1,"caption":"Brizy"},"image":{"@id":"https:\/\/brizyproducts.com\/fr\/#\/schema\/logo\/image\/"},"sameAs":["https:\/\/www.facebook.com\/brizy.1983\/","https:\/\/www.linkedin.com\/company\/brizy-produktion\/"]}]},"product_price_amount":"16.00","product_price_currency":"USD","og_availability":"instock","product_availability":"instock","product_retailer_item_id":"8014-1","product_condition":"new"},"_links":{"self":[{"href":"https:\/\/brizyproducts.com\/fr\/wp-json\/wp\/v2\/product\/12253","targetHints":{"allow":["GET"]}}],"collection":[{"href":"https:\/\/brizyproducts.com\/fr\/wp-json\/wp\/v2\/product"}],"about":[{"href":"https:\/\/brizyproducts.com\/fr\/wp-json\/wp\/v2\/types\/product"}],"replies":[{"embeddable":true,"href":"https:\/\/brizyproducts.com\/fr\/wp-json\/wp\/v2\/comments?post=12253"}],"wp:featuredmedia":[{"embeddable":true,"href":"https:\/\/brizyproducts.com\/fr\/wp-json\/wp\/v2\/media\/12254"}],"wp:attachment":[{"href":"https:\/\/brizyproducts.com\/fr\/wp-json\/wp\/v2\/media?parent=12253"}],"wp:term":[{"taxonomy":"product_brand","embeddable":true,"href":"https:\/\/brizyproducts.com\/fr\/wp-json\/wp\/v2\/product_brand?post=12253"},{"taxonomy":"product_cat","embeddable":true,"href":"https:\/\/brizyproducts.com\/fr\/wp-json\/wp\/v2\/product_cat?post=12253"},{"taxonomy":"product_tag","embeddable":true,"href":"https:\/\/brizyproducts.com\/fr\/wp-json\/wp\/v2\/product_tag?post=12253"}],"curies":[{"name":"wp","href":"https:\/\/api.w.org\/{rel}","templated":true}]}}