{"id":12233,"date":"2024-06-04T11:36:38","date_gmt":"2024-06-04T11:36:38","guid":{"rendered":"https:\/\/brizyproducts.com\/product\/cabourg-white-summer-onepiece\/"},"modified":"2025-01-29T15:05:05","modified_gmt":"2025-01-29T15:05:05","slug":"cabourg-white-summer-onepiece","status":"publish","type":"product","link":"https:\/\/brizyproducts.com\/fr\/product\/cabourg-white-summer-onepiece\/","title":{"rendered":"Cabourg Blanc Monopi\u00e8ce d&rsquo;\u00e9t\u00e9"},"content":{"rendered":"<p><strong>D\u00e9couvrez le monopi\u00e8ce Cabourg blanc : Con\u00e7u pour le porteur de harnais en veste de propri\u00e9taire<\/strong><\/p>\n<p>Voici la combinaison Cabourg White, con\u00e7ue sp\u00e9cialement pour les pilotes de course attel\u00e9e qui portent des vestes Owner. Bas\u00e9e sur notre c\u00e9l\u00e8bre ligne Lexington, cette combinaison une pi\u00e8ce est disponible en tailles fixes et exclusivement en blanc. Id\u00e9ale pour les pilotes de course attel\u00e9e \u00e0 la recherche d&rsquo;une couche neutre sous leur veste Owner, elle est dot\u00e9e de notre populaire tissu lisse et extensible dans les deux sens, pour un confort et une flexibilit\u00e9 ultimes.  <\/p>\n<p><strong>Caract\u00e9ristiques :<\/strong><\/p>\n<ul>\n<li>Poche de poitrine<\/li>\n<li>Col ouvert<\/li>\n<li>Manchettes combin\u00e9es<\/li>\n<li>  Deux poches sur les jambes<\/li>\n<li>Taille \u00e9lastique.<\/li>\n<li>Protection interne contre les \u00e9claboussures, anneau en D et clips \u00e9lastiques aux extr\u00e9mit\u00e9s des jambes pour plus de fonctionnalit\u00e9.<\/li>\n<\/ul>\n<p><strong>En forme :<\/strong><\/p>\n<ul>\n<li>Coupe r\u00e9guli\u00e8re, fid\u00e8le \u00e0 la taille<\/li>\n<\/ul>\n<p><strong>Composition :<\/strong><\/p>\n<ul>\n<li>Tissu extensible dans les deux sens en 100% polyester<\/li>\n<\/ul>\n","protected":false},"excerpt":{"rendered":"<p>D\u00e9couvrez le monopi\u00e8ce Cabourg blanc : Con\u00e7u pour le porteur de harnais en veste de propri\u00e9taire Voici la combinaison Cabourg White, con\u00e7ue sp\u00e9cialement pour les pilotes de course attel\u00e9e qui portent des vestes Owner. Bas\u00e9e sur notre c\u00e9l\u00e8bre ligne Lexington, cette combinaison une pi\u00e8ce est disponible en tailles fixes et exclusivement en blanc. Id\u00e9ale pour [&hellip;]<\/p>\n","protected":false},"featured_media":12235,"comment_status":"closed","ping_status":"closed","template":"","meta":{"_acf_changed":false},"product_brand":[],"product_cat":[331],"product_tag":[],"season":[501],"gender":[509],"collection":[],"activity":[563],"product_type_brizy":[569],"class_list":{"0":"post-12233","1":"product","2":"type-product","3":"status-publish","4":"has-post-thumbnail","6":"product_cat-one-pieces","7":"season-summer","8":"gender-men","9":"activity-trotting","10":"product_type_brizy-stock-products","12":"first","13":"instock","14":"taxable","15":"shipping-taxable","16":"purchasable","17":"product-type-variable"},"acf":[],"yoast_head":"<!-- This site is optimized with the Yoast SEO plugin v27.4 - https:\/\/yoast.com\/product\/yoast-seo-wordpress\/ -->\n<title>Cabourg Blanc Monopi\u00e8ce d&#039;\u00e9t\u00e9 | Harness racing clothing | Brizy<\/title>\n<meta name=\"description\" content=\"D\u00e9couvrez le monopi\u00e8ce Cabourg blanc : Con\u00e7u pour le porteur de harnais en veste de propri\u00e9taire Voici la combinaison Cabourg White, con\u00e7ue sp\u00e9cialement\" \/>\n<meta name=\"robots\" content=\"index, follow, max-snippet:-1, max-image-preview:large, max-video-preview:-1\" \/>\n<link rel=\"canonical\" href=\"https:\/\/brizyproducts.com\/fr\/product\/cabourg-white-summer-onepiece\/\" \/>\n<meta property=\"og:locale\" content=\"fr_FR\" \/>\n<meta property=\"og:type\" content=\"article\" \/>\n<meta property=\"og:title\" content=\"Cabourg Blanc Monopi\u00e8ce d&#039;\u00e9t\u00e9 | Harness racing clothing | Brizy\" \/>\n<meta property=\"og:description\" content=\"D\u00e9couvrez le monopi\u00e8ce Cabourg blanc : Con\u00e7u pour le porteur de harnais en veste de propri\u00e9taire Voici la combinaison Cabourg White, con\u00e7ue sp\u00e9cialement\" \/>\n<meta property=\"og:url\" content=\"https:\/\/brizyproducts.com\/fr\/product\/cabourg-white-summer-onepiece\/\" \/>\n<meta property=\"og:site_name\" content=\"Brizy Products\" \/>\n<meta property=\"article:publisher\" content=\"https:\/\/www.facebook.com\/brizy.1983\/\" \/>\n<meta property=\"article:modified_time\" content=\"2025-01-29T15:05:05+00:00\" \/>\n<meta property=\"og:image\" content=\"https:\/\/brizyproducts.com\/wp-content\/uploads\/2024\/06\/2-png.webp\" \/>\n\t<meta property=\"og:image:width\" content=\"3375\" \/>\n\t<meta property=\"og:image:height\" content=\"4500\" \/>\n\t<meta property=\"og:image:type\" content=\"image\/png\" \/>\n<meta name=\"twitter:card\" content=\"summary_large_image\" \/>\n<meta property=\"og:availability\" content=\"instock\" \/>\n<meta property=\"product:availability\" content=\"instock\" \/>\n<meta property=\"product:condition\" content=\"new\" \/>\n<!-- \/ Yoast SEO plugin. -->","yoast_head_json":{"title":"Cabourg Blanc Monopi\u00e8ce d'\u00e9t\u00e9 | Harness racing clothing | Brizy","description":"D\u00e9couvrez le monopi\u00e8ce Cabourg blanc : Con\u00e7u pour le porteur de harnais en veste de propri\u00e9taire Voici la combinaison Cabourg White, con\u00e7ue sp\u00e9cialement","robots":{"index":"index","follow":"follow","max-snippet":"max-snippet:-1","max-image-preview":"max-image-preview:large","max-video-preview":"max-video-preview:-1"},"canonical":"https:\/\/brizyproducts.com\/fr\/product\/cabourg-white-summer-onepiece\/","og_locale":"fr_FR","og_type":"article","og_title":"Cabourg Blanc Monopi\u00e8ce d'\u00e9t\u00e9 | Harness racing clothing | Brizy","og_description":"D\u00e9couvrez le monopi\u00e8ce Cabourg blanc : Con\u00e7u pour le porteur de harnais en veste de propri\u00e9taire Voici la combinaison Cabourg White, con\u00e7ue sp\u00e9cialement","og_url":"https:\/\/brizyproducts.com\/fr\/product\/cabourg-white-summer-onepiece\/","og_site_name":"Brizy Products","article_publisher":"https:\/\/www.facebook.com\/brizy.1983\/","article_modified_time":"2025-01-29T15:05:05+00:00","og_image":[{"width":3375,"height":4500,"url":"https:\/\/brizyproducts.com\/wp-content\/uploads\/2024\/06\/2-png.webp","type":"image\/png"}],"twitter_card":"summary_large_image","schema":{"@context":"https:\/\/schema.org","@graph":[{"@type":"WebPage","@id":"https:\/\/brizyproducts.com\/fr\/product\/cabourg-white-summer-onepiece\/","url":"https:\/\/brizyproducts.com\/fr\/product\/cabourg-white-summer-onepiece\/","name":"Cabourg Blanc Monopi\u00e8ce d'\u00e9t\u00e9 | Harness racing clothing | Brizy","isPartOf":{"@id":"https:\/\/brizyproducts.com\/fr\/#website"},"primaryImageOfPage":{"@id":"https:\/\/brizyproducts.com\/fr\/product\/cabourg-white-summer-onepiece\/#primaryimage"},"image":{"@id":"https:\/\/brizyproducts.com\/fr\/product\/cabourg-white-summer-onepiece\/#primaryimage"},"thumbnailUrl":"https:\/\/brizyproducts.com\/wp-content\/uploads\/2024\/06\/2-png.webp","datePublished":"2024-06-04T11:36:38+00:00","dateModified":"2025-01-29T15:05:05+00:00","description":"D\u00e9couvrez le monopi\u00e8ce Cabourg blanc : Con\u00e7u pour le porteur de harnais en veste de propri\u00e9taire Voici la combinaison Cabourg White, con\u00e7ue sp\u00e9cialement","breadcrumb":{"@id":"https:\/\/brizyproducts.com\/fr\/product\/cabourg-white-summer-onepiece\/#breadcrumb"},"inLanguage":"fr-FR","potentialAction":[{"@type":"ReadAction","target":["https:\/\/brizyproducts.com\/fr\/product\/cabourg-white-summer-onepiece\/"]}]},{"@type":"ImageObject","inLanguage":"fr-FR","@id":"https:\/\/brizyproducts.com\/fr\/product\/cabourg-white-summer-onepiece\/#primaryimage","url":"https:\/\/brizyproducts.com\/wp-content\/uploads\/2024\/06\/2-png.webp","contentUrl":"https:\/\/brizyproducts.com\/wp-content\/uploads\/2024\/06\/2-png.webp","width":3375,"height":4500},{"@type":"BreadcrumbList","@id":"https:\/\/brizyproducts.com\/fr\/product\/cabourg-white-summer-onepiece\/#breadcrumb","itemListElement":[{"@type":"ListItem","position":1,"name":"Hem","item":"https:\/\/brizyproducts.com\/fr\/"},{"@type":"ListItem","position":2,"name":"Shop","item":"https:\/\/brizyproducts.com\/fr\/shop\/"},{"@type":"ListItem","position":3,"name":"Cabourg Blanc Monopi\u00e8ce d&rsquo;\u00e9t\u00e9"}]},{"@type":"WebSite","@id":"https:\/\/brizyproducts.com\/fr\/#website","url":"https:\/\/brizyproducts.com\/fr\/","name":"Brizy","description":"","publisher":{"@id":"https:\/\/brizyproducts.com\/fr\/#organization"},"potentialAction":[{"@type":"SearchAction","target":{"@type":"EntryPoint","urlTemplate":"https:\/\/brizyproducts.com\/fr\/?s={search_term_string}"},"query-input":{"@type":"PropertyValueSpecification","valueRequired":true,"valueName":"search_term_string"}}],"inLanguage":"fr-FR"},{"@type":"Organization","@id":"https:\/\/brizyproducts.com\/fr\/#organization","name":"Brizy","url":"https:\/\/brizyproducts.com\/fr\/","logo":{"@type":"ImageObject","inLanguage":"fr-FR","@id":"https:\/\/brizyproducts.com\/fr\/#\/schema\/logo\/image\/","url":"https:\/\/brizyproducts.com\/wp-content\/uploads\/2023\/12\/Brizy-old.svg","contentUrl":"https:\/\/brizyproducts.com\/wp-content\/uploads\/2023\/12\/Brizy-old.svg","width":1,"height":1,"caption":"Brizy"},"image":{"@id":"https:\/\/brizyproducts.com\/fr\/#\/schema\/logo\/image\/"},"sameAs":["https:\/\/www.facebook.com\/brizy.1983\/","https:\/\/www.linkedin.com\/company\/brizy-produktion\/"]}]},"og_availability":"instock","product_availability":"instock","product_condition":"new"},"_links":{"self":[{"href":"https:\/\/brizyproducts.com\/fr\/wp-json\/wp\/v2\/product\/12233","targetHints":{"allow":["GET"]}}],"collection":[{"href":"https:\/\/brizyproducts.com\/fr\/wp-json\/wp\/v2\/product"}],"about":[{"href":"https:\/\/brizyproducts.com\/fr\/wp-json\/wp\/v2\/types\/product"}],"replies":[{"embeddable":true,"href":"https:\/\/brizyproducts.com\/fr\/wp-json\/wp\/v2\/comments?post=12233"}],"wp:featuredmedia":[{"embeddable":true,"href":"https:\/\/brizyproducts.com\/fr\/wp-json\/wp\/v2\/media\/12235"}],"wp:attachment":[{"href":"https:\/\/brizyproducts.com\/fr\/wp-json\/wp\/v2\/media?parent=12233"}],"wp:term":[{"taxonomy":"product_brand","embeddable":true,"href":"https:\/\/brizyproducts.com\/fr\/wp-json\/wp\/v2\/product_brand?post=12233"},{"taxonomy":"product_cat","embeddable":true,"href":"https:\/\/brizyproducts.com\/fr\/wp-json\/wp\/v2\/product_cat?post=12233"},{"taxonomy":"product_tag","embeddable":true,"href":"https:\/\/brizyproducts.com\/fr\/wp-json\/wp\/v2\/product_tag?post=12233"},{"taxonomy":"season","embeddable":true,"href":"https:\/\/brizyproducts.com\/fr\/wp-json\/wp\/v2\/season?post=12233"},{"taxonomy":"gender","embeddable":true,"href":"https:\/\/brizyproducts.com\/fr\/wp-json\/wp\/v2\/gender?post=12233"},{"taxonomy":"collection","embeddable":true,"href":"https:\/\/brizyproducts.com\/fr\/wp-json\/wp\/v2\/collection?post=12233"},{"taxonomy":"activity","embeddable":true,"href":"https:\/\/brizyproducts.com\/fr\/wp-json\/wp\/v2\/activity?post=12233"},{"taxonomy":"product_type_brizy","embeddable":true,"href":"https:\/\/brizyproducts.com\/fr\/wp-json\/wp\/v2\/product_type_brizy?post=12233"}],"curies":[{"name":"wp","href":"https:\/\/api.w.org\/{rel}","templated":true}]}}