{"id":12204,"date":"2025-03-15T15:09:57","date_gmt":"2025-03-15T15:09:57","guid":{"rendered":"https:\/\/brizyproducts.com\/product\/san-paolo-2\/"},"modified":"2025-11-28T12:17:15","modified_gmt":"2025-11-28T12:17:15","slug":"san-paolo-2","status":"publish","type":"product","link":"https:\/\/brizyproducts.com\/fr\/product\/san-paolo-2\/","title":{"rendered":"San Paolo No. 2 Brogue"},"content":{"rendered":"<h2><strong>San Paolo No. 2 Brogue \u2013 L\u2019alliance parfaite du style et de la fonctionnalit\u00e9<\/strong><\/h2>\n<p>La San Paolo No. 2 Brogue est une botte \u00e0 la fois robuste et \u00e9l\u00e9gante, con\u00e7ue pour offrir un confort optimal lors de longues journ\u00e9es de course. Douce et souple d\u00e8s le premier port, elle s\u2019adapte progressivement \u00e0 la forme de votre pied au fil du temps.<\/p>\n<p>Son design est classique, avec des d\u00e9tails brogue raffin\u00e9s, mais avant tout, cette botte s\u2019adresse \u00e0 tous ceux qui recherchent une chaussure de conduite fiable. Fabriqu\u00e9e en cuir italien r\u00e9sistant, elle supporte un usage intensif tout en conservant un bel \u00e9clat avec peu d\u2019entretien. Le talon renforc\u00e9 apporte \u00e0 la fois stabilit\u00e9 et protection, prolongeant la dur\u00e9e de vie de la botte.<\/p>\n<p>\u00c0 l\u2019int\u00e9rieur, la botte est con\u00e7ue pour laisser respirer le pied et le garder au sec, tandis que la semelle offre une excellente flexibilit\u00e9 et un soutien optimal dans les mouvements. Gr\u00e2ce \u00e0 la semelle int\u00e9rieure amovible, il est \u00e9galement possible d\u2019ajuster le chaussant selon vos pr\u00e9f\u00e9rences.<\/p>\n","protected":false},"excerpt":{"rendered":"<p>Botte brogue pratique et robuste, dot\u00e9e d\u2019une doublure respirante, d\u2019une semelle int\u00e9rieure amovible et d\u2019une construction durable offrant soutien et confort tout au long de la journ\u00e9e.<\/p>\n","protected":false},"featured_media":19444,"comment_status":"open","ping_status":"closed","template":"","meta":{"_acf_changed":false},"product_brand":[],"product_cat":[313],"product_tag":[],"class_list":{"0":"post-12204","1":"product","2":"type-product","3":"status-publish","4":"has-post-thumbnail","6":"product_cat-shoes","7":"season-spring-fall","8":"season-summer","9":"gender-men","10":"collection-san-paolo","11":"activity-racing","12":"activity-training","13":"product_type_brizy-stock-products","15":"first","16":"instock","17":"taxable","18":"shipping-taxable","19":"purchasable","20":"product-type-variable"},"acf":[],"yoast_head":"<!-- This site is optimized with the Yoast SEO plugin v27.0 - https:\/\/yoast.com\/product\/yoast-seo-wordpress\/ -->\n<title>San Paolo No.2 | Botte robuste pour attelage | Brizy<\/title>\n<meta name=\"description\" content=\"Botte en cuir italien avec fermeture \u00e9clair, semelle flexible et doublure respirante. Confortable et durable \u2013 parfaite pour les conducteurs d\u2019attelages.\" \/>\n<meta name=\"robots\" content=\"index, follow, max-snippet:-1, max-image-preview:large, max-video-preview:-1\" \/>\n<link rel=\"canonical\" href=\"https:\/\/brizyproducts.com\/fr\/product\/san-paolo-2\/\" \/>\n<meta property=\"og:locale\" content=\"fr_FR\" \/>\n<meta property=\"og:type\" content=\"article\" \/>\n<meta property=\"og:title\" content=\"San Paolo No.2 | Botte robuste pour attelage | Brizy\" \/>\n<meta property=\"og:description\" content=\"Botte en cuir italien avec fermeture \u00e9clair, semelle flexible et doublure respirante. Confortable et durable \u2013 parfaite pour les conducteurs d\u2019attelages.\" \/>\n<meta property=\"og:url\" content=\"https:\/\/brizyproducts.com\/fr\/product\/san-paolo-2\/\" \/>\n<meta property=\"og:site_name\" content=\"Brizy Products\" \/>\n<meta property=\"article:publisher\" content=\"https:\/\/www.facebook.com\/brizy.1983\/\" \/>\n<meta property=\"article:modified_time\" content=\"2025-11-28T12:17:15+00:00\" \/>\n<meta property=\"og:image\" content=\"https:\/\/brizyproducts.com\/wp-content\/uploads\/2024\/07\/6725-V-test-sh-1650x2200-1.webp\" \/>\n\t<meta property=\"og:image:width\" content=\"1650\" \/>\n\t<meta property=\"og:image:height\" content=\"2200\" \/>\n\t<meta property=\"og:image:type\" content=\"image\/png\" \/>\n<meta name=\"twitter:card\" content=\"summary_large_image\" \/>\n<meta property=\"og:availability\" content=\"instock\" \/>\n<meta property=\"product:availability\" content=\"instock\" \/>\n<meta property=\"product:condition\" content=\"new\" \/>\n<!-- \/ Yoast SEO plugin. -->","yoast_head_json":{"title":"San Paolo No.2 | Botte robuste pour attelage | Brizy","description":"Botte en cuir italien avec fermeture \u00e9clair, semelle flexible et doublure respirante. Confortable et durable \u2013 parfaite pour les conducteurs d\u2019attelages.","robots":{"index":"index","follow":"follow","max-snippet":"max-snippet:-1","max-image-preview":"max-image-preview:large","max-video-preview":"max-video-preview:-1"},"canonical":"https:\/\/brizyproducts.com\/fr\/product\/san-paolo-2\/","og_locale":"fr_FR","og_type":"article","og_title":"San Paolo No.2 | Botte robuste pour attelage | Brizy","og_description":"Botte en cuir italien avec fermeture \u00e9clair, semelle flexible et doublure respirante. Confortable et durable \u2013 parfaite pour les conducteurs d\u2019attelages.","og_url":"https:\/\/brizyproducts.com\/fr\/product\/san-paolo-2\/","og_site_name":"Brizy Products","article_publisher":"https:\/\/www.facebook.com\/brizy.1983\/","article_modified_time":"2025-11-28T12:17:15+00:00","og_image":[{"width":1650,"height":2200,"url":"https:\/\/brizyproducts.com\/wp-content\/uploads\/2024\/07\/6725-V-test-sh-1650x2200-1.webp","type":"image\/png"}],"twitter_card":"summary_large_image","schema":{"@context":"https:\/\/schema.org","@graph":[{"@type":"WebPage","@id":"https:\/\/brizyproducts.com\/fr\/product\/san-paolo-2\/","url":"https:\/\/brizyproducts.com\/fr\/product\/san-paolo-2\/","name":"San Paolo No.2 | Botte robuste pour attelage | Brizy","isPartOf":{"@id":"https:\/\/brizyproducts.com\/fr\/#website"},"primaryImageOfPage":{"@id":"https:\/\/brizyproducts.com\/fr\/product\/san-paolo-2\/#primaryimage"},"image":{"@id":"https:\/\/brizyproducts.com\/fr\/product\/san-paolo-2\/#primaryimage"},"thumbnailUrl":"https:\/\/brizyproducts.com\/wp-content\/uploads\/2024\/07\/6725-V-test-sh-1650x2200-1.webp","datePublished":"2025-03-15T15:09:57+00:00","dateModified":"2025-11-28T12:17:15+00:00","description":"Botte en cuir italien avec fermeture \u00e9clair, semelle flexible et doublure respirante. Confortable et durable \u2013 parfaite pour les conducteurs d\u2019attelages.","breadcrumb":{"@id":"https:\/\/brizyproducts.com\/fr\/product\/san-paolo-2\/#breadcrumb"},"inLanguage":"fr-FR","potentialAction":[{"@type":"ReadAction","target":["https:\/\/brizyproducts.com\/fr\/product\/san-paolo-2\/"]}]},{"@type":"ImageObject","inLanguage":"fr-FR","@id":"https:\/\/brizyproducts.com\/fr\/product\/san-paolo-2\/#primaryimage","url":"https:\/\/brizyproducts.com\/wp-content\/uploads\/2024\/07\/6725-V-test-sh-1650x2200-1.webp","contentUrl":"https:\/\/brizyproducts.com\/wp-content\/uploads\/2024\/07\/6725-V-test-sh-1650x2200-1.webp","width":1650,"height":2200},{"@type":"BreadcrumbList","@id":"https:\/\/brizyproducts.com\/fr\/product\/san-paolo-2\/#breadcrumb","itemListElement":[{"@type":"ListItem","position":1,"name":"Hem","item":"https:\/\/brizyproducts.com\/fr\/"},{"@type":"ListItem","position":2,"name":"Shop","item":"https:\/\/brizyproducts.com\/fr\/shop\/"},{"@type":"ListItem","position":3,"name":"San Paolo No. 2 Brogue"}]},{"@type":"WebSite","@id":"https:\/\/brizyproducts.com\/fr\/#website","url":"https:\/\/brizyproducts.com\/fr\/","name":"Brizy","description":"","publisher":{"@id":"https:\/\/brizyproducts.com\/fr\/#organization"},"potentialAction":[{"@type":"SearchAction","target":{"@type":"EntryPoint","urlTemplate":"https:\/\/brizyproducts.com\/fr\/?s={search_term_string}"},"query-input":{"@type":"PropertyValueSpecification","valueRequired":true,"valueName":"search_term_string"}}],"inLanguage":"fr-FR"},{"@type":"Organization","@id":"https:\/\/brizyproducts.com\/fr\/#organization","name":"Brizy","url":"https:\/\/brizyproducts.com\/fr\/","logo":{"@type":"ImageObject","inLanguage":"fr-FR","@id":"https:\/\/brizyproducts.com\/fr\/#\/schema\/logo\/image\/","url":"https:\/\/brizyproducts.com\/wp-content\/uploads\/2023\/12\/Brizy-old.svg","contentUrl":"https:\/\/brizyproducts.com\/wp-content\/uploads\/2023\/12\/Brizy-old.svg","width":1,"height":1,"caption":"Brizy"},"image":{"@id":"https:\/\/brizyproducts.com\/fr\/#\/schema\/logo\/image\/"},"sameAs":["https:\/\/www.facebook.com\/brizy.1983\/","https:\/\/www.linkedin.com\/company\/brizy-produktion\/"]}]},"og_availability":"instock","product_availability":"instock","product_condition":"new"},"_links":{"self":[{"href":"https:\/\/brizyproducts.com\/fr\/wp-json\/wp\/v2\/product\/12204","targetHints":{"allow":["GET"]}}],"collection":[{"href":"https:\/\/brizyproducts.com\/fr\/wp-json\/wp\/v2\/product"}],"about":[{"href":"https:\/\/brizyproducts.com\/fr\/wp-json\/wp\/v2\/types\/product"}],"replies":[{"embeddable":true,"href":"https:\/\/brizyproducts.com\/fr\/wp-json\/wp\/v2\/comments?post=12204"}],"wp:featuredmedia":[{"embeddable":true,"href":"https:\/\/brizyproducts.com\/fr\/wp-json\/wp\/v2\/media\/19444"}],"wp:attachment":[{"href":"https:\/\/brizyproducts.com\/fr\/wp-json\/wp\/v2\/media?parent=12204"}],"wp:term":[{"taxonomy":"product_brand","embeddable":true,"href":"https:\/\/brizyproducts.com\/fr\/wp-json\/wp\/v2\/product_brand?post=12204"},{"taxonomy":"product_cat","embeddable":true,"href":"https:\/\/brizyproducts.com\/fr\/wp-json\/wp\/v2\/product_cat?post=12204"},{"taxonomy":"product_tag","embeddable":true,"href":"https:\/\/brizyproducts.com\/fr\/wp-json\/wp\/v2\/product_tag?post=12204"}],"curies":[{"name":"wp","href":"https:\/\/api.w.org\/{rel}","templated":true}]}}