{"id":12144,"date":"2025-03-15T13:55:37","date_gmt":"2025-03-15T13:55:37","guid":{"rendered":"https:\/\/brizyproducts.com\/product\/san-paolo-3\/"},"modified":"2026-02-06T13:30:43","modified_gmt":"2026-02-06T13:30:43","slug":"san-paolo-3","status":"publish","type":"product","link":"https:\/\/brizyproducts.com\/fr\/product\/san-paolo-3\/","title":{"rendered":"San Paolo No. 3 Chelsea"},"content":{"rendered":"<div class=\"flex flex-grow flex-col max-w-full\">\n<div class=\"min-h-[20px] text-message flex w-full flex-col items-end gap-2 whitespace-pre-wrap break-words [.text-message+&amp;]:mt-5 overflow-x-auto\" dir=\"auto\" data-message-author-role=\"assistant\" data-message-id=\"54b9a520-356e-43e3-9c40-59ab993b0e5d\">\n<div class=\"flex w-full flex-col gap-1 empty:hidden first:pt-[3px]\">\n<div class=\"markdown prose w-full break-words dark:prose-invert light\">\n<h2><strong>San Paolo No. 3 Chelsea \u2013 \u00c9l\u00e9gance classique et confort sup\u00e9rieur<\/strong><\/h2>\n<p>La San Paolo No. 3 Chelsea est une botte intemporelle avec des panneaux \u00e9lastiques sur les c\u00f4t\u00e9s pour un enfilage et un retrait faciles. Fabriqu\u00e9e en cuir italien haut de gamme, elle offre une sensation luxueuse et un ajustement flexible et confortable. La semelle flexible et la semelle int\u00e9rieure amovible offrent un soutien suppl\u00e9mentaire et permettent un ajustement personnalis\u00e9 pour un confort optimal.<\/p>\n<p>Le cuir de veau respirant et \u00e9vacuant l\u2019humidit\u00e9 garde vos pieds frais et secs, m\u00eame apr\u00e8s de longues journ\u00e9es \u00e0 l\u2019\u00e9curie ou sur la piste. Un talon renforc\u00e9 ajoute stabilit\u00e9 et durabilit\u00e9 pour r\u00e9pondre aux exigences du trot.<\/p>\n<p>Avec son design classique, cette botte est \u00e9galement id\u00e9ale pour un usage quotidien. La San Paolo No. 3 Chelsea combine artisanat italien, durabilit\u00e9 et style intemporel \u2013 une botte fiable pour le quotidien, le travail \u00e0 l\u2019\u00e9curie et les journ\u00e9es de course.<\/p>\n<\/div>\n<\/div>\n<\/div>\n<\/div>\n","protected":false},"excerpt":{"rendered":"<p>Botte Chelsea \u00e9l\u00e9gante et confortable en cuir italien, parfaite pour le quotidien, le travail \u00e0 l\u2019\u00e9curie et la comp\u00e9tition<\/p>\n","protected":false},"featured_media":12146,"comment_status":"open","ping_status":"closed","template":"","meta":{"_acf_changed":false},"product_brand":[],"product_cat":[438],"product_tag":[],"season":[505,501],"gender":[509],"collection":[543],"activity":[559,561,563],"product_type_brizy":[569],"class_list":{"0":"post-12144","1":"product","2":"type-product","3":"status-publish","4":"has-post-thumbnail","6":"product_cat-outlet","7":"season-spring-fall","8":"season-summer","9":"gender-men","10":"collection-san-paolo","11":"activity-stable","12":"activity-training","13":"activity-trotting","14":"product_type_brizy-stock-products","16":"first","17":"instock","18":"sale","19":"taxable","20":"shipping-taxable","21":"purchasable","22":"product-type-variable"},"acf":[],"yoast_head":"<!-- This site is optimized with the Yoast SEO plugin v27.4 - https:\/\/yoast.com\/product\/yoast-seo-wordpress\/ -->\n<title>San Paolo No. 3 | Confort et style dans une seule botte | Brizy<\/title>\n<meta name=\"description\" content=\"Botte Chelsea en cuir italien avec panneaux \u00e9lastiques et semelle flexible. Id\u00e9ale pour le quotidien, l\u2019\u00e9curie et la comp\u00e9tition \u2013 confortable et durable.\" \/>\n<meta name=\"robots\" content=\"index, follow, max-snippet:-1, max-image-preview:large, max-video-preview:-1\" \/>\n<link rel=\"canonical\" href=\"https:\/\/brizyproducts.com\/fr\/product\/san-paolo-3\/\" \/>\n<meta property=\"og:locale\" content=\"fr_FR\" \/>\n<meta property=\"og:type\" content=\"article\" \/>\n<meta property=\"og:title\" content=\"San Paolo No. 3 | Confort et style dans une seule botte | Brizy\" \/>\n<meta property=\"og:description\" content=\"Botte Chelsea en cuir italien avec panneaux \u00e9lastiques et semelle flexible. Id\u00e9ale pour le quotidien, l\u2019\u00e9curie et la comp\u00e9tition \u2013 confortable et durable.\" \/>\n<meta property=\"og:url\" content=\"https:\/\/brizyproducts.com\/fr\/product\/san-paolo-3\/\" \/>\n<meta property=\"og:site_name\" content=\"Brizy Products\" \/>\n<meta property=\"article:publisher\" content=\"https:\/\/www.facebook.com\/brizy.1983\/\" \/>\n<meta property=\"article:modified_time\" content=\"2026-02-06T13:30:43+00:00\" \/>\n<meta property=\"og:image\" content=\"https:\/\/brizyproducts.com\/wp-content\/uploads\/2024\/07\/6661-V-png.webp\" \/>\n\t<meta property=\"og:image:width\" content=\"3375\" \/>\n\t<meta property=\"og:image:height\" content=\"4500\" \/>\n\t<meta property=\"og:image:type\" content=\"image\/png\" \/>\n<meta name=\"twitter:card\" content=\"summary_large_image\" \/>\n<meta property=\"og:availability\" content=\"instock\" \/>\n<meta property=\"product:availability\" content=\"instock\" \/>\n<meta property=\"product:condition\" content=\"new\" \/>\n<!-- \/ Yoast SEO plugin. -->","yoast_head_json":{"title":"San Paolo No. 3 | Confort et style dans une seule botte | Brizy","description":"Botte Chelsea en cuir italien avec panneaux \u00e9lastiques et semelle flexible. Id\u00e9ale pour le quotidien, l\u2019\u00e9curie et la comp\u00e9tition \u2013 confortable et durable.","robots":{"index":"index","follow":"follow","max-snippet":"max-snippet:-1","max-image-preview":"max-image-preview:large","max-video-preview":"max-video-preview:-1"},"canonical":"https:\/\/brizyproducts.com\/fr\/product\/san-paolo-3\/","og_locale":"fr_FR","og_type":"article","og_title":"San Paolo No. 3 | Confort et style dans une seule botte | Brizy","og_description":"Botte Chelsea en cuir italien avec panneaux \u00e9lastiques et semelle flexible. Id\u00e9ale pour le quotidien, l\u2019\u00e9curie et la comp\u00e9tition \u2013 confortable et durable.","og_url":"https:\/\/brizyproducts.com\/fr\/product\/san-paolo-3\/","og_site_name":"Brizy Products","article_publisher":"https:\/\/www.facebook.com\/brizy.1983\/","article_modified_time":"2026-02-06T13:30:43+00:00","og_image":[{"width":3375,"height":4500,"url":"https:\/\/brizyproducts.com\/wp-content\/uploads\/2024\/07\/6661-V-png.webp","type":"image\/png"}],"twitter_card":"summary_large_image","schema":{"@context":"https:\/\/schema.org","@graph":[{"@type":"WebPage","@id":"https:\/\/brizyproducts.com\/fr\/product\/san-paolo-3\/","url":"https:\/\/brizyproducts.com\/fr\/product\/san-paolo-3\/","name":"San Paolo No. 3 | Confort et style dans une seule botte | Brizy","isPartOf":{"@id":"https:\/\/brizyproducts.com\/fr\/#website"},"primaryImageOfPage":{"@id":"https:\/\/brizyproducts.com\/fr\/product\/san-paolo-3\/#primaryimage"},"image":{"@id":"https:\/\/brizyproducts.com\/fr\/product\/san-paolo-3\/#primaryimage"},"thumbnailUrl":"https:\/\/brizyproducts.com\/wp-content\/uploads\/2024\/07\/6661-V-png.webp","datePublished":"2025-03-15T13:55:37+00:00","dateModified":"2026-02-06T13:30:43+00:00","description":"Botte Chelsea en cuir italien avec panneaux \u00e9lastiques et semelle flexible. Id\u00e9ale pour le quotidien, l\u2019\u00e9curie et la comp\u00e9tition \u2013 confortable et durable.","breadcrumb":{"@id":"https:\/\/brizyproducts.com\/fr\/product\/san-paolo-3\/#breadcrumb"},"inLanguage":"fr-FR","potentialAction":[{"@type":"ReadAction","target":["https:\/\/brizyproducts.com\/fr\/product\/san-paolo-3\/"]}]},{"@type":"ImageObject","inLanguage":"fr-FR","@id":"https:\/\/brizyproducts.com\/fr\/product\/san-paolo-3\/#primaryimage","url":"https:\/\/brizyproducts.com\/wp-content\/uploads\/2024\/07\/6661-V-png.webp","contentUrl":"https:\/\/brizyproducts.com\/wp-content\/uploads\/2024\/07\/6661-V-png.webp","width":3375,"height":4500},{"@type":"BreadcrumbList","@id":"https:\/\/brizyproducts.com\/fr\/product\/san-paolo-3\/#breadcrumb","itemListElement":[{"@type":"ListItem","position":1,"name":"Hem","item":"https:\/\/brizyproducts.com\/fr\/"},{"@type":"ListItem","position":2,"name":"Shop","item":"https:\/\/brizyproducts.com\/fr\/shop\/"},{"@type":"ListItem","position":3,"name":"San Paolo No. 3 Chelsea"}]},{"@type":"WebSite","@id":"https:\/\/brizyproducts.com\/fr\/#website","url":"https:\/\/brizyproducts.com\/fr\/","name":"Brizy","description":"","publisher":{"@id":"https:\/\/brizyproducts.com\/fr\/#organization"},"potentialAction":[{"@type":"SearchAction","target":{"@type":"EntryPoint","urlTemplate":"https:\/\/brizyproducts.com\/fr\/?s={search_term_string}"},"query-input":{"@type":"PropertyValueSpecification","valueRequired":true,"valueName":"search_term_string"}}],"inLanguage":"fr-FR"},{"@type":"Organization","@id":"https:\/\/brizyproducts.com\/fr\/#organization","name":"Brizy","url":"https:\/\/brizyproducts.com\/fr\/","logo":{"@type":"ImageObject","inLanguage":"fr-FR","@id":"https:\/\/brizyproducts.com\/fr\/#\/schema\/logo\/image\/","url":"https:\/\/brizyproducts.com\/wp-content\/uploads\/2023\/12\/Brizy-old.svg","contentUrl":"https:\/\/brizyproducts.com\/wp-content\/uploads\/2023\/12\/Brizy-old.svg","width":1,"height":1,"caption":"Brizy"},"image":{"@id":"https:\/\/brizyproducts.com\/fr\/#\/schema\/logo\/image\/"},"sameAs":["https:\/\/www.facebook.com\/brizy.1983\/","https:\/\/www.linkedin.com\/company\/brizy-produktion\/"]}]},"og_availability":"instock","product_availability":"instock","product_condition":"new"},"_links":{"self":[{"href":"https:\/\/brizyproducts.com\/fr\/wp-json\/wp\/v2\/product\/12144","targetHints":{"allow":["GET"]}}],"collection":[{"href":"https:\/\/brizyproducts.com\/fr\/wp-json\/wp\/v2\/product"}],"about":[{"href":"https:\/\/brizyproducts.com\/fr\/wp-json\/wp\/v2\/types\/product"}],"replies":[{"embeddable":true,"href":"https:\/\/brizyproducts.com\/fr\/wp-json\/wp\/v2\/comments?post=12144"}],"wp:featuredmedia":[{"embeddable":true,"href":"https:\/\/brizyproducts.com\/fr\/wp-json\/wp\/v2\/media\/12146"}],"wp:attachment":[{"href":"https:\/\/brizyproducts.com\/fr\/wp-json\/wp\/v2\/media?parent=12144"}],"wp:term":[{"taxonomy":"product_brand","embeddable":true,"href":"https:\/\/brizyproducts.com\/fr\/wp-json\/wp\/v2\/product_brand?post=12144"},{"taxonomy":"product_cat","embeddable":true,"href":"https:\/\/brizyproducts.com\/fr\/wp-json\/wp\/v2\/product_cat?post=12144"},{"taxonomy":"product_tag","embeddable":true,"href":"https:\/\/brizyproducts.com\/fr\/wp-json\/wp\/v2\/product_tag?post=12144"},{"taxonomy":"season","embeddable":true,"href":"https:\/\/brizyproducts.com\/fr\/wp-json\/wp\/v2\/season?post=12144"},{"taxonomy":"gender","embeddable":true,"href":"https:\/\/brizyproducts.com\/fr\/wp-json\/wp\/v2\/gender?post=12144"},{"taxonomy":"collection","embeddable":true,"href":"https:\/\/brizyproducts.com\/fr\/wp-json\/wp\/v2\/collection?post=12144"},{"taxonomy":"activity","embeddable":true,"href":"https:\/\/brizyproducts.com\/fr\/wp-json\/wp\/v2\/activity?post=12144"},{"taxonomy":"product_type_brizy","embeddable":true,"href":"https:\/\/brizyproducts.com\/fr\/wp-json\/wp\/v2\/product_type_brizy?post=12144"}],"curies":[{"name":"wp","href":"https:\/\/api.w.org\/{rel}","templated":true}]}}