{"id":12120,"date":"2024-08-01T06:31:00","date_gmt":"2024-08-01T06:31:00","guid":{"rendered":"https:\/\/brizyproducts.com\/product\/pocono-protection-short-tights-x2\/"},"modified":"2026-02-24T09:36:16","modified_gmt":"2026-02-24T09:36:16","slug":"pocono-protection-short-tights-x2","status":"publish","type":"product","link":"https:\/\/brizyproducts.com\/fr\/product\/pocono-protection-short-tights-x2\/","title":{"rendered":"Collant court de protection Pocono"},"content":{"rendered":"<div class=\"flex flex-grow flex-col max-w-full\">\n<div class=\"min-h-[20px] text-message flex flex-col items-start whitespace-pre-wrap break-words [.text-message+&amp;]:mt-5 juice:w-full juice:items-end overflow-x-auto gap-2\" dir=\"auto\" data-message-author-role=\"assistant\" data-message-id=\"e7a5a197-9d72-4d69-a6e6-d29f96192760\">\n<div class=\"flex w-full flex-col gap-1 juice:empty:hidden juice:first:pt-[3px]\">\n<h2><strong>Sous-shorts avec protection suppl\u00e9mentaire<\/strong><\/h2>\n<p>D\u00e9couvrez le Collant court de protection Pocono \u2013 des shorts blancs offrant une protection suppl\u00e9mentaire contre les graviers et petites pierres lors de l\u2019\u00e9quitation. Con\u00e7us pour un confort optimal, une grande libert\u00e9 de mouvement et un soutien efficace pendant l\u2019entra\u00eenement comme en comp\u00e9tition, ils sont fabriqu\u00e9s dans un tissu doux et extensible qui \u00e9pouse le corps sans limiter vos mouvements. La coupe ajust\u00e9e offre un maintien agr\u00e9able et r\u00e9duit les frottements.<\/p>\n<p>Le tissu technique \u00e9vacue efficacement l\u2019humidit\u00e9 et s\u00e8che rapidement, vous gardant au sec et \u00e0 l\u2019aise m\u00eame lors des journ\u00e9es les plus intenses. Une mousse ESF \u00e0 l\u2019avant prot\u00e8ge les zones sensibles des graviers et petites pierres pendant l\u2019entra\u00eenement et la comp\u00e9tition.<\/p>\n<p><strong>Remarque : Vendus par lots de 2 paires.<\/strong><\/p>\n<\/div>\n<\/div>\n<\/div>\n<div class=\"mt-1 flex gap-3 empty:hidden juice:-ml-3\">\n<div class=\"items-center justify-start rounded-xl p-1 flex\">\n<div class=\"flex items-center\">\n<div class=\"flex\"><\/div>\n<div class=\"flex items-center pb-0.5 juice:pb-0\">\n<div class=\"[&amp;_svg]:h-full [&amp;_svg]:w-full icon-md h-4 w-4\"><\/div>\n\n<\/div>\n<\/div>\n<\/div>\n<\/div>\n","protected":false},"excerpt":{"rendered":"<p>Deux paires de sous-shorts l\u00e9gers et respirants avec protection suppl\u00e9mentaire<\/p>\n","protected":false},"featured_media":12121,"comment_status":"closed","ping_status":"closed","template":"","meta":{"_acf_changed":false},"product_brand":[],"product_cat":[303],"product_tag":[243],"class_list":{"0":"post-12120","1":"product","2":"type-product","3":"status-publish","4":"has-post-thumbnail","6":"product_cat-underwear","7":"product_tag-pocono-fr","8":"season-spring-fall","9":"season-summer","10":"gender-men","11":"collection-pocono","13":"first","14":"instock","15":"taxable","16":"shipping-taxable","17":"purchasable","18":"product-type-variable"},"acf":[],"yoast_head":"<!-- This site is optimized with the Yoast SEO plugin v27.3 - https:\/\/yoast.com\/product\/yoast-seo-wordpress\/ -->\n<title>Collant court de protection | Sous-short technique court | Brizy<\/title>\n<meta name=\"description\" content=\"Sous-short blanc avec protection en tissu extensible et respirant. Id\u00e9al sous votre combinaison pour prot\u00e9ger des graviers.\" \/>\n<meta name=\"robots\" content=\"index, follow, max-snippet:-1, max-image-preview:large, max-video-preview:-1\" \/>\n<link rel=\"canonical\" href=\"https:\/\/brizyproducts.com\/fr\/product\/pocono-protection-short-tights-x2\/\" \/>\n<meta property=\"og:locale\" content=\"fr_FR\" \/>\n<meta property=\"og:type\" content=\"article\" \/>\n<meta property=\"og:title\" content=\"Collant court de protection | Sous-short technique court | Brizy\" \/>\n<meta property=\"og:description\" content=\"Sous-short blanc avec protection en tissu extensible et respirant. Id\u00e9al sous votre combinaison pour prot\u00e9ger des graviers.\" \/>\n<meta property=\"og:url\" content=\"https:\/\/brizyproducts.com\/fr\/product\/pocono-protection-short-tights-x2\/\" \/>\n<meta property=\"og:site_name\" content=\"Brizy Products\" \/>\n<meta property=\"article:publisher\" content=\"https:\/\/www.facebook.com\/brizy.1983\/\" \/>\n<meta property=\"article:modified_time\" content=\"2026-02-24T09:36:16+00:00\" \/>\n<meta property=\"og:image\" content=\"https:\/\/brizyproducts.com\/wp-content\/uploads\/2024\/08\/1-png.webp\" \/>\n\t<meta property=\"og:image:width\" content=\"3375\" \/>\n\t<meta property=\"og:image:height\" content=\"4500\" \/>\n\t<meta property=\"og:image:type\" content=\"image\/png\" \/>\n<meta name=\"twitter:card\" content=\"summary_large_image\" \/>\n<meta property=\"og:availability\" content=\"instock\" \/>\n<meta property=\"product:availability\" content=\"instock\" \/>\n<meta property=\"product:condition\" content=\"new\" \/>\n<!-- \/ Yoast SEO plugin. -->","yoast_head_json":{"title":"Collant court de protection | Sous-short technique court | Brizy","description":"Sous-short blanc avec protection en tissu extensible et respirant. Id\u00e9al sous votre combinaison pour prot\u00e9ger des graviers.","robots":{"index":"index","follow":"follow","max-snippet":"max-snippet:-1","max-image-preview":"max-image-preview:large","max-video-preview":"max-video-preview:-1"},"canonical":"https:\/\/brizyproducts.com\/fr\/product\/pocono-protection-short-tights-x2\/","og_locale":"fr_FR","og_type":"article","og_title":"Collant court de protection | Sous-short technique court | Brizy","og_description":"Sous-short blanc avec protection en tissu extensible et respirant. Id\u00e9al sous votre combinaison pour prot\u00e9ger des graviers.","og_url":"https:\/\/brizyproducts.com\/fr\/product\/pocono-protection-short-tights-x2\/","og_site_name":"Brizy Products","article_publisher":"https:\/\/www.facebook.com\/brizy.1983\/","article_modified_time":"2026-02-24T09:36:16+00:00","og_image":[{"width":3375,"height":4500,"url":"https:\/\/brizyproducts.com\/wp-content\/uploads\/2024\/08\/1-png.webp","type":"image\/png"}],"twitter_card":"summary_large_image","schema":{"@context":"https:\/\/schema.org","@graph":[{"@type":"WebPage","@id":"https:\/\/brizyproducts.com\/fr\/product\/pocono-protection-short-tights-x2\/","url":"https:\/\/brizyproducts.com\/fr\/product\/pocono-protection-short-tights-x2\/","name":"Collant court de protection | Sous-short technique court | Brizy","isPartOf":{"@id":"https:\/\/brizyproducts.com\/fr\/#website"},"primaryImageOfPage":{"@id":"https:\/\/brizyproducts.com\/fr\/product\/pocono-protection-short-tights-x2\/#primaryimage"},"image":{"@id":"https:\/\/brizyproducts.com\/fr\/product\/pocono-protection-short-tights-x2\/#primaryimage"},"thumbnailUrl":"https:\/\/brizyproducts.com\/wp-content\/uploads\/2024\/08\/1-png.webp","datePublished":"2024-08-01T06:31:00+00:00","dateModified":"2026-02-24T09:36:16+00:00","description":"Sous-short blanc avec protection en tissu extensible et respirant. Id\u00e9al sous votre combinaison pour prot\u00e9ger des graviers.","breadcrumb":{"@id":"https:\/\/brizyproducts.com\/fr\/product\/pocono-protection-short-tights-x2\/#breadcrumb"},"inLanguage":"fr-FR","potentialAction":[{"@type":"ReadAction","target":["https:\/\/brizyproducts.com\/fr\/product\/pocono-protection-short-tights-x2\/"]}]},{"@type":"ImageObject","inLanguage":"fr-FR","@id":"https:\/\/brizyproducts.com\/fr\/product\/pocono-protection-short-tights-x2\/#primaryimage","url":"https:\/\/brizyproducts.com\/wp-content\/uploads\/2024\/08\/1-png.webp","contentUrl":"https:\/\/brizyproducts.com\/wp-content\/uploads\/2024\/08\/1-png.webp","width":3375,"height":4500},{"@type":"BreadcrumbList","@id":"https:\/\/brizyproducts.com\/fr\/product\/pocono-protection-short-tights-x2\/#breadcrumb","itemListElement":[{"@type":"ListItem","position":1,"name":"Hem","item":"https:\/\/brizyproducts.com\/fr\/"},{"@type":"ListItem","position":2,"name":"Shop","item":"https:\/\/brizyproducts.com\/fr\/shop\/"},{"@type":"ListItem","position":3,"name":"Collant court de protection Pocono"}]},{"@type":"WebSite","@id":"https:\/\/brizyproducts.com\/fr\/#website","url":"https:\/\/brizyproducts.com\/fr\/","name":"Brizy","description":"","publisher":{"@id":"https:\/\/brizyproducts.com\/fr\/#organization"},"potentialAction":[{"@type":"SearchAction","target":{"@type":"EntryPoint","urlTemplate":"https:\/\/brizyproducts.com\/fr\/?s={search_term_string}"},"query-input":{"@type":"PropertyValueSpecification","valueRequired":true,"valueName":"search_term_string"}}],"inLanguage":"fr-FR"},{"@type":"Organization","@id":"https:\/\/brizyproducts.com\/fr\/#organization","name":"Brizy","url":"https:\/\/brizyproducts.com\/fr\/","logo":{"@type":"ImageObject","inLanguage":"fr-FR","@id":"https:\/\/brizyproducts.com\/fr\/#\/schema\/logo\/image\/","url":"https:\/\/brizyproducts.com\/wp-content\/uploads\/2023\/12\/Brizy-old.svg","contentUrl":"https:\/\/brizyproducts.com\/wp-content\/uploads\/2023\/12\/Brizy-old.svg","width":1,"height":1,"caption":"Brizy"},"image":{"@id":"https:\/\/brizyproducts.com\/fr\/#\/schema\/logo\/image\/"},"sameAs":["https:\/\/www.facebook.com\/brizy.1983\/","https:\/\/www.linkedin.com\/company\/brizy-produktion\/"]}]},"og_availability":"instock","product_availability":"instock","product_condition":"new"},"_links":{"self":[{"href":"https:\/\/brizyproducts.com\/fr\/wp-json\/wp\/v2\/product\/12120","targetHints":{"allow":["GET"]}}],"collection":[{"href":"https:\/\/brizyproducts.com\/fr\/wp-json\/wp\/v2\/product"}],"about":[{"href":"https:\/\/brizyproducts.com\/fr\/wp-json\/wp\/v2\/types\/product"}],"replies":[{"embeddable":true,"href":"https:\/\/brizyproducts.com\/fr\/wp-json\/wp\/v2\/comments?post=12120"}],"wp:featuredmedia":[{"embeddable":true,"href":"https:\/\/brizyproducts.com\/fr\/wp-json\/wp\/v2\/media\/12121"}],"wp:attachment":[{"href":"https:\/\/brizyproducts.com\/fr\/wp-json\/wp\/v2\/media?parent=12120"}],"wp:term":[{"taxonomy":"product_brand","embeddable":true,"href":"https:\/\/brizyproducts.com\/fr\/wp-json\/wp\/v2\/product_brand?post=12120"},{"taxonomy":"product_cat","embeddable":true,"href":"https:\/\/brizyproducts.com\/fr\/wp-json\/wp\/v2\/product_cat?post=12120"},{"taxonomy":"product_tag","embeddable":true,"href":"https:\/\/brizyproducts.com\/fr\/wp-json\/wp\/v2\/product_tag?post=12120"}],"curies":[{"name":"wp","href":"https:\/\/api.w.org\/{rel}","templated":true}]}}