{"id":12103,"date":"2024-08-28T08:33:28","date_gmt":"2024-08-28T08:33:28","guid":{"rendered":"https:\/\/brizyproducts.com\/product\/loke-wool-sock\/"},"modified":"2026-03-03T12:46:12","modified_gmt":"2026-03-03T12:46:12","slug":"loke-wool-sock","status":"publish","type":"product","link":"https:\/\/brizyproducts.com\/fr\/product\/loke-wool-sock\/","title":{"rendered":"Chaussette en laine m\u00e9rinos Loke"},"content":{"rendered":"<h2><strong>Chaussettes confortables et r\u00e9gulatrices de temp\u00e9rature<\/strong><\/h2>\n<p>D\u00e9couvrez le confort et la durabilit\u00e9 avec la Chaussette en laine m\u00e9rinos Loke. Confectionn\u00e9es en laine m\u00e9rinos douce et r\u00e9gulatrice de temp\u00e9rature, elles gardent les pieds chauds en hiver et frais en \u00e9t\u00e9. Les zones renforc\u00e9es r\u00e9sistent \u00e0 l\u2019usure du travail au haras, des comp\u00e9titions et de la vie quotidienne. Les coutures plates r\u00e9duisent les irritations et assurent un confort optimal. Parfaites avec des bottes d\u2019\u00e9quitation ou des chaussures de tous les jours, ces chaussettes vous gardent au chaud, au frais et \u00e0 l\u2019aise toute la journ\u00e9e.<\/p>\n","protected":false},"excerpt":{"rendered":"<p>Chaussettes confortables en laine m\u00e9rinos.<\/p>\n","protected":false},"featured_media":20192,"comment_status":"open","ping_status":"closed","template":"","meta":{"_acf_changed":false},"product_brand":[],"product_cat":[296],"product_tag":[],"class_list":{"0":"post-12103","1":"product","2":"type-product","3":"status-publish","4":"has-post-thumbnail","6":"product_cat-accessories","8":"first","9":"instock","10":"taxable","11":"shipping-taxable","12":"purchasable","13":"product-type-variable"},"acf":[],"yoast_head":"<!-- This site is optimized with the Yoast SEO plugin v27.0 - https:\/\/yoast.com\/product\/yoast-seo-wordpress\/ -->\n<title>Chaussette en laine m\u00e9rinos Loke | Chaussettes confortables | Brizy<\/title>\n<meta name=\"description\" content=\"Chaussettes en laine m\u00e9rinos qui gardent les pieds chauds en hiver et frais \u00e9t\u00e9. Les coutures plates offrent un ajustement confortable et sans irritation.\" \/>\n<meta name=\"robots\" content=\"index, follow, max-snippet:-1, max-image-preview:large, max-video-preview:-1\" \/>\n<link rel=\"canonical\" href=\"https:\/\/brizyproducts.com\/fr\/product\/loke-wool-sock\/\" \/>\n<meta property=\"og:locale\" content=\"fr_FR\" \/>\n<meta property=\"og:type\" content=\"article\" \/>\n<meta property=\"og:title\" content=\"Chaussette en laine m\u00e9rinos Loke | Chaussettes confortables | Brizy\" \/>\n<meta property=\"og:description\" content=\"Chaussettes en laine m\u00e9rinos qui gardent les pieds chauds en hiver et frais \u00e9t\u00e9. Les coutures plates offrent un ajustement confortable et sans irritation.\" \/>\n<meta property=\"og:url\" content=\"https:\/\/brizyproducts.com\/fr\/product\/loke-wool-sock\/\" \/>\n<meta property=\"og:site_name\" content=\"Brizy Products\" \/>\n<meta property=\"article:publisher\" content=\"https:\/\/www.facebook.com\/brizy.1983\/\" \/>\n<meta property=\"article:modified_time\" content=\"2026-03-03T12:46:12+00:00\" \/>\n<meta property=\"og:image\" content=\"https:\/\/brizyproducts.com\/wp-content\/uploads\/2024\/08\/socks-v2-1.webp\" \/>\n\t<meta property=\"og:image:width\" content=\"1804\" \/>\n\t<meta property=\"og:image:height\" content=\"2012\" \/>\n\t<meta property=\"og:image:type\" content=\"image\/png\" \/>\n<meta name=\"twitter:card\" content=\"summary_large_image\" \/>\n<meta property=\"og:availability\" content=\"instock\" \/>\n<meta property=\"product:availability\" content=\"instock\" \/>\n<meta property=\"product:condition\" content=\"new\" \/>\n<!-- \/ Yoast SEO plugin. -->","yoast_head_json":{"title":"Chaussette en laine m\u00e9rinos Loke | Chaussettes confortables | Brizy","description":"Chaussettes en laine m\u00e9rinos qui gardent les pieds chauds en hiver et frais \u00e9t\u00e9. Les coutures plates offrent un ajustement confortable et sans irritation.","robots":{"index":"index","follow":"follow","max-snippet":"max-snippet:-1","max-image-preview":"max-image-preview:large","max-video-preview":"max-video-preview:-1"},"canonical":"https:\/\/brizyproducts.com\/fr\/product\/loke-wool-sock\/","og_locale":"fr_FR","og_type":"article","og_title":"Chaussette en laine m\u00e9rinos Loke | Chaussettes confortables | Brizy","og_description":"Chaussettes en laine m\u00e9rinos qui gardent les pieds chauds en hiver et frais \u00e9t\u00e9. Les coutures plates offrent un ajustement confortable et sans irritation.","og_url":"https:\/\/brizyproducts.com\/fr\/product\/loke-wool-sock\/","og_site_name":"Brizy Products","article_publisher":"https:\/\/www.facebook.com\/brizy.1983\/","article_modified_time":"2026-03-03T12:46:12+00:00","og_image":[{"width":1804,"height":2012,"url":"https:\/\/brizyproducts.com\/wp-content\/uploads\/2024\/08\/socks-v2-1.webp","type":"image\/png"}],"twitter_card":"summary_large_image","schema":{"@context":"https:\/\/schema.org","@graph":[{"@type":"WebPage","@id":"https:\/\/brizyproducts.com\/fr\/product\/loke-wool-sock\/","url":"https:\/\/brizyproducts.com\/fr\/product\/loke-wool-sock\/","name":"Chaussette en laine m\u00e9rinos Loke | Chaussettes confortables | Brizy","isPartOf":{"@id":"https:\/\/brizyproducts.com\/fr\/#website"},"primaryImageOfPage":{"@id":"https:\/\/brizyproducts.com\/fr\/product\/loke-wool-sock\/#primaryimage"},"image":{"@id":"https:\/\/brizyproducts.com\/fr\/product\/loke-wool-sock\/#primaryimage"},"thumbnailUrl":"https:\/\/brizyproducts.com\/wp-content\/uploads\/2024\/08\/socks-v2-1.webp","datePublished":"2024-08-28T08:33:28+00:00","dateModified":"2026-03-03T12:46:12+00:00","description":"Chaussettes en laine m\u00e9rinos qui gardent les pieds chauds en hiver et frais \u00e9t\u00e9. Les coutures plates offrent un ajustement confortable et sans irritation.","breadcrumb":{"@id":"https:\/\/brizyproducts.com\/fr\/product\/loke-wool-sock\/#breadcrumb"},"inLanguage":"fr-FR","potentialAction":[{"@type":"ReadAction","target":["https:\/\/brizyproducts.com\/fr\/product\/loke-wool-sock\/"]}]},{"@type":"ImageObject","inLanguage":"fr-FR","@id":"https:\/\/brizyproducts.com\/fr\/product\/loke-wool-sock\/#primaryimage","url":"https:\/\/brizyproducts.com\/wp-content\/uploads\/2024\/08\/socks-v2-1.webp","contentUrl":"https:\/\/brizyproducts.com\/wp-content\/uploads\/2024\/08\/socks-v2-1.webp","width":1804,"height":2012},{"@type":"BreadcrumbList","@id":"https:\/\/brizyproducts.com\/fr\/product\/loke-wool-sock\/#breadcrumb","itemListElement":[{"@type":"ListItem","position":1,"name":"Hem","item":"https:\/\/brizyproducts.com\/fr\/"},{"@type":"ListItem","position":2,"name":"Shop","item":"https:\/\/brizyproducts.com\/fr\/shop\/"},{"@type":"ListItem","position":3,"name":"Chaussette en laine m\u00e9rinos Loke"}]},{"@type":"WebSite","@id":"https:\/\/brizyproducts.com\/fr\/#website","url":"https:\/\/brizyproducts.com\/fr\/","name":"Brizy","description":"","publisher":{"@id":"https:\/\/brizyproducts.com\/fr\/#organization"},"potentialAction":[{"@type":"SearchAction","target":{"@type":"EntryPoint","urlTemplate":"https:\/\/brizyproducts.com\/fr\/?s={search_term_string}"},"query-input":{"@type":"PropertyValueSpecification","valueRequired":true,"valueName":"search_term_string"}}],"inLanguage":"fr-FR"},{"@type":"Organization","@id":"https:\/\/brizyproducts.com\/fr\/#organization","name":"Brizy","url":"https:\/\/brizyproducts.com\/fr\/","logo":{"@type":"ImageObject","inLanguage":"fr-FR","@id":"https:\/\/brizyproducts.com\/fr\/#\/schema\/logo\/image\/","url":"https:\/\/brizyproducts.com\/wp-content\/uploads\/2023\/12\/Brizy-old.svg","contentUrl":"https:\/\/brizyproducts.com\/wp-content\/uploads\/2023\/12\/Brizy-old.svg","width":1,"height":1,"caption":"Brizy"},"image":{"@id":"https:\/\/brizyproducts.com\/fr\/#\/schema\/logo\/image\/"},"sameAs":["https:\/\/www.facebook.com\/brizy.1983\/","https:\/\/www.linkedin.com\/company\/brizy-produktion\/"]}]},"og_availability":"instock","product_availability":"instock","product_condition":"new"},"_links":{"self":[{"href":"https:\/\/brizyproducts.com\/fr\/wp-json\/wp\/v2\/product\/12103","targetHints":{"allow":["GET"]}}],"collection":[{"href":"https:\/\/brizyproducts.com\/fr\/wp-json\/wp\/v2\/product"}],"about":[{"href":"https:\/\/brizyproducts.com\/fr\/wp-json\/wp\/v2\/types\/product"}],"replies":[{"embeddable":true,"href":"https:\/\/brizyproducts.com\/fr\/wp-json\/wp\/v2\/comments?post=12103"}],"wp:featuredmedia":[{"embeddable":true,"href":"https:\/\/brizyproducts.com\/fr\/wp-json\/wp\/v2\/media\/20192"}],"wp:attachment":[{"href":"https:\/\/brizyproducts.com\/fr\/wp-json\/wp\/v2\/media?parent=12103"}],"wp:term":[{"taxonomy":"product_brand","embeddable":true,"href":"https:\/\/brizyproducts.com\/fr\/wp-json\/wp\/v2\/product_brand?post=12103"},{"taxonomy":"product_cat","embeddable":true,"href":"https:\/\/brizyproducts.com\/fr\/wp-json\/wp\/v2\/product_cat?post=12103"},{"taxonomy":"product_tag","embeddable":true,"href":"https:\/\/brizyproducts.com\/fr\/wp-json\/wp\/v2\/product_tag?post=12103"}],"curies":[{"name":"wp","href":"https:\/\/api.w.org\/{rel}","templated":true}]}}