{"id":12034,"date":"2025-10-23T13:04:30","date_gmt":"2025-10-23T13:04:30","guid":{"rendered":"https:\/\/brizyproducts.com\/?post_type=product&#038;p=12034"},"modified":"2025-10-24T11:09:30","modified_gmt":"2025-10-24T11:09:30","slug":"the-new-hermod-vest","status":"publish","type":"product","link":"https:\/\/brizyproducts.com\/fr\/product\/the-new-hermod-vest\/","title":{"rendered":"Nouveau gilet Hermod"},"content":{"rendered":"<h2><strong>Gilet fonctionnel pour toutes les saisons<\/strong><\/h2>\n<p>Un gilet \u00e9l\u00e9gant et pratique avec des panneaux lat\u00e9raux extensibles pour un ajustement confortable et une libert\u00e9 de mouvement totale. Le gilet pr\u00e9sente un design classique avec des poches zipp\u00e9es pratiques et convient aussi bien pour le travail \u00e0 l\u2019\u00e9curie que pour un usage quotidien. Il fonctionne \u00e9galement parfaitement comme couche suppl\u00e9mentaire lors des journ\u00e9es plus froides.<\/p>\n<p>Le gilet a une coupe r\u00e9guli\u00e8re, nous recommandons de choisir votre taille habituelle.<\/p>\n<p>Si vous souhaitez personnaliser votre gilet Hermod, vous pouvez ajouter un logo ou le branding d\u2019un sponsor. N\u2019h\u00e9sitez pas \u00e0 nous contacter pour discuter des possibilit\u00e9s.<\/p>\n","protected":false},"excerpt":{"rendered":"<p>Un gilet polyvalent, aussi adapt\u00e9 au travail \u00e0 l\u2019\u00e9curie qu\u2019\u00e0 un usage quotidien<\/p>\n","protected":false},"featured_media":20593,"comment_status":"closed","ping_status":"closed","template":"","meta":{"_acf_changed":false},"product_brand":[],"product_cat":[281],"product_tag":[243],"class_list":{"0":"post-12034","1":"product","2":"type-product","3":"status-publish","4":"has-post-thumbnail","6":"product_cat-vests","7":"product_tag-pocono-fr","8":"season-spring-fall","9":"season-summer","10":"gender-men","11":"collection-hermod","12":"activity-training","13":"activity-workwear","14":"product_type_brizy-stock-products","16":"first","17":"instock","18":"taxable","19":"shipping-taxable","20":"purchasable","21":"product-type-variable"},"acf":[],"yoast_head":"<!-- This site is optimized with the Yoast SEO plugin v27.3 - https:\/\/yoast.com\/product\/yoast-seo-wordpress\/ -->\n<title>Nouveau gilet Hermod | Gilet polyvalent \u00e9curie et quotidien | Brizy<\/title>\n<meta name=\"description\" content=\"Gilet l\u00e9ger et flexible avec panneaux extensibles sur les c\u00f4t\u00e9s, parfait pour le travail actif comme pour un usage quotidien\" \/>\n<meta name=\"robots\" content=\"index, follow, max-snippet:-1, max-image-preview:large, max-video-preview:-1\" \/>\n<link rel=\"canonical\" href=\"https:\/\/brizyproducts.com\/fr\/product\/the-new-hermod-vest\/\" \/>\n<meta property=\"og:locale\" content=\"fr_FR\" \/>\n<meta property=\"og:type\" content=\"article\" \/>\n<meta property=\"og:title\" content=\"Nouveau gilet Hermod | Gilet polyvalent \u00e9curie et quotidien | Brizy\" \/>\n<meta property=\"og:description\" content=\"Gilet l\u00e9ger et flexible avec panneaux extensibles sur les c\u00f4t\u00e9s, parfait pour le travail actif comme pour un usage quotidien\" \/>\n<meta property=\"og:url\" content=\"https:\/\/brizyproducts.com\/fr\/product\/the-new-hermod-vest\/\" \/>\n<meta property=\"og:site_name\" content=\"Brizy Products\" \/>\n<meta property=\"article:publisher\" content=\"https:\/\/www.facebook.com\/brizy.1983\/\" \/>\n<meta property=\"article:modified_time\" content=\"2025-10-24T11:09:30+00:00\" \/>\n<meta property=\"og:image\" content=\"https:\/\/brizyproducts.com\/wp-content\/uploads\/2024\/10\/2-Low.webp\" \/>\n\t<meta property=\"og:image:width\" content=\"1181\" \/>\n\t<meta property=\"og:image:height\" content=\"1575\" \/>\n\t<meta property=\"og:image:type\" content=\"image\/png\" \/>\n<meta name=\"twitter:card\" content=\"summary_large_image\" \/>\n<meta property=\"og:availability\" content=\"instock\" \/>\n<meta property=\"product:availability\" content=\"instock\" \/>\n<meta property=\"product:condition\" content=\"new\" \/>\n<!-- \/ Yoast SEO plugin. -->","yoast_head_json":{"title":"Nouveau gilet Hermod | Gilet polyvalent \u00e9curie et quotidien | Brizy","description":"Gilet l\u00e9ger et flexible avec panneaux extensibles sur les c\u00f4t\u00e9s, parfait pour le travail actif comme pour un usage quotidien","robots":{"index":"index","follow":"follow","max-snippet":"max-snippet:-1","max-image-preview":"max-image-preview:large","max-video-preview":"max-video-preview:-1"},"canonical":"https:\/\/brizyproducts.com\/fr\/product\/the-new-hermod-vest\/","og_locale":"fr_FR","og_type":"article","og_title":"Nouveau gilet Hermod | Gilet polyvalent \u00e9curie et quotidien | Brizy","og_description":"Gilet l\u00e9ger et flexible avec panneaux extensibles sur les c\u00f4t\u00e9s, parfait pour le travail actif comme pour un usage quotidien","og_url":"https:\/\/brizyproducts.com\/fr\/product\/the-new-hermod-vest\/","og_site_name":"Brizy Products","article_publisher":"https:\/\/www.facebook.com\/brizy.1983\/","article_modified_time":"2025-10-24T11:09:30+00:00","og_image":[{"width":1181,"height":1575,"url":"https:\/\/brizyproducts.com\/wp-content\/uploads\/2024\/10\/2-Low.webp","type":"image\/png"}],"twitter_card":"summary_large_image","schema":{"@context":"https:\/\/schema.org","@graph":[{"@type":"WebPage","@id":"https:\/\/brizyproducts.com\/fr\/product\/the-new-hermod-vest\/","url":"https:\/\/brizyproducts.com\/fr\/product\/the-new-hermod-vest\/","name":"Nouveau gilet Hermod | Gilet polyvalent \u00e9curie et quotidien | Brizy","isPartOf":{"@id":"https:\/\/brizyproducts.com\/fr\/#website"},"primaryImageOfPage":{"@id":"https:\/\/brizyproducts.com\/fr\/product\/the-new-hermod-vest\/#primaryimage"},"image":{"@id":"https:\/\/brizyproducts.com\/fr\/product\/the-new-hermod-vest\/#primaryimage"},"thumbnailUrl":"https:\/\/brizyproducts.com\/wp-content\/uploads\/2024\/10\/2-Low.webp","datePublished":"2025-10-23T13:04:30+00:00","dateModified":"2025-10-24T11:09:30+00:00","description":"Gilet l\u00e9ger et flexible avec panneaux extensibles sur les c\u00f4t\u00e9s, parfait pour le travail actif comme pour un usage quotidien","breadcrumb":{"@id":"https:\/\/brizyproducts.com\/fr\/product\/the-new-hermod-vest\/#breadcrumb"},"inLanguage":"fr-FR","potentialAction":[{"@type":"ReadAction","target":["https:\/\/brizyproducts.com\/fr\/product\/the-new-hermod-vest\/"]}]},{"@type":"ImageObject","inLanguage":"fr-FR","@id":"https:\/\/brizyproducts.com\/fr\/product\/the-new-hermod-vest\/#primaryimage","url":"https:\/\/brizyproducts.com\/wp-content\/uploads\/2024\/10\/2-Low.webp","contentUrl":"https:\/\/brizyproducts.com\/wp-content\/uploads\/2024\/10\/2-Low.webp","width":1181,"height":1575},{"@type":"BreadcrumbList","@id":"https:\/\/brizyproducts.com\/fr\/product\/the-new-hermod-vest\/#breadcrumb","itemListElement":[{"@type":"ListItem","position":1,"name":"Hem","item":"https:\/\/brizyproducts.com\/fr\/"},{"@type":"ListItem","position":2,"name":"Shop","item":"https:\/\/brizyproducts.com\/fr\/shop\/"},{"@type":"ListItem","position":3,"name":"Nouveau gilet Hermod"}]},{"@type":"WebSite","@id":"https:\/\/brizyproducts.com\/fr\/#website","url":"https:\/\/brizyproducts.com\/fr\/","name":"Brizy","description":"","publisher":{"@id":"https:\/\/brizyproducts.com\/fr\/#organization"},"potentialAction":[{"@type":"SearchAction","target":{"@type":"EntryPoint","urlTemplate":"https:\/\/brizyproducts.com\/fr\/?s={search_term_string}"},"query-input":{"@type":"PropertyValueSpecification","valueRequired":true,"valueName":"search_term_string"}}],"inLanguage":"fr-FR"},{"@type":"Organization","@id":"https:\/\/brizyproducts.com\/fr\/#organization","name":"Brizy","url":"https:\/\/brizyproducts.com\/fr\/","logo":{"@type":"ImageObject","inLanguage":"fr-FR","@id":"https:\/\/brizyproducts.com\/fr\/#\/schema\/logo\/image\/","url":"https:\/\/brizyproducts.com\/wp-content\/uploads\/2023\/12\/Brizy-old.svg","contentUrl":"https:\/\/brizyproducts.com\/wp-content\/uploads\/2023\/12\/Brizy-old.svg","width":1,"height":1,"caption":"Brizy"},"image":{"@id":"https:\/\/brizyproducts.com\/fr\/#\/schema\/logo\/image\/"},"sameAs":["https:\/\/www.facebook.com\/brizy.1983\/","https:\/\/www.linkedin.com\/company\/brizy-produktion\/"]}]},"og_availability":"instock","product_availability":"instock","product_condition":"new"},"_links":{"self":[{"href":"https:\/\/brizyproducts.com\/fr\/wp-json\/wp\/v2\/product\/12034","targetHints":{"allow":["GET"]}}],"collection":[{"href":"https:\/\/brizyproducts.com\/fr\/wp-json\/wp\/v2\/product"}],"about":[{"href":"https:\/\/brizyproducts.com\/fr\/wp-json\/wp\/v2\/types\/product"}],"replies":[{"embeddable":true,"href":"https:\/\/brizyproducts.com\/fr\/wp-json\/wp\/v2\/comments?post=12034"}],"wp:featuredmedia":[{"embeddable":true,"href":"https:\/\/brizyproducts.com\/fr\/wp-json\/wp\/v2\/media\/20593"}],"wp:attachment":[{"href":"https:\/\/brizyproducts.com\/fr\/wp-json\/wp\/v2\/media?parent=12034"}],"wp:term":[{"taxonomy":"product_brand","embeddable":true,"href":"https:\/\/brizyproducts.com\/fr\/wp-json\/wp\/v2\/product_brand?post=12034"},{"taxonomy":"product_cat","embeddable":true,"href":"https:\/\/brizyproducts.com\/fr\/wp-json\/wp\/v2\/product_cat?post=12034"},{"taxonomy":"product_tag","embeddable":true,"href":"https:\/\/brizyproducts.com\/fr\/wp-json\/wp\/v2\/product_tag?post=12034"}],"curies":[{"name":"wp","href":"https:\/\/api.w.org\/{rel}","templated":true}]}}