{"id":11993,"date":"2024-10-09T13:47:07","date_gmt":"2024-10-09T13:47:07","guid":{"rendered":"https:\/\/brizyproducts.com\/product\/fenja-womens-mens\/"},"modified":"2025-09-22T08:00:36","modified_gmt":"2025-09-22T08:00:36","slug":"fenja-womens-mens","status":"publish","type":"product","link":"https:\/\/brizyproducts.com\/fr\/product\/fenja-womens-mens\/","title":{"rendered":"Gilet pour femmes Fenja"},"content":{"rendered":"<h2><strong>Gilet pratique et r\u00e9sistant pour tous les temps<\/strong><\/h2>\n<p>Le gilet Fenja est le v\u00eatement id\u00e9al pour celles et ceux qui recherchent chaleur, libert\u00e9 de mouvement et fonctionnalit\u00e9 en un seul produit. Con\u00e7u pour r\u00e9sister aux exigences d\u2019un usage quotidien, il convient aussi bien au travail \u00e0 l\u2019\u00e9curie et \u00e0 l\u2019entra\u00eenement qu\u2019aux activit\u00e9s de tous les jours.<\/p>\n<p>Le tissu r\u00e9sistant associ\u00e9 \u00e0 une isolation l\u00e9g\u00e8re offre une chaleur agr\u00e9able sans lourdeur ni volume. Ce gilet se porte parfaitement en couche ext\u00e9rieure lors des journ\u00e9es plus douces, ou comme couche interm\u00e9diaire sous une veste lorsque la temp\u00e9rature baisse.<br \/>\nAvec sa coupe pratique et flexible, vous profitez d\u2019une totale libert\u00e9 de mouvement quelle que soit l\u2019activit\u00e9. Facile \u00e0 associer \u00e0 d\u2019autres v\u00eatements, il devient rapidement un indispensable de votre garde-robe tout au long de l\u2019ann\u00e9e, aussi bien pour le travail que pour les loisirs.<\/p>\n<p>Le gilet a une coupe r\u00e9guli\u00e8re, nous recommandons de choisir votre taille habituelle.<\/p>\n<p>Ajoutez une touche personnelle \u00e0 votre gilet Fenja avec un logo ou un marquage sponsoris\u00e9 \u2013 contactez-nous pour discuter des options.<\/p>\n","protected":false},"excerpt":{"rendered":"<p>Un gilet \u00e9l\u00e9gant et polyvalent pour le quotidien, le travail et l\u2019\u00e9curie.<\/p>\n","protected":false},"featured_media":11994,"comment_status":"closed","ping_status":"closed","template":"","meta":{"_acf_changed":false},"product_brand":[],"product_cat":[281,262],"product_tag":[459,243],"class_list":{"0":"post-11993","1":"product","2":"type-product","3":"status-publish","4":"has-post-thumbnail","6":"product_cat-vests","7":"product_cat-womens","8":"product_tag-fenja-fr","9":"product_tag-pocono-fr","10":"season-spring-fall","11":"season-winter","12":"gender-women","13":"collection-fenja","14":"activity-training","15":"activity-workwear","16":"product_type_brizy-stock-products","18":"first","19":"instock","20":"taxable","21":"shipping-taxable","22":"purchasable","23":"product-type-variable"},"acf":[],"yoast_head":"<!-- This site is optimized with the Yoast SEO plugin v27.3 - https:\/\/yoast.com\/product\/yoast-seo-wordpress\/ -->\n<title>Gilet pour femmes Fenja | Gilet pour l\u2019\u00e9curie et le quotidien | Brizy<\/title>\n<meta name=\"description\" content=\"Un gilet \u00e9l\u00e9gant et polyvalent pour le quotidien, le travail et l\u2019\u00e9curie, offrant chaleur, confort et libert\u00e9 de mouvement.\" \/>\n<meta name=\"robots\" content=\"index, follow, max-snippet:-1, max-image-preview:large, max-video-preview:-1\" \/>\n<link rel=\"canonical\" href=\"https:\/\/brizyproducts.com\/fr\/product\/fenja-womens-mens\/\" \/>\n<meta property=\"og:locale\" content=\"fr_FR\" \/>\n<meta property=\"og:type\" content=\"article\" \/>\n<meta property=\"og:title\" content=\"Gilet pour femmes Fenja | Gilet pour l\u2019\u00e9curie et le quotidien | Brizy\" \/>\n<meta property=\"og:description\" content=\"Un gilet \u00e9l\u00e9gant et polyvalent pour le quotidien, le travail et l\u2019\u00e9curie, offrant chaleur, confort et libert\u00e9 de mouvement.\" \/>\n<meta property=\"og:url\" content=\"https:\/\/brizyproducts.com\/fr\/product\/fenja-womens-mens\/\" \/>\n<meta property=\"og:site_name\" content=\"Brizy Products\" \/>\n<meta property=\"article:publisher\" content=\"https:\/\/www.facebook.com\/brizy.1983\/\" \/>\n<meta property=\"article:modified_time\" content=\"2025-09-22T08:00:36+00:00\" \/>\n<meta property=\"og:image\" content=\"https:\/\/brizyproducts.com\/wp-content\/uploads\/2024\/10\/2W-png.webp\" \/>\n\t<meta property=\"og:image:width\" content=\"3375\" \/>\n\t<meta property=\"og:image:height\" content=\"4500\" \/>\n\t<meta property=\"og:image:type\" content=\"image\/png\" \/>\n<meta name=\"twitter:card\" content=\"summary_large_image\" \/>\n<meta property=\"og:availability\" content=\"instock\" \/>\n<meta property=\"product:availability\" content=\"instock\" \/>\n<meta property=\"product:condition\" content=\"new\" \/>\n<!-- \/ Yoast SEO plugin. -->","yoast_head_json":{"title":"Gilet pour femmes Fenja | Gilet pour l\u2019\u00e9curie et le quotidien | Brizy","description":"Un gilet \u00e9l\u00e9gant et polyvalent pour le quotidien, le travail et l\u2019\u00e9curie, offrant chaleur, confort et libert\u00e9 de mouvement.","robots":{"index":"index","follow":"follow","max-snippet":"max-snippet:-1","max-image-preview":"max-image-preview:large","max-video-preview":"max-video-preview:-1"},"canonical":"https:\/\/brizyproducts.com\/fr\/product\/fenja-womens-mens\/","og_locale":"fr_FR","og_type":"article","og_title":"Gilet pour femmes Fenja | Gilet pour l\u2019\u00e9curie et le quotidien | Brizy","og_description":"Un gilet \u00e9l\u00e9gant et polyvalent pour le quotidien, le travail et l\u2019\u00e9curie, offrant chaleur, confort et libert\u00e9 de mouvement.","og_url":"https:\/\/brizyproducts.com\/fr\/product\/fenja-womens-mens\/","og_site_name":"Brizy Products","article_publisher":"https:\/\/www.facebook.com\/brizy.1983\/","article_modified_time":"2025-09-22T08:00:36+00:00","og_image":[{"width":3375,"height":4500,"url":"https:\/\/brizyproducts.com\/wp-content\/uploads\/2024\/10\/2W-png.webp","type":"image\/png"}],"twitter_card":"summary_large_image","schema":{"@context":"https:\/\/schema.org","@graph":[{"@type":"WebPage","@id":"https:\/\/brizyproducts.com\/fr\/product\/fenja-womens-mens\/","url":"https:\/\/brizyproducts.com\/fr\/product\/fenja-womens-mens\/","name":"Gilet pour femmes Fenja | Gilet pour l\u2019\u00e9curie et le quotidien | Brizy","isPartOf":{"@id":"https:\/\/brizyproducts.com\/fr\/#website"},"primaryImageOfPage":{"@id":"https:\/\/brizyproducts.com\/fr\/product\/fenja-womens-mens\/#primaryimage"},"image":{"@id":"https:\/\/brizyproducts.com\/fr\/product\/fenja-womens-mens\/#primaryimage"},"thumbnailUrl":"https:\/\/brizyproducts.com\/wp-content\/uploads\/2024\/10\/2W-png.webp","datePublished":"2024-10-09T13:47:07+00:00","dateModified":"2025-09-22T08:00:36+00:00","description":"Un gilet \u00e9l\u00e9gant et polyvalent pour le quotidien, le travail et l\u2019\u00e9curie, offrant chaleur, confort et libert\u00e9 de mouvement.","breadcrumb":{"@id":"https:\/\/brizyproducts.com\/fr\/product\/fenja-womens-mens\/#breadcrumb"},"inLanguage":"fr-FR","potentialAction":[{"@type":"ReadAction","target":["https:\/\/brizyproducts.com\/fr\/product\/fenja-womens-mens\/"]}]},{"@type":"ImageObject","inLanguage":"fr-FR","@id":"https:\/\/brizyproducts.com\/fr\/product\/fenja-womens-mens\/#primaryimage","url":"https:\/\/brizyproducts.com\/wp-content\/uploads\/2024\/10\/2W-png.webp","contentUrl":"https:\/\/brizyproducts.com\/wp-content\/uploads\/2024\/10\/2W-png.webp","width":3375,"height":4500},{"@type":"BreadcrumbList","@id":"https:\/\/brizyproducts.com\/fr\/product\/fenja-womens-mens\/#breadcrumb","itemListElement":[{"@type":"ListItem","position":1,"name":"Hem","item":"https:\/\/brizyproducts.com\/fr\/"},{"@type":"ListItem","position":2,"name":"Shop","item":"https:\/\/brizyproducts.com\/fr\/shop\/"},{"@type":"ListItem","position":3,"name":"Gilet pour femmes Fenja"}]},{"@type":"WebSite","@id":"https:\/\/brizyproducts.com\/fr\/#website","url":"https:\/\/brizyproducts.com\/fr\/","name":"Brizy","description":"","publisher":{"@id":"https:\/\/brizyproducts.com\/fr\/#organization"},"potentialAction":[{"@type":"SearchAction","target":{"@type":"EntryPoint","urlTemplate":"https:\/\/brizyproducts.com\/fr\/?s={search_term_string}"},"query-input":{"@type":"PropertyValueSpecification","valueRequired":true,"valueName":"search_term_string"}}],"inLanguage":"fr-FR"},{"@type":"Organization","@id":"https:\/\/brizyproducts.com\/fr\/#organization","name":"Brizy","url":"https:\/\/brizyproducts.com\/fr\/","logo":{"@type":"ImageObject","inLanguage":"fr-FR","@id":"https:\/\/brizyproducts.com\/fr\/#\/schema\/logo\/image\/","url":"https:\/\/brizyproducts.com\/wp-content\/uploads\/2023\/12\/Brizy-old.svg","contentUrl":"https:\/\/brizyproducts.com\/wp-content\/uploads\/2023\/12\/Brizy-old.svg","width":1,"height":1,"caption":"Brizy"},"image":{"@id":"https:\/\/brizyproducts.com\/fr\/#\/schema\/logo\/image\/"},"sameAs":["https:\/\/www.facebook.com\/brizy.1983\/","https:\/\/www.linkedin.com\/company\/brizy-produktion\/"]}]},"og_availability":"instock","product_availability":"instock","product_condition":"new"},"_links":{"self":[{"href":"https:\/\/brizyproducts.com\/fr\/wp-json\/wp\/v2\/product\/11993","targetHints":{"allow":["GET"]}}],"collection":[{"href":"https:\/\/brizyproducts.com\/fr\/wp-json\/wp\/v2\/product"}],"about":[{"href":"https:\/\/brizyproducts.com\/fr\/wp-json\/wp\/v2\/types\/product"}],"replies":[{"embeddable":true,"href":"https:\/\/brizyproducts.com\/fr\/wp-json\/wp\/v2\/comments?post=11993"}],"wp:featuredmedia":[{"embeddable":true,"href":"https:\/\/brizyproducts.com\/fr\/wp-json\/wp\/v2\/media\/11994"}],"wp:attachment":[{"href":"https:\/\/brizyproducts.com\/fr\/wp-json\/wp\/v2\/media?parent=11993"}],"wp:term":[{"taxonomy":"product_brand","embeddable":true,"href":"https:\/\/brizyproducts.com\/fr\/wp-json\/wp\/v2\/product_brand?post=11993"},{"taxonomy":"product_cat","embeddable":true,"href":"https:\/\/brizyproducts.com\/fr\/wp-json\/wp\/v2\/product_cat?post=11993"},{"taxonomy":"product_tag","embeddable":true,"href":"https:\/\/brizyproducts.com\/fr\/wp-json\/wp\/v2\/product_tag?post=11993"}],"curies":[{"name":"wp","href":"https:\/\/api.w.org\/{rel}","templated":true}]}}