{"id":11947,"date":"2024-10-09T17:48:02","date_gmt":"2024-10-09T17:48:02","guid":{"rendered":"https:\/\/brizyproducts.com\/product\/fenja-mens-jacket-kopia\/"},"modified":"2025-09-22T07:58:08","modified_gmt":"2025-09-22T07:58:08","slug":"fenja-mens-jacket-kopia","status":"publish","type":"product","link":"https:\/\/brizyproducts.com\/fr\/product\/fenja-mens-jacket-kopia\/","title":{"rendered":"Fenja Hommes Hoody"},"content":{"rendered":"<h2><strong>Veste pratique et r\u00e9sistante pour tous les temps<\/strong><\/h2>\n<p>La veste Fenja Hoody est le choix id\u00e9al pour tous ceux qui recherchent chaleur, libert\u00e9 de mouvement et fonctionnalit\u00e9 en un seul v\u00eatement. Con\u00e7ue pour r\u00e9sister \u00e0 un usage quotidien, elle convient aussi bien au travail \u00e0 l\u2019\u00e9curie, \u00e0 l\u2019entra\u00eenement qu\u2019\u00e0 un usage quotidien. La capuche pratique offre une protection suppl\u00e9mentaire pour la t\u00eate.<\/p>\n<p>Le tissu r\u00e9sistant, associ\u00e9 \u00e0 une isolation l\u00e9g\u00e8re, offre une chaleur agr\u00e9able sans alourdir le v\u00eatement. Cette doudoune se porte parfaitement comme couche ext\u00e9rieure par temps pluvieux ou venteux, ou comme couche interm\u00e9diaire sous un manteau plus \u00e9pais lorsque le froid s\u2019installe.<\/p>\n<p>Gr\u00e2ce \u00e0 une coupe pratique et flexible, elle offre une libert\u00e9 de mouvement totale pour toutes les activit\u00e9s. La veste se combine facilement avec d\u2019autres v\u00eatements, devenant rapidement un incontournable polyvalent tout au long de l\u2019ann\u00e9e, pour le travail comme pour les loisirs.<\/p>\n<p>La veste a une coupe r\u00e9guli\u00e8re \u2013 nous recommandons de choisir votre taille habituelle.<\/p>\n<p>Ajoutez une touche personnelle \u00e0 votre veste Fenja Hoody avec un logo ou un marquage sponsoris\u00e9. Contactez-nous pour discuter des possibilit\u00e9s.<\/p>\n","protected":false},"excerpt":{"rendered":"<p>Une doudoune \u00e9l\u00e9gante et polyvalente avec capuche pour le quotidien, le travail et l\u2019\u00e9curie.<\/p>\n","protected":false},"featured_media":11949,"comment_status":"closed","ping_status":"closed","template":"","meta":{"_acf_changed":false},"product_brand":[],"product_cat":[240,273],"product_tag":[459,243],"class_list":{"0":"post-11947","1":"product","2":"type-product","3":"status-publish","4":"has-post-thumbnail","6":"product_cat-mens","7":"product_cat-jackets","8":"product_tag-fenja-fr","9":"product_tag-pocono-fr","10":"season-spring-fall","11":"season-winter","12":"gender-men","13":"collection-fenja","14":"activity-training","15":"activity-workwear","16":"product_type_brizy-stock-products","18":"first","19":"instock","20":"taxable","21":"shipping-taxable","22":"purchasable","23":"product-type-variable"},"acf":[],"yoast_head":"<!-- This site is optimized with the Yoast SEO plugin v27.0 - https:\/\/yoast.com\/product\/yoast-seo-wordpress\/ -->\n<title>Fenja Hoody | Doudoune \u00e0 capuche pour \u00e9curie et quotidien | Brizy<\/title>\n<meta name=\"description\" content=\"Doudoune \u00e9l\u00e9gante et polyvalente avec capuche, parfaite pour le quotidien, le travail et l\u2019\u00e9curie. Allie chaleur, confort et libert\u00e9 de mouvement.\" \/>\n<meta name=\"robots\" content=\"index, follow, max-snippet:-1, max-image-preview:large, max-video-preview:-1\" \/>\n<link rel=\"canonical\" href=\"https:\/\/brizyproducts.com\/fr\/product\/fenja-mens-jacket-kopia\/\" \/>\n<meta property=\"og:locale\" content=\"fr_FR\" \/>\n<meta property=\"og:type\" content=\"article\" \/>\n<meta property=\"og:title\" content=\"Fenja Hoody | Doudoune \u00e0 capuche pour \u00e9curie et quotidien | Brizy\" \/>\n<meta property=\"og:description\" content=\"Doudoune \u00e9l\u00e9gante et polyvalente avec capuche, parfaite pour le quotidien, le travail et l\u2019\u00e9curie. Allie chaleur, confort et libert\u00e9 de mouvement.\" \/>\n<meta property=\"og:url\" content=\"https:\/\/brizyproducts.com\/fr\/product\/fenja-mens-jacket-kopia\/\" \/>\n<meta property=\"og:site_name\" content=\"Brizy Products\" \/>\n<meta property=\"article:publisher\" content=\"https:\/\/www.facebook.com\/brizy.1983\/\" \/>\n<meta property=\"article:modified_time\" content=\"2025-09-22T07:58:08+00:00\" \/>\n<meta property=\"og:image\" content=\"https:\/\/brizyproducts.com\/wp-content\/uploads\/2024\/10\/4-png.webp\" \/>\n\t<meta property=\"og:image:width\" content=\"3375\" \/>\n\t<meta property=\"og:image:height\" content=\"4500\" \/>\n\t<meta property=\"og:image:type\" content=\"image\/png\" \/>\n<meta name=\"twitter:card\" content=\"summary_large_image\" \/>\n<meta property=\"og:availability\" content=\"instock\" \/>\n<meta property=\"product:availability\" content=\"instock\" \/>\n<meta property=\"product:condition\" content=\"new\" \/>\n<!-- \/ Yoast SEO plugin. -->","yoast_head_json":{"title":"Fenja Hoody | Doudoune \u00e0 capuche pour \u00e9curie et quotidien | Brizy","description":"Doudoune \u00e9l\u00e9gante et polyvalente avec capuche, parfaite pour le quotidien, le travail et l\u2019\u00e9curie. Allie chaleur, confort et libert\u00e9 de mouvement.","robots":{"index":"index","follow":"follow","max-snippet":"max-snippet:-1","max-image-preview":"max-image-preview:large","max-video-preview":"max-video-preview:-1"},"canonical":"https:\/\/brizyproducts.com\/fr\/product\/fenja-mens-jacket-kopia\/","og_locale":"fr_FR","og_type":"article","og_title":"Fenja Hoody | Doudoune \u00e0 capuche pour \u00e9curie et quotidien | Brizy","og_description":"Doudoune \u00e9l\u00e9gante et polyvalente avec capuche, parfaite pour le quotidien, le travail et l\u2019\u00e9curie. Allie chaleur, confort et libert\u00e9 de mouvement.","og_url":"https:\/\/brizyproducts.com\/fr\/product\/fenja-mens-jacket-kopia\/","og_site_name":"Brizy Products","article_publisher":"https:\/\/www.facebook.com\/brizy.1983\/","article_modified_time":"2025-09-22T07:58:08+00:00","og_image":[{"width":3375,"height":4500,"url":"https:\/\/brizyproducts.com\/wp-content\/uploads\/2024\/10\/4-png.webp","type":"image\/png"}],"twitter_card":"summary_large_image","schema":{"@context":"https:\/\/schema.org","@graph":[{"@type":"WebPage","@id":"https:\/\/brizyproducts.com\/fr\/product\/fenja-mens-jacket-kopia\/","url":"https:\/\/brizyproducts.com\/fr\/product\/fenja-mens-jacket-kopia\/","name":"Fenja Hoody | Doudoune \u00e0 capuche pour \u00e9curie et quotidien | Brizy","isPartOf":{"@id":"https:\/\/brizyproducts.com\/fr\/#website"},"primaryImageOfPage":{"@id":"https:\/\/brizyproducts.com\/fr\/product\/fenja-mens-jacket-kopia\/#primaryimage"},"image":{"@id":"https:\/\/brizyproducts.com\/fr\/product\/fenja-mens-jacket-kopia\/#primaryimage"},"thumbnailUrl":"https:\/\/brizyproducts.com\/wp-content\/uploads\/2024\/10\/4-png.webp","datePublished":"2024-10-09T17:48:02+00:00","dateModified":"2025-09-22T07:58:08+00:00","description":"Doudoune \u00e9l\u00e9gante et polyvalente avec capuche, parfaite pour le quotidien, le travail et l\u2019\u00e9curie. Allie chaleur, confort et libert\u00e9 de mouvement.","breadcrumb":{"@id":"https:\/\/brizyproducts.com\/fr\/product\/fenja-mens-jacket-kopia\/#breadcrumb"},"inLanguage":"fr-FR","potentialAction":[{"@type":"ReadAction","target":["https:\/\/brizyproducts.com\/fr\/product\/fenja-mens-jacket-kopia\/"]}]},{"@type":"ImageObject","inLanguage":"fr-FR","@id":"https:\/\/brizyproducts.com\/fr\/product\/fenja-mens-jacket-kopia\/#primaryimage","url":"https:\/\/brizyproducts.com\/wp-content\/uploads\/2024\/10\/4-png.webp","contentUrl":"https:\/\/brizyproducts.com\/wp-content\/uploads\/2024\/10\/4-png.webp","width":3375,"height":4500},{"@type":"BreadcrumbList","@id":"https:\/\/brizyproducts.com\/fr\/product\/fenja-mens-jacket-kopia\/#breadcrumb","itemListElement":[{"@type":"ListItem","position":1,"name":"Hem","item":"https:\/\/brizyproducts.com\/fr\/"},{"@type":"ListItem","position":2,"name":"Shop","item":"https:\/\/brizyproducts.com\/fr\/shop\/"},{"@type":"ListItem","position":3,"name":"Fenja Hommes Hoody"}]},{"@type":"WebSite","@id":"https:\/\/brizyproducts.com\/fr\/#website","url":"https:\/\/brizyproducts.com\/fr\/","name":"Brizy","description":"","publisher":{"@id":"https:\/\/brizyproducts.com\/fr\/#organization"},"potentialAction":[{"@type":"SearchAction","target":{"@type":"EntryPoint","urlTemplate":"https:\/\/brizyproducts.com\/fr\/?s={search_term_string}"},"query-input":{"@type":"PropertyValueSpecification","valueRequired":true,"valueName":"search_term_string"}}],"inLanguage":"fr-FR"},{"@type":"Organization","@id":"https:\/\/brizyproducts.com\/fr\/#organization","name":"Brizy","url":"https:\/\/brizyproducts.com\/fr\/","logo":{"@type":"ImageObject","inLanguage":"fr-FR","@id":"https:\/\/brizyproducts.com\/fr\/#\/schema\/logo\/image\/","url":"https:\/\/brizyproducts.com\/wp-content\/uploads\/2023\/12\/Brizy-old.svg","contentUrl":"https:\/\/brizyproducts.com\/wp-content\/uploads\/2023\/12\/Brizy-old.svg","width":1,"height":1,"caption":"Brizy"},"image":{"@id":"https:\/\/brizyproducts.com\/fr\/#\/schema\/logo\/image\/"},"sameAs":["https:\/\/www.facebook.com\/brizy.1983\/","https:\/\/www.linkedin.com\/company\/brizy-produktion\/"]}]},"og_availability":"instock","product_availability":"instock","product_condition":"new"},"_links":{"self":[{"href":"https:\/\/brizyproducts.com\/fr\/wp-json\/wp\/v2\/product\/11947","targetHints":{"allow":["GET"]}}],"collection":[{"href":"https:\/\/brizyproducts.com\/fr\/wp-json\/wp\/v2\/product"}],"about":[{"href":"https:\/\/brizyproducts.com\/fr\/wp-json\/wp\/v2\/types\/product"}],"replies":[{"embeddable":true,"href":"https:\/\/brizyproducts.com\/fr\/wp-json\/wp\/v2\/comments?post=11947"}],"wp:featuredmedia":[{"embeddable":true,"href":"https:\/\/brizyproducts.com\/fr\/wp-json\/wp\/v2\/media\/11949"}],"wp:attachment":[{"href":"https:\/\/brizyproducts.com\/fr\/wp-json\/wp\/v2\/media?parent=11947"}],"wp:term":[{"taxonomy":"product_brand","embeddable":true,"href":"https:\/\/brizyproducts.com\/fr\/wp-json\/wp\/v2\/product_brand?post=11947"},{"taxonomy":"product_cat","embeddable":true,"href":"https:\/\/brizyproducts.com\/fr\/wp-json\/wp\/v2\/product_cat?post=11947"},{"taxonomy":"product_tag","embeddable":true,"href":"https:\/\/brizyproducts.com\/fr\/wp-json\/wp\/v2\/product_tag?post=11947"}],"curies":[{"name":"wp","href":"https:\/\/api.w.org\/{rel}","templated":true}]}}