{"id":11889,"date":"2024-10-25T11:54:57","date_gmt":"2024-10-25T11:54:57","guid":{"rendered":"https:\/\/brizyproducts.com\/product\/boden-2-0-mens-jacket\/"},"modified":"2025-11-07T09:07:43","modified_gmt":"2025-11-07T09:07:43","slug":"boden-2-0-mens-jacket","status":"publish","type":"product","link":"https:\/\/brizyproducts.com\/fr\/product\/boden-2-0-mens-jacket\/","title":{"rendered":"Veste Hommes Boden 2.0"},"content":{"rendered":"<h2><strong>Veste d\u2019hiver chaude et flexible, id\u00e9ale pour l\u2019\u00e9curie<\/strong><\/h2>\n<p>La veste Boden 2.0 est une veste d\u2019hiver chaude et fonctionnelle, con\u00e7ue pour la vie \u00e0 l\u2019\u00e9curie et autour des chevaux. Elle offre une chaleur optimale et une grande libert\u00e9 de mouvement pendant les journ\u00e9es froides, que vous entra\u00eeniez votre cheval, vous pr\u00e9pariez pour une comp\u00e9tition ou travailliez \u00e0 l\u2019\u00e9curie.<\/p>\n<p>Le mat\u00e9riau r\u00e9sistant et d\u00e9perlant, associ\u00e9 \u00e0 des coutures \u00e9tanches, vous prot\u00e8ge du vent et de l\u2019humidit\u00e9, tandis que la coupe flexible permet de bouger ais\u00e9ment. Avec la Boden 2.0, vous resterez au chaud et \u00e0 l\u2019aise tout l\u2019hiver, peu importe le temps pass\u00e9 \u00e0 l\u2019ext\u00e9rieur.<\/p>\n<p>La veste a une coupe r\u00e9guli\u00e8re \u2013 nous recommandons de choisir votre taille habituelle.<\/p>\n<p>Vous pouvez \u00e9galement personnaliser votre veste Boden 2.0 avec un logo ou un marquage sponsoris\u00e9. Contactez-nous pour discuter des options.<\/p>\n","protected":false},"excerpt":{"rendered":"<p>Veste d\u2019hiver d\u00e9perlante, chaude et flexible par tous les temps<\/p>\n","protected":false},"featured_media":11890,"comment_status":"closed","ping_status":"closed","template":"","meta":{"_acf_changed":false},"product_brand":[],"product_cat":[240,273],"product_tag":[243],"class_list":{"0":"post-11889","1":"product","2":"type-product","3":"status-publish","4":"has-post-thumbnail","6":"product_cat-mens","7":"product_cat-jackets","8":"product_tag-pocono-fr","9":"season-winter","10":"gender-men","11":"collection-boden-2-0","12":"activity-workwear","13":"product_type_brizy-stock-products","15":"first","16":"instock","17":"taxable","18":"shipping-taxable","19":"purchasable","20":"product-type-variable"},"acf":[],"yoast_head":"<!-- This site is optimized with the Yoast SEO plugin v27.0 - https:\/\/yoast.com\/product\/yoast-seo-wordpress\/ -->\n<title>Veste Hommes Boden 2.0 | Veste d\u2019hiver pour l\u2019\u00e9curie | Brizy<\/title>\n<meta name=\"description\" content=\"Une veste d\u2019hiver r\u00e9sistante qui prot\u00e8ge du vent et de l\u2019humidit\u00e9 sans \u00eatre lourde. La veste id\u00e9ale pour rester au chaud tout l\u2019hiver.\" \/>\n<meta name=\"robots\" content=\"index, follow, max-snippet:-1, max-image-preview:large, max-video-preview:-1\" \/>\n<link rel=\"canonical\" href=\"https:\/\/brizyproducts.com\/fr\/product\/boden-2-0-mens-jacket\/\" \/>\n<meta property=\"og:locale\" content=\"fr_FR\" \/>\n<meta property=\"og:type\" content=\"article\" \/>\n<meta property=\"og:title\" content=\"Veste Hommes Boden 2.0 | Veste d\u2019hiver pour l\u2019\u00e9curie | Brizy\" \/>\n<meta property=\"og:description\" content=\"Une veste d\u2019hiver r\u00e9sistante qui prot\u00e8ge du vent et de l\u2019humidit\u00e9 sans \u00eatre lourde. La veste id\u00e9ale pour rester au chaud tout l\u2019hiver.\" \/>\n<meta property=\"og:url\" content=\"https:\/\/brizyproducts.com\/fr\/product\/boden-2-0-mens-jacket\/\" \/>\n<meta property=\"og:site_name\" content=\"Brizy Products\" \/>\n<meta property=\"article:publisher\" content=\"https:\/\/www.facebook.com\/brizy.1983\/\" \/>\n<meta property=\"article:modified_time\" content=\"2025-11-07T09:07:43+00:00\" \/>\n<meta property=\"og:image\" content=\"https:\/\/brizyproducts.com\/wp-content\/uploads\/2024\/10\/B2-scaled.webp\" \/>\n\t<meta property=\"og:image:width\" content=\"3375\" \/>\n\t<meta property=\"og:image:height\" content=\"4500\" \/>\n\t<meta property=\"og:image:type\" content=\"image\/png\" \/>\n<meta name=\"twitter:card\" content=\"summary_large_image\" \/>\n<meta property=\"og:availability\" content=\"instock\" \/>\n<meta property=\"product:availability\" content=\"instock\" \/>\n<meta property=\"product:condition\" content=\"new\" \/>\n<!-- \/ Yoast SEO plugin. -->","yoast_head_json":{"title":"Veste Hommes Boden 2.0 | Veste d\u2019hiver pour l\u2019\u00e9curie | Brizy","description":"Une veste d\u2019hiver r\u00e9sistante qui prot\u00e8ge du vent et de l\u2019humidit\u00e9 sans \u00eatre lourde. La veste id\u00e9ale pour rester au chaud tout l\u2019hiver.","robots":{"index":"index","follow":"follow","max-snippet":"max-snippet:-1","max-image-preview":"max-image-preview:large","max-video-preview":"max-video-preview:-1"},"canonical":"https:\/\/brizyproducts.com\/fr\/product\/boden-2-0-mens-jacket\/","og_locale":"fr_FR","og_type":"article","og_title":"Veste Hommes Boden 2.0 | Veste d\u2019hiver pour l\u2019\u00e9curie | Brizy","og_description":"Une veste d\u2019hiver r\u00e9sistante qui prot\u00e8ge du vent et de l\u2019humidit\u00e9 sans \u00eatre lourde. La veste id\u00e9ale pour rester au chaud tout l\u2019hiver.","og_url":"https:\/\/brizyproducts.com\/fr\/product\/boden-2-0-mens-jacket\/","og_site_name":"Brizy Products","article_publisher":"https:\/\/www.facebook.com\/brizy.1983\/","article_modified_time":"2025-11-07T09:07:43+00:00","og_image":[{"width":3375,"height":4500,"url":"https:\/\/brizyproducts.com\/wp-content\/uploads\/2024\/10\/B2-scaled.webp","type":"image\/png"}],"twitter_card":"summary_large_image","schema":{"@context":"https:\/\/schema.org","@graph":[{"@type":"WebPage","@id":"https:\/\/brizyproducts.com\/fr\/product\/boden-2-0-mens-jacket\/","url":"https:\/\/brizyproducts.com\/fr\/product\/boden-2-0-mens-jacket\/","name":"Veste Hommes Boden 2.0 | Veste d\u2019hiver pour l\u2019\u00e9curie | Brizy","isPartOf":{"@id":"https:\/\/brizyproducts.com\/fr\/#website"},"primaryImageOfPage":{"@id":"https:\/\/brizyproducts.com\/fr\/product\/boden-2-0-mens-jacket\/#primaryimage"},"image":{"@id":"https:\/\/brizyproducts.com\/fr\/product\/boden-2-0-mens-jacket\/#primaryimage"},"thumbnailUrl":"https:\/\/brizyproducts.com\/wp-content\/uploads\/2024\/10\/B2-scaled.webp","datePublished":"2024-10-25T11:54:57+00:00","dateModified":"2025-11-07T09:07:43+00:00","description":"Une veste d\u2019hiver r\u00e9sistante qui prot\u00e8ge du vent et de l\u2019humidit\u00e9 sans \u00eatre lourde. La veste id\u00e9ale pour rester au chaud tout l\u2019hiver.","breadcrumb":{"@id":"https:\/\/brizyproducts.com\/fr\/product\/boden-2-0-mens-jacket\/#breadcrumb"},"inLanguage":"fr-FR","potentialAction":[{"@type":"ReadAction","target":["https:\/\/brizyproducts.com\/fr\/product\/boden-2-0-mens-jacket\/"]}]},{"@type":"ImageObject","inLanguage":"fr-FR","@id":"https:\/\/brizyproducts.com\/fr\/product\/boden-2-0-mens-jacket\/#primaryimage","url":"https:\/\/brizyproducts.com\/wp-content\/uploads\/2024\/10\/B2-scaled.webp","contentUrl":"https:\/\/brizyproducts.com\/wp-content\/uploads\/2024\/10\/B2-scaled.webp","width":3375,"height":4500},{"@type":"BreadcrumbList","@id":"https:\/\/brizyproducts.com\/fr\/product\/boden-2-0-mens-jacket\/#breadcrumb","itemListElement":[{"@type":"ListItem","position":1,"name":"Hem","item":"https:\/\/brizyproducts.com\/fr\/"},{"@type":"ListItem","position":2,"name":"Shop","item":"https:\/\/brizyproducts.com\/fr\/shop\/"},{"@type":"ListItem","position":3,"name":"Veste Hommes Boden 2.0"}]},{"@type":"WebSite","@id":"https:\/\/brizyproducts.com\/fr\/#website","url":"https:\/\/brizyproducts.com\/fr\/","name":"Brizy","description":"","publisher":{"@id":"https:\/\/brizyproducts.com\/fr\/#organization"},"potentialAction":[{"@type":"SearchAction","target":{"@type":"EntryPoint","urlTemplate":"https:\/\/brizyproducts.com\/fr\/?s={search_term_string}"},"query-input":{"@type":"PropertyValueSpecification","valueRequired":true,"valueName":"search_term_string"}}],"inLanguage":"fr-FR"},{"@type":"Organization","@id":"https:\/\/brizyproducts.com\/fr\/#organization","name":"Brizy","url":"https:\/\/brizyproducts.com\/fr\/","logo":{"@type":"ImageObject","inLanguage":"fr-FR","@id":"https:\/\/brizyproducts.com\/fr\/#\/schema\/logo\/image\/","url":"https:\/\/brizyproducts.com\/wp-content\/uploads\/2023\/12\/Brizy-old.svg","contentUrl":"https:\/\/brizyproducts.com\/wp-content\/uploads\/2023\/12\/Brizy-old.svg","width":1,"height":1,"caption":"Brizy"},"image":{"@id":"https:\/\/brizyproducts.com\/fr\/#\/schema\/logo\/image\/"},"sameAs":["https:\/\/www.facebook.com\/brizy.1983\/","https:\/\/www.linkedin.com\/company\/brizy-produktion\/"]}]},"og_availability":"instock","product_availability":"instock","product_condition":"new"},"_links":{"self":[{"href":"https:\/\/brizyproducts.com\/fr\/wp-json\/wp\/v2\/product\/11889","targetHints":{"allow":["GET"]}}],"collection":[{"href":"https:\/\/brizyproducts.com\/fr\/wp-json\/wp\/v2\/product"}],"about":[{"href":"https:\/\/brizyproducts.com\/fr\/wp-json\/wp\/v2\/types\/product"}],"replies":[{"embeddable":true,"href":"https:\/\/brizyproducts.com\/fr\/wp-json\/wp\/v2\/comments?post=11889"}],"wp:featuredmedia":[{"embeddable":true,"href":"https:\/\/brizyproducts.com\/fr\/wp-json\/wp\/v2\/media\/11890"}],"wp:attachment":[{"href":"https:\/\/brizyproducts.com\/fr\/wp-json\/wp\/v2\/media?parent=11889"}],"wp:term":[{"taxonomy":"product_brand","embeddable":true,"href":"https:\/\/brizyproducts.com\/fr\/wp-json\/wp\/v2\/product_brand?post=11889"},{"taxonomy":"product_cat","embeddable":true,"href":"https:\/\/brizyproducts.com\/fr\/wp-json\/wp\/v2\/product_cat?post=11889"},{"taxonomy":"product_tag","embeddable":true,"href":"https:\/\/brizyproducts.com\/fr\/wp-json\/wp\/v2\/product_tag?post=11889"}],"curies":[{"name":"wp","href":"https:\/\/api.w.org\/{rel}","templated":true}]}}