{"id":11245,"date":"2023-12-04T09:21:54","date_gmt":"2023-12-04T09:21:54","guid":{"rendered":"https:\/\/brizyproducts.com\/?page_id=11245"},"modified":"2026-02-24T12:44:06","modified_gmt":"2026-02-24T12:44:06","slug":"retours-politique-de-retour","status":"publish","type":"page","link":"https:\/\/brizyproducts.com\/fr\/retours-politique-de-retour\/","title":{"rendered":"Retours &amp; politique de retour"},"content":{"rendered":"\n<div class=\"wp-block-cover alignfull has-custom-content-position is-position-bottom-left\" style=\"padding-top:var(--wp--preset--spacing--30);padding-bottom:var(--wp--preset--spacing--30);min-height:100vh;aspect-ratio:unset;\"><img decoding=\"async\" width=\"2560\" height=\"1707\" sizes=\"100vw\" class=\"wp-block-cover__image-background wp-image-6733 size-full\" alt=\"\" src=\"https:\/\/brizyproducts.com\/wp-content\/uploads\/2024\/08\/Brizy-Untersteiner-02-scaled.webp\" style=\"object-position:27% 35%\" data-object-fit=\"cover\" data-object-position=\"27% 35%\" srcset=\"https:\/\/brizyproducts.com\/wp-content\/uploads\/2024\/08\/Brizy-Untersteiner-02-scaled.webp 2560w, https:\/\/brizyproducts.com\/wp-content\/uploads\/2024\/08\/Brizy-Untersteiner-02-900x600.webp 900w, https:\/\/brizyproducts.com\/wp-content\/uploads\/2024\/08\/Brizy-Untersteiner-02-300x200.webp 300w, https:\/\/brizyproducts.com\/wp-content\/uploads\/2024\/08\/Brizy-Untersteiner-02-768x512.webp 768w, https:\/\/brizyproducts.com\/wp-content\/uploads\/2024\/08\/Brizy-Untersteiner-02-1536x1024.webp 1536w, https:\/\/brizyproducts.com\/wp-content\/uploads\/2024\/08\/Brizy-Untersteiner-02-2048x1365.webp 2048w, https:\/\/brizyproducts.com\/wp-content\/uploads\/2024\/08\/Brizy-Untersteiner-02-600x400.webp 600w\" \/><span aria-hidden=\"true\" class=\"wp-block-cover__background has-skogsgron-background-color has-background-dim-20 has-background-dim\"><\/span><div class=\"wp-block-cover__inner-container has-global-padding is-layout-constrained wp-container-core-cover-is-layout-1ead8876 wp-block-cover-is-layout-constrained\">\n<div class=\"wp-block-group has-global-padding is-layout-constrained wp-container-core-group-is-layout-c84a538d wp-block-group-is-layout-constrained\">\n<h1 class=\"wp-block-heading has-vinter-color has-text-color has-link-color has-heading-1-font-size wp-elements-97584022666db270cc3b371fb7639a5f\">Retours<\/h1>\n<\/div>\n<\/div><\/div>\n\n\n\n<div style=\"height:20px\" aria-hidden=\"true\" class=\"wp-block-spacer\"><\/div>\n\n\n\n<h2 class=\"wp-block-heading\">Retours et Remboursements<\/h2>\n\n\n\n<p>Nous voulons que vous soyez enti\u00e8rement satisfait de votre achat. Si vous devez retourner un produit, veuillez lire notre politique de retour ci-dessous.<\/p>\n\n\n\n<div style=\"height:5px\" aria-hidden=\"true\" class=\"wp-block-spacer\"><\/div>\n\n\n\n<h3 class=\"wp-block-heading has-body-lg-font-size\"><strong>1. Conditions de retour<\/strong><\/h3>\n\n\n\n<ul class=\"wp-block-list\">\n<li>Les articles doivent \u00eatre retourn\u00e9s dans leur \u00e9tat d\u2019origine : non utilis\u00e9s, intacts et avec toutes les \u00e9tiquettes et emballages d\u2019origine.<\/li>\n\n\n\n<li>Les articles personnalis\u00e9s, tels que les produits avec mesures personnalis\u00e9es, logos ou noms, ne peuvent pas \u00eatre retourn\u00e9s.<\/li>\n<\/ul>\n\n\n\n<h3 class=\"wp-block-heading has-body-lg-font-size\"><strong>2. Comment retourner un article<\/strong><\/h3>\n\n\n\n<ul class=\"wp-block-list\">\n<li>Les retours sont accept\u00e9s dans les 30 jours suivant la livraison.<\/li>\n\n\n\n<li>Utilisez toujours l\u2019\u00e9tiquette de retour fournie. Nous ne pouvons pas accepter les retours envoy\u00e9s avec une autre \u00e9tiquette.<\/li>\n\n\n\n<li>D\u00e9posez votre colis dans n\u2019importe quel point relais UPS.<\/li>\n<\/ul>\n\n\n\n<h3 class=\"wp-block-heading has-body-lg-font-size\"><strong>3. Frais de retour<\/strong><\/h3>\n\n\n\n<ul class=\"wp-block-list\">\n<li>Des frais de retour peuvent s\u2019appliquer pour couvrir les co\u00fbts d\u2019exp\u00e9dition. Ces frais peuvent varier selon la r\u00e9gion.<\/li>\n<\/ul>\n\n\n\n<h3 class=\"wp-block-heading has-body-lg-font-size\"><strong>4. Remboursements<\/strong><\/h3>\n\n\n\n<ul class=\"wp-block-list\">\n<li>Une fois que nous avons re\u00e7u et inspect\u00e9 votre retour, le remboursement sera effectu\u00e9 sur le mode de paiement initial.<\/li>\n\n\n\n<li>Veuillez pr\u00e9voir jusqu\u2019\u00e0 14 jours ouvrables pour le traitement du remboursement.<\/li>\n<\/ul>\n\n\n\n<h3 class=\"wp-block-heading has-body-lg-font-size\"><strong>5. Questions<\/strong><\/h3>\n\n\n\n<ul class=\"wp-block-list\">\n<li>Pour toute question concernant les retours ou les remboursements, veuillez nous contacter \u00e0 <a href=\"mailto:info@brizy.se\"><mark style=\"background-color:rgba(0, 0, 0, 0);color:#8ed1fc\" class=\"has-inline-color\">info@brizy.se<\/mark><\/a>.<\/li>\n<\/ul>\n\n\n\n\n\n\n\n\n\n\n\n\n\n\n\n<div style=\"height:100px\" aria-hidden=\"true\" class=\"wp-block-spacer\"><\/div>\n","protected":false},"excerpt":{"rendered":"<p>Retours et Remboursements Nous voulons que vous soyez enti\u00e8rement satisfait de votre achat. Si vous devez retourner un produit, veuillez lire notre politique de retour ci-dessous. 1. Conditions de retour 2. Comment retourner un article 3. Frais de retour 4. Remboursements 5. Questions<\/p>\n","protected":false},"author":1,"featured_media":11673,"parent":0,"menu_order":0,"comment_status":"closed","ping_status":"closed","template":"narrow-text-template","meta":{"_acf_changed":false,"footnotes":""},"class_list":["post-11245","page","type-page","status-publish","has-post-thumbnail","hentry"],"acf":[],"yoast_head":"<!-- This site is optimized with the Yoast SEO plugin v27.3 - https:\/\/yoast.com\/product\/yoast-seo-wordpress\/ -->\n<title>Retours &amp; politique de retour | Brizy<\/title>\n<meta name=\"description\" content=\"Nous voulons que vous soyez enti\u00e8rement satisfait de votre achat. Consultez notre politique de retour sur cette page.\" \/>\n<meta name=\"robots\" content=\"index, follow, max-snippet:-1, max-image-preview:large, max-video-preview:-1\" \/>\n<link rel=\"canonical\" href=\"https:\/\/brizyproducts.com\/fr\/retours-politique-de-retour\/\" \/>\n<meta property=\"og:locale\" content=\"fr_FR\" \/>\n<meta property=\"og:type\" content=\"article\" \/>\n<meta property=\"og:title\" content=\"Retours &amp; politique de retour | Brizy\" \/>\n<meta property=\"og:description\" content=\"Nous voulons que vous soyez enti\u00e8rement satisfait de votre achat. Consultez notre politique de retour sur cette page.\" \/>\n<meta property=\"og:url\" content=\"https:\/\/brizyproducts.com\/fr\/retours-politique-de-retour\/\" \/>\n<meta property=\"og:site_name\" content=\"Brizy Products\" \/>\n<meta property=\"article:publisher\" content=\"https:\/\/www.facebook.com\/brizy.1983\/\" \/>\n<meta property=\"article:modified_time\" content=\"2026-02-24T12:44:06+00:00\" \/>\n<meta property=\"og:image\" content=\"https:\/\/brizyproducts.com\/wp-content\/uploads\/2024\/08\/Brizy-Untersteiner-02-scaled.webp\" \/>\n\t<meta property=\"og:image:width\" content=\"2560\" \/>\n\t<meta property=\"og:image:height\" content=\"1707\" \/>\n\t<meta property=\"og:image:type\" content=\"image\/jpeg\" \/>\n<meta name=\"twitter:card\" content=\"summary_large_image\" \/>\n<!-- \/ Yoast SEO plugin. -->","yoast_head_json":{"title":"Retours &amp; politique de retour | Brizy","description":"Nous voulons que vous soyez enti\u00e8rement satisfait de votre achat. Consultez notre politique de retour sur cette page.","robots":{"index":"index","follow":"follow","max-snippet":"max-snippet:-1","max-image-preview":"max-image-preview:large","max-video-preview":"max-video-preview:-1"},"canonical":"https:\/\/brizyproducts.com\/fr\/retours-politique-de-retour\/","og_locale":"fr_FR","og_type":"article","og_title":"Retours &amp; politique de retour | Brizy","og_description":"Nous voulons que vous soyez enti\u00e8rement satisfait de votre achat. Consultez notre politique de retour sur cette page.","og_url":"https:\/\/brizyproducts.com\/fr\/retours-politique-de-retour\/","og_site_name":"Brizy Products","article_publisher":"https:\/\/www.facebook.com\/brizy.1983\/","article_modified_time":"2026-02-24T12:44:06+00:00","og_image":[{"width":2560,"height":1707,"url":"https:\/\/brizyproducts.com\/wp-content\/uploads\/2024\/08\/Brizy-Untersteiner-02-scaled.webp","type":"image\/jpeg"}],"twitter_card":"summary_large_image","schema":{"@context":"https:\/\/schema.org","@graph":[{"@type":"WebPage","@id":"https:\/\/brizyproducts.com\/fr\/retours-politique-de-retour\/","url":"https:\/\/brizyproducts.com\/fr\/retours-politique-de-retour\/","name":"Retours &amp; politique de retour | Brizy","isPartOf":{"@id":"https:\/\/brizyproducts.com\/fr\/#website"},"primaryImageOfPage":{"@id":"https:\/\/brizyproducts.com\/fr\/retours-politique-de-retour\/#primaryimage"},"image":{"@id":"https:\/\/brizyproducts.com\/fr\/retours-politique-de-retour\/#primaryimage"},"thumbnailUrl":"https:\/\/brizyproducts.com\/wp-content\/uploads\/2024\/08\/Brizy-Untersteiner-02-scaled.webp","datePublished":"2023-12-04T09:21:54+00:00","dateModified":"2026-02-24T12:44:06+00:00","description":"Nous voulons que vous soyez enti\u00e8rement satisfait de votre achat. Consultez notre politique de retour sur cette page.","breadcrumb":{"@id":"https:\/\/brizyproducts.com\/fr\/retours-politique-de-retour\/#breadcrumb"},"inLanguage":"fr-FR","potentialAction":[{"@type":"ReadAction","target":["https:\/\/brizyproducts.com\/fr\/retours-politique-de-retour\/"]}]},{"@type":"ImageObject","inLanguage":"fr-FR","@id":"https:\/\/brizyproducts.com\/fr\/retours-politique-de-retour\/#primaryimage","url":"https:\/\/brizyproducts.com\/wp-content\/uploads\/2024\/08\/Brizy-Untersteiner-02-scaled.webp","contentUrl":"https:\/\/brizyproducts.com\/wp-content\/uploads\/2024\/08\/Brizy-Untersteiner-02-scaled.webp","width":2560,"height":1707},{"@type":"BreadcrumbList","@id":"https:\/\/brizyproducts.com\/fr\/retours-politique-de-retour\/#breadcrumb","itemListElement":[{"@type":"ListItem","position":1,"name":"Hem","item":"https:\/\/brizyproducts.com\/fr\/"},{"@type":"ListItem","position":2,"name":"Retours &amp; politique de retour"}]},{"@type":"WebSite","@id":"https:\/\/brizyproducts.com\/fr\/#website","url":"https:\/\/brizyproducts.com\/fr\/","name":"Brizy","description":"","publisher":{"@id":"https:\/\/brizyproducts.com\/fr\/#organization"},"potentialAction":[{"@type":"SearchAction","target":{"@type":"EntryPoint","urlTemplate":"https:\/\/brizyproducts.com\/fr\/?s={search_term_string}"},"query-input":{"@type":"PropertyValueSpecification","valueRequired":true,"valueName":"search_term_string"}}],"inLanguage":"fr-FR"},{"@type":"Organization","@id":"https:\/\/brizyproducts.com\/fr\/#organization","name":"Brizy","url":"https:\/\/brizyproducts.com\/fr\/","logo":{"@type":"ImageObject","inLanguage":"fr-FR","@id":"https:\/\/brizyproducts.com\/fr\/#\/schema\/logo\/image\/","url":"https:\/\/brizyproducts.com\/wp-content\/uploads\/2023\/12\/Brizy-old.svg","contentUrl":"https:\/\/brizyproducts.com\/wp-content\/uploads\/2023\/12\/Brizy-old.svg","width":1,"height":1,"caption":"Brizy"},"image":{"@id":"https:\/\/brizyproducts.com\/fr\/#\/schema\/logo\/image\/"},"sameAs":["https:\/\/www.facebook.com\/brizy.1983\/","https:\/\/www.linkedin.com\/company\/brizy-produktion\/"]}]}},"_links":{"self":[{"href":"https:\/\/brizyproducts.com\/fr\/wp-json\/wp\/v2\/pages\/11245","targetHints":{"allow":["GET"]}}],"collection":[{"href":"https:\/\/brizyproducts.com\/fr\/wp-json\/wp\/v2\/pages"}],"about":[{"href":"https:\/\/brizyproducts.com\/fr\/wp-json\/wp\/v2\/types\/page"}],"author":[{"embeddable":true,"href":"https:\/\/brizyproducts.com\/fr\/wp-json\/wp\/v2\/users\/1"}],"replies":[{"embeddable":true,"href":"https:\/\/brizyproducts.com\/fr\/wp-json\/wp\/v2\/comments?post=11245"}],"version-history":[{"count":4,"href":"https:\/\/brizyproducts.com\/fr\/wp-json\/wp\/v2\/pages\/11245\/revisions"}],"predecessor-version":[{"id":22974,"href":"https:\/\/brizyproducts.com\/fr\/wp-json\/wp\/v2\/pages\/11245\/revisions\/22974"}],"wp:featuredmedia":[{"embeddable":true,"href":"https:\/\/brizyproducts.com\/fr\/wp-json\/wp\/v2\/media\/11673"}],"wp:attachment":[{"href":"https:\/\/brizyproducts.com\/fr\/wp-json\/wp\/v2\/media?parent=11245"}],"curies":[{"name":"wp","href":"https:\/\/api.w.org\/{rel}","templated":true}]}}