{"id":11148,"date":"2023-11-23T14:42:18","date_gmt":"2023-11-23T14:42:18","guid":{"rendered":"https:\/\/brizyproducts.com\/care-instructions\/"},"modified":"2026-02-18T09:51:13","modified_gmt":"2026-02-18T09:51:13","slug":"care-instructions","status":"publish","type":"page","link":"https:\/\/brizyproducts.com\/fr\/care-instructions\/","title":{"rendered":"Care instructions"},"content":{"rendered":"\n<div class=\"wp-block-cover alignfull has-custom-content-position is-position-bottom-left\" style=\"padding-top:var(--wp--preset--spacing--30);padding-bottom:var(--wp--preset--spacing--30);min-height:100vh;aspect-ratio:unset;\"><img data-dominant-color=\"3f434d\" data-has-transparency=\"false\" style=\"--dominant-color: #3f434d;\" decoding=\"async\" width=\"1728\" height=\"895\" sizes=\"100vw\" class=\"wp-block-cover__image-background wp-image-17827 size-full not-transparent\" alt=\"\" src=\"https:\/\/brizyproducts.com\/wp-content\/uploads\/2023\/10\/Rectangle-1.webp\" data-object-fit=\"cover\" srcset=\"https:\/\/brizyproducts.com\/wp-content\/uploads\/2023\/10\/Rectangle-1.webp 1728w, https:\/\/brizyproducts.com\/wp-content\/uploads\/2023\/10\/Rectangle-1-900x466.webp 900w, https:\/\/brizyproducts.com\/wp-content\/uploads\/2023\/10\/Rectangle-1-300x155.webp 300w, https:\/\/brizyproducts.com\/wp-content\/uploads\/2023\/10\/Rectangle-1-768x398.webp 768w, https:\/\/brizyproducts.com\/wp-content\/uploads\/2023\/10\/Rectangle-1-1536x796.webp 1536w, https:\/\/brizyproducts.com\/wp-content\/uploads\/2023\/10\/Rectangle-1-600x311.webp 600w\" \/><span aria-hidden=\"true\" class=\"wp-block-cover__background has-skogsgron-background-color has-background-dim-20 has-background-dim\"><\/span><div class=\"wp-block-cover__inner-container has-global-padding is-layout-constrained wp-container-core-cover-is-layout-1ead8876 wp-block-cover-is-layout-constrained\">\n<div class=\"wp-block-group has-global-padding is-layout-constrained wp-container-core-group-is-layout-c84a538d wp-block-group-is-layout-constrained\">\n<h1 class=\"wp-block-heading has-vinter-color has-text-color has-link-color has-heading-1-font-size wp-elements-315c052fae26025616fa6b8072fcead6\">Instructions d&rsquo;entretien<\/h1>\n<\/div>\n<\/div><\/div>\n\n\n\n<div style=\"height:15px\" aria-hidden=\"true\" class=\"wp-block-spacer\"><\/div>\n\n\n\n<h2 class=\"wp-block-heading\"><strong>Prenez soin de vos produits Brizy<\/strong><\/h2>\n\n\n\n<p>Afin de garantir une durabilit\u00e9, un confort et une qualit\u00e9 optimaux de vos produits Brizy, il est important de suivre nos recommandations d\u2019entretien. Un lavage et un entretien appropri\u00e9s permettent de pr\u00e9server la coupe, la couleur et les mat\u00e9riaux dans le temps.<\/p>\n\n\n\n<p>Veuillez noter que chaque produit peut avoir des exigences d\u2019entretien sp\u00e9cifiques. Pour des instructions propres \u00e0 chaque produit, veuillez consulter les conseils d\u2019entretien figurant sur la page de chaque produit.<\/p>\n\n\n\n<div style=\"height:15px\" aria-hidden=\"true\" class=\"wp-block-spacer\"><\/div>\n\n\n\n<h3 class=\"wp-block-heading has-heading-4-font-size\">V\u00eatements<\/h3>\n\n\n\n<ul class=\"wp-block-list\">\n<li>Laver le v\u00eatement d\u00e8s que vous remarquez des salissures pour \u00e9viter que les taches ne s\u2019incrustent.<\/li>\n\n\n\n<li>Laver toujours les produits Brizy s\u00e9par\u00e9ment avec des couleurs similaires pour prot\u00e9ger les mat\u00e9riaux et les couleurs.<\/li>\n\n\n\n<li>Utiliser un programme d\u00e9licat \u00e0 40 \u00b0C.<\/li>\n\n\n\n<li>Fermer les fermetures \u00e9clair avant le lavage.<\/li>\n\n\n\n<li>Ne pas utiliser d\u2019adoucissant, car cela peut affecter la qualit\u00e9 et la couleur du tissu.<\/li>\n\n\n\n<li>Ne pas s\u00e9cher en machine et ne pas nettoyer \u00e0 sec.<\/li>\n\n\n\n<li>Repasser \u00e0 basse temp\u00e9rature pour \u00e9viter d\u2019endommager le tissu.<\/li>\n\n\n\n<li>Utiliser un pr\u00e9lavage et un rin\u00e7age suppl\u00e9mentaire si n\u00e9cessaire pour de meilleurs r\u00e9sultats.<\/li>\n\n\n\n<li>Pour les taches tenaces, traiter imm\u00e9diatement et faire tremper le v\u00eatement apr\u00e8s usage. Le garder humide jusqu\u2019au lavage.<\/li>\n<\/ul>\n\n\n\n<div style=\"height:15px\" aria-hidden=\"true\" class=\"wp-block-spacer\"><\/div>\n\n\n\n<h3 class=\"wp-block-heading has-heading-4-font-size\">Chaussures<\/h3>\n\n\n\n<ul class=\"wp-block-list\">\n<li>Nettoyez r\u00e9guli\u00e8rement avec un chiffon ou une serviette douce.<\/li>\n\n\n\n<li>Laissez s\u00e9cher \u00e0 l\u2019air si mouill\u00e9 \u2013 \u00e9vitez les radiateurs et la chaleur directe.<\/li>\n\n\n\n<li>Gardez la fermeture \u00e9clair propre et sans poussi\u00e8re.<\/li>\n\n\n\n<li>Rangez avec des embauchoirs ou du papier journal pour conserver la forme.<\/li>\n\n\n\n<li>Utilisez un nettoyant pour cuir si n\u00e9cessaire.<\/li>\n\n\n\n<li>Entretenez avec une cr\u00e8me pour cuir pour conserver souplesse et brillance.<\/li>\n<\/ul>\n\n\n\n<div style=\"height:118px\" aria-hidden=\"true\" class=\"wp-block-spacer\"><\/div>\n","protected":false},"excerpt":{"rendered":"<p>Prenez soin de vos produits Brizy Afin de garantir une durabilit\u00e9, un confort et une qualit\u00e9 optimaux de vos produits Brizy, il est important de suivre nos recommandations d\u2019entretien. Un lavage et un entretien appropri\u00e9s permettent de pr\u00e9server la coupe, la couleur et les mat\u00e9riaux dans le temps. Veuillez noter que chaque produit peut avoir [&hellip;]<\/p>\n","protected":false},"author":1,"featured_media":11366,"parent":0,"menu_order":0,"comment_status":"closed","ping_status":"closed","template":"narrow-text-template","meta":{"_acf_changed":false,"footnotes":""},"class_list":["post-11148","page","type-page","status-publish","has-post-thumbnail","hentry"],"acf":[],"yoast_head":"<!-- This site is optimized with the Yoast SEO plugin v27.4 - https:\/\/yoast.com\/product\/yoast-seo-wordpress\/ -->\n<title>Care instructions | Brizy<\/title>\n<meta name=\"description\" content=\"Instructions d&#039;entretien Prenez soin de vos produits Brizy Afin de garantir une durabilit\u00e9, un confort et une qualit\u00e9 optimaux de vos produits Brizy, il\" \/>\n<meta name=\"robots\" content=\"index, follow, max-snippet:-1, max-image-preview:large, max-video-preview:-1\" \/>\n<link rel=\"canonical\" href=\"https:\/\/brizyproducts.com\/fr\/care-instructions\/\" \/>\n<meta property=\"og:locale\" content=\"fr_FR\" \/>\n<meta property=\"og:type\" content=\"article\" \/>\n<meta property=\"og:title\" content=\"Care instructions | Brizy\" \/>\n<meta property=\"og:description\" content=\"Instructions d&#039;entretien Prenez soin de vos produits Brizy Afin de garantir une durabilit\u00e9, un confort et une qualit\u00e9 optimaux de vos produits Brizy, il\" \/>\n<meta property=\"og:url\" content=\"https:\/\/brizyproducts.com\/fr\/care-instructions\/\" \/>\n<meta property=\"og:site_name\" content=\"Brizy Products\" \/>\n<meta property=\"article:publisher\" content=\"https:\/\/www.facebook.com\/brizy.1983\/\" \/>\n<meta property=\"article:modified_time\" content=\"2026-02-18T09:51:13+00:00\" \/>\n<meta property=\"og:image\" content=\"https:\/\/brizyproducts.com\/wp-content\/uploads\/2023\/10\/Rectangle-1.png\" \/>\n\t<meta property=\"og:image:width\" content=\"1728\" \/>\n\t<meta property=\"og:image:height\" content=\"895\" \/>\n\t<meta property=\"og:image:type\" content=\"image\/png\" \/>\n<meta name=\"twitter:card\" content=\"summary_large_image\" \/>\n<!-- \/ Yoast SEO plugin. -->","yoast_head_json":{"title":"Care instructions | Brizy","description":"Instructions d'entretien Prenez soin de vos produits Brizy Afin de garantir une durabilit\u00e9, un confort et une qualit\u00e9 optimaux de vos produits Brizy, il","robots":{"index":"index","follow":"follow","max-snippet":"max-snippet:-1","max-image-preview":"max-image-preview:large","max-video-preview":"max-video-preview:-1"},"canonical":"https:\/\/brizyproducts.com\/fr\/care-instructions\/","og_locale":"fr_FR","og_type":"article","og_title":"Care instructions | Brizy","og_description":"Instructions d'entretien Prenez soin de vos produits Brizy Afin de garantir une durabilit\u00e9, un confort et une qualit\u00e9 optimaux de vos produits Brizy, il","og_url":"https:\/\/brizyproducts.com\/fr\/care-instructions\/","og_site_name":"Brizy Products","article_publisher":"https:\/\/www.facebook.com\/brizy.1983\/","article_modified_time":"2026-02-18T09:51:13+00:00","og_image":[{"width":1728,"height":895,"url":"https:\/\/brizyproducts.com\/wp-content\/uploads\/2023\/10\/Rectangle-1.png","type":"image\/png"}],"twitter_card":"summary_large_image","schema":{"@context":"https:\/\/schema.org","@graph":[{"@type":"WebPage","@id":"https:\/\/brizyproducts.com\/fr\/care-instructions\/","url":"https:\/\/brizyproducts.com\/fr\/care-instructions\/","name":"Care instructions | Brizy","isPartOf":{"@id":"https:\/\/brizyproducts.com\/fr\/#website"},"primaryImageOfPage":{"@id":"https:\/\/brizyproducts.com\/fr\/care-instructions\/#primaryimage"},"image":{"@id":"https:\/\/brizyproducts.com\/fr\/care-instructions\/#primaryimage"},"thumbnailUrl":"https:\/\/brizyproducts.com\/wp-content\/uploads\/2023\/10\/Rectangle-1.png","datePublished":"2023-11-23T14:42:18+00:00","dateModified":"2026-02-18T09:51:13+00:00","description":"Instructions d'entretien Prenez soin de vos produits Brizy Afin de garantir une durabilit\u00e9, un confort et une qualit\u00e9 optimaux de vos produits Brizy, il","breadcrumb":{"@id":"https:\/\/brizyproducts.com\/fr\/care-instructions\/#breadcrumb"},"inLanguage":"fr-FR","potentialAction":[{"@type":"ReadAction","target":["https:\/\/brizyproducts.com\/fr\/care-instructions\/"]}]},{"@type":"ImageObject","inLanguage":"fr-FR","@id":"https:\/\/brizyproducts.com\/fr\/care-instructions\/#primaryimage","url":"https:\/\/brizyproducts.com\/wp-content\/uploads\/2023\/10\/Rectangle-1.png","contentUrl":"https:\/\/brizyproducts.com\/wp-content\/uploads\/2023\/10\/Rectangle-1.png","width":1728,"height":895},{"@type":"BreadcrumbList","@id":"https:\/\/brizyproducts.com\/fr\/care-instructions\/#breadcrumb","itemListElement":[{"@type":"ListItem","position":1,"name":"Hem","item":"https:\/\/brizyproducts.com\/fr\/"},{"@type":"ListItem","position":2,"name":"Care instructions"}]},{"@type":"WebSite","@id":"https:\/\/brizyproducts.com\/fr\/#website","url":"https:\/\/brizyproducts.com\/fr\/","name":"Brizy","description":"","publisher":{"@id":"https:\/\/brizyproducts.com\/fr\/#organization"},"potentialAction":[{"@type":"SearchAction","target":{"@type":"EntryPoint","urlTemplate":"https:\/\/brizyproducts.com\/fr\/?s={search_term_string}"},"query-input":{"@type":"PropertyValueSpecification","valueRequired":true,"valueName":"search_term_string"}}],"inLanguage":"fr-FR"},{"@type":"Organization","@id":"https:\/\/brizyproducts.com\/fr\/#organization","name":"Brizy","url":"https:\/\/brizyproducts.com\/fr\/","logo":{"@type":"ImageObject","inLanguage":"fr-FR","@id":"https:\/\/brizyproducts.com\/fr\/#\/schema\/logo\/image\/","url":"https:\/\/brizyproducts.com\/wp-content\/uploads\/2023\/12\/Brizy-old.svg","contentUrl":"https:\/\/brizyproducts.com\/wp-content\/uploads\/2023\/12\/Brizy-old.svg","width":1,"height":1,"caption":"Brizy"},"image":{"@id":"https:\/\/brizyproducts.com\/fr\/#\/schema\/logo\/image\/"},"sameAs":["https:\/\/www.facebook.com\/brizy.1983\/","https:\/\/www.linkedin.com\/company\/brizy-produktion\/"]}]}},"_links":{"self":[{"href":"https:\/\/brizyproducts.com\/fr\/wp-json\/wp\/v2\/pages\/11148","targetHints":{"allow":["GET"]}}],"collection":[{"href":"https:\/\/brizyproducts.com\/fr\/wp-json\/wp\/v2\/pages"}],"about":[{"href":"https:\/\/brizyproducts.com\/fr\/wp-json\/wp\/v2\/types\/page"}],"author":[{"embeddable":true,"href":"https:\/\/brizyproducts.com\/fr\/wp-json\/wp\/v2\/users\/1"}],"replies":[{"embeddable":true,"href":"https:\/\/brizyproducts.com\/fr\/wp-json\/wp\/v2\/comments?post=11148"}],"version-history":[{"count":2,"href":"https:\/\/brizyproducts.com\/fr\/wp-json\/wp\/v2\/pages\/11148\/revisions"}],"predecessor-version":[{"id":22868,"href":"https:\/\/brizyproducts.com\/fr\/wp-json\/wp\/v2\/pages\/11148\/revisions\/22868"}],"wp:featuredmedia":[{"embeddable":true,"href":"https:\/\/brizyproducts.com\/fr\/wp-json\/wp\/v2\/media\/11366"}],"wp:attachment":[{"href":"https:\/\/brizyproducts.com\/fr\/wp-json\/wp\/v2\/media?parent=11148"}],"curies":[{"name":"wp","href":"https:\/\/api.w.org\/{rel}","templated":true}]}}