{"id":11142,"date":"2024-02-08T14:04:07","date_gmt":"2024-02-08T14:04:07","guid":{"rendered":"https:\/\/brizyproducts.com\/brizy-on-tour-2\/"},"modified":"2026-04-30T06:35:31","modified_gmt":"2026-04-30T06:35:31","slug":"brizy-on-tour","status":"publish","type":"page","link":"https:\/\/brizyproducts.com\/fr\/brizy-on-tour\/","title":{"rendered":"Brizy On Tour"},"content":{"rendered":"\n<div class=\"wp-block-group has-global-padding is-content-justification-left is-layout-constrained wp-container-core-group-is-layout-12dd3699 wp-block-group-is-layout-constrained\">\n<h2 class=\"wp-block-heading has-heading-1-font-size\">Join Us on the Road!<\/h2>\n<\/div>\n\n\n\n<div class=\"wp-block-columns is-layout-flex wp-container-core-columns-is-layout-9effc7d7 wp-block-columns-is-layout-flex\">\n<div class=\"wp-block-column is-layout-flow wp-block-column-is-layout-flow\">\n<h2 class=\"wp-block-heading has-body-md-font-size\"><strong>Souvent, ce sont nos clients qui d\u00e9terminent o\u00f9 et quand nous nous pr\u00e9sentons dans divers lieux. Cependant, vous trouverez ci-dessous les dates et les pistes o\u00f9 nous pr\u00e9voyons de nous rendre. Nous continuerons \u00e0 ajouter des lieux et des dates au fur et \u00e0 mesure que la saison avance. Il y aura de nombreuses opportunit\u00e9s \u00e0 travers la r\u00e9gion nordique et les Etats-Unis. N&rsquo;h\u00e9sitez pas \u00e0 venir nous voir, \u00e0 nous saluer et \u00e0 jeter un coup d&rsquo;\u0153il \u00e0 nos produits !    <\/strong><\/h2>\n\n\n\n\n\n\n\n<h3 class=\"wp-block-heading has-body-lg-font-size\"><strong>USA:<\/strong><\/h3>\n\n\n\n<p>Come meet Scott, Micke, and Thomas and get your measurements taken, ask your questions about our products, or just stop by for a chat.<\/p>\n\n\n\n<p>April 30 \u2013 Rosecroft<br>May 2 (1pm) \u2013 Pocono Downs Raceway<br>May 2 (5:30pm) \u2013 Tioga Downs Racetrack<br>May 5 \u2013 Yonkers<br>May 6 \u2013 Monticello<br>May 7 \u2013 Plainridge<br>May 8 \u2013 Meadowlands<br>May 9 \u2013 Meadowlands<br>May 12 \u2013 Scioto Downs<br>May 13 \u2013 Hoosier<br>May 14 \u2013 The Meadows<\/p>\n\n\n\n<p>If you have any questions or would like to know more about their visit, don\u2019t hesitate to contact them!<br>Scott Hennessy: +1 631-433-6523 or&nbsp;<a href=\"mailto:scott@brizy.se\" target=\"_blank\" rel=\"noreferrer noopener\">scott@brizy.se<\/a><br>Micke Fagerberg: +46 (0) 768 679 951 or&nbsp;<a href=\"mailto:micke@brizy.se\">micke@brizy.se<\/a><\/p>\n\n\n\n\n\n\n\n\n<\/div>\n<\/div>\n\n\n\n<figure class=\"wp-block-image alignfull size-full\"><img decoding=\"async\" width=\"2048\" height=\"1365\" sizes=\"100vw\" src=\"https:\/\/brizyproducts.com\/wp-content\/uploads\/2023\/10\/hailmary-jpg-webp.webp\" alt=\"\" class=\"wp-image-215\" srcset=\"https:\/\/brizyproducts.com\/wp-content\/uploads\/2023\/10\/hailmary-jpg-webp.webp 2048w, https:\/\/brizyproducts.com\/wp-content\/uploads\/2023\/10\/hailmary-900x600.webp 900w, https:\/\/brizyproducts.com\/wp-content\/uploads\/2023\/10\/hailmary-300x200.webp 300w, https:\/\/brizyproducts.com\/wp-content\/uploads\/2023\/10\/hailmary-768x512.webp 768w, https:\/\/brizyproducts.com\/wp-content\/uploads\/2023\/10\/hailmary-1536x1024.webp 1536w, https:\/\/brizyproducts.com\/wp-content\/uploads\/2023\/10\/hailmary-600x400.webp 600w\" \/><\/figure>\n","protected":false},"excerpt":{"rendered":"<p>Join Us on the Road! Souvent, ce sont nos clients qui d\u00e9terminent o\u00f9 et quand nous nous pr\u00e9sentons dans divers lieux. Cependant, vous trouverez ci-dessous les dates et les pistes o\u00f9 nous pr\u00e9voyons de nous rendre. Nous continuerons \u00e0 ajouter des lieux et des dates au fur et \u00e0 mesure que la saison avance. Il [&hellip;]<\/p>\n","protected":false},"author":1,"featured_media":10921,"parent":0,"menu_order":0,"comment_status":"closed","ping_status":"closed","template":"","meta":{"_acf_changed":false,"footnotes":""},"class_list":["post-11142","page","type-page","status-publish","has-post-thumbnail","hentry"],"acf":[],"yoast_head":"<!-- This site is optimized with the Yoast SEO plugin v27.5 - https:\/\/yoast.com\/product\/yoast-seo-wordpress\/ -->\n<title>Brizy On Tour | Brizy<\/title>\n<meta name=\"description\" content=\"Join Us on the Road! Souvent, ce sont nos clients qui d\u00e9terminent o\u00f9 et quand nous nous pr\u00e9sentons dans divers lieux. Cependant, vous trouverez ci-dessous\" \/>\n<meta name=\"robots\" content=\"index, follow, max-snippet:-1, max-image-preview:large, max-video-preview:-1\" \/>\n<link rel=\"canonical\" href=\"https:\/\/brizyproducts.com\/fr\/brizy-on-tour\/\" \/>\n<meta property=\"og:locale\" content=\"fr_FR\" \/>\n<meta property=\"og:type\" content=\"article\" \/>\n<meta property=\"og:title\" content=\"Brizy On Tour | Brizy\" \/>\n<meta property=\"og:description\" content=\"Join Us on the Road! Souvent, ce sont nos clients qui d\u00e9terminent o\u00f9 et quand nous nous pr\u00e9sentons dans divers lieux. Cependant, vous trouverez ci-dessous\" \/>\n<meta property=\"og:url\" content=\"https:\/\/brizyproducts.com\/fr\/brizy-on-tour\/\" \/>\n<meta property=\"og:site_name\" content=\"Brizy Products\" \/>\n<meta property=\"article:publisher\" content=\"https:\/\/www.facebook.com\/brizy.1983\/\" \/>\n<meta property=\"article:modified_time\" content=\"2026-04-30T06:35:31+00:00\" \/>\n<meta property=\"og:image\" content=\"https:\/\/brizyproducts.com\/wp-content\/uploads\/2024\/11\/MICKE-e1730456900389-768x292.png\" \/>\n\t<meta property=\"og:image:width\" content=\"768\" \/>\n\t<meta property=\"og:image:height\" content=\"292\" \/>\n\t<meta property=\"og:image:type\" content=\"image\/png\" \/>\n<meta name=\"twitter:card\" content=\"summary_large_image\" \/>\n<!-- \/ Yoast SEO plugin. -->","yoast_head_json":{"title":"Brizy On Tour | Brizy","description":"Join Us on the Road! Souvent, ce sont nos clients qui d\u00e9terminent o\u00f9 et quand nous nous pr\u00e9sentons dans divers lieux. Cependant, vous trouverez ci-dessous","robots":{"index":"index","follow":"follow","max-snippet":"max-snippet:-1","max-image-preview":"max-image-preview:large","max-video-preview":"max-video-preview:-1"},"canonical":"https:\/\/brizyproducts.com\/fr\/brizy-on-tour\/","og_locale":"fr_FR","og_type":"article","og_title":"Brizy On Tour | Brizy","og_description":"Join Us on the Road! Souvent, ce sont nos clients qui d\u00e9terminent o\u00f9 et quand nous nous pr\u00e9sentons dans divers lieux. Cependant, vous trouverez ci-dessous","og_url":"https:\/\/brizyproducts.com\/fr\/brizy-on-tour\/","og_site_name":"Brizy Products","article_publisher":"https:\/\/www.facebook.com\/brizy.1983\/","article_modified_time":"2026-04-30T06:35:31+00:00","og_image":[{"width":768,"height":292,"url":"https:\/\/brizyproducts.com\/wp-content\/uploads\/2024\/11\/MICKE-e1730456900389-768x292.png","type":"image\/png"}],"twitter_card":"summary_large_image","schema":{"@context":"https:\/\/schema.org","@graph":[{"@type":"WebPage","@id":"https:\/\/brizyproducts.com\/fr\/brizy-on-tour\/","url":"https:\/\/brizyproducts.com\/fr\/brizy-on-tour\/","name":"Brizy On Tour | Brizy","isPartOf":{"@id":"https:\/\/brizyproducts.com\/fr\/#website"},"primaryImageOfPage":{"@id":"https:\/\/brizyproducts.com\/fr\/brizy-on-tour\/#primaryimage"},"image":{"@id":"https:\/\/brizyproducts.com\/fr\/brizy-on-tour\/#primaryimage"},"thumbnailUrl":"https:\/\/brizyproducts.com\/wp-content\/uploads\/2024\/11\/MICKE-e1730456900389-scaled.webp","datePublished":"2024-02-08T14:04:07+00:00","dateModified":"2026-04-30T06:35:31+00:00","description":"Join Us on the Road! Souvent, ce sont nos clients qui d\u00e9terminent o\u00f9 et quand nous nous pr\u00e9sentons dans divers lieux. Cependant, vous trouverez ci-dessous","breadcrumb":{"@id":"https:\/\/brizyproducts.com\/fr\/brizy-on-tour\/#breadcrumb"},"inLanguage":"fr-FR","potentialAction":[{"@type":"ReadAction","target":["https:\/\/brizyproducts.com\/fr\/brizy-on-tour\/"]}]},{"@type":"ImageObject","inLanguage":"fr-FR","@id":"https:\/\/brizyproducts.com\/fr\/brizy-on-tour\/#primaryimage","url":"https:\/\/brizyproducts.com\/wp-content\/uploads\/2024\/11\/MICKE-e1730456900389-scaled.webp","contentUrl":"https:\/\/brizyproducts.com\/wp-content\/uploads\/2024\/11\/MICKE-e1730456900389-scaled.webp","width":7995,"height":3038},{"@type":"BreadcrumbList","@id":"https:\/\/brizyproducts.com\/fr\/brizy-on-tour\/#breadcrumb","itemListElement":[{"@type":"ListItem","position":1,"name":"Hem","item":"https:\/\/brizyproducts.com\/fr\/"},{"@type":"ListItem","position":2,"name":"Brizy On Tour"}]},{"@type":"WebSite","@id":"https:\/\/brizyproducts.com\/fr\/#website","url":"https:\/\/brizyproducts.com\/fr\/","name":"Brizy","description":"","publisher":{"@id":"https:\/\/brizyproducts.com\/fr\/#organization"},"potentialAction":[{"@type":"SearchAction","target":{"@type":"EntryPoint","urlTemplate":"https:\/\/brizyproducts.com\/fr\/?s={search_term_string}"},"query-input":{"@type":"PropertyValueSpecification","valueRequired":true,"valueName":"search_term_string"}}],"inLanguage":"fr-FR"},{"@type":"Organization","@id":"https:\/\/brizyproducts.com\/fr\/#organization","name":"Brizy","url":"https:\/\/brizyproducts.com\/fr\/","logo":{"@type":"ImageObject","inLanguage":"fr-FR","@id":"https:\/\/brizyproducts.com\/fr\/#\/schema\/logo\/image\/","url":"https:\/\/brizyproducts.com\/wp-content\/uploads\/2023\/12\/Brizy-old.svg","contentUrl":"https:\/\/brizyproducts.com\/wp-content\/uploads\/2023\/12\/Brizy-old.svg","width":1,"height":1,"caption":"Brizy"},"image":{"@id":"https:\/\/brizyproducts.com\/fr\/#\/schema\/logo\/image\/"},"sameAs":["https:\/\/www.facebook.com\/brizy.1983\/","https:\/\/www.linkedin.com\/company\/brizy-produktion\/"]}]}},"_links":{"self":[{"href":"https:\/\/brizyproducts.com\/fr\/wp-json\/wp\/v2\/pages\/11142","targetHints":{"allow":["GET"]}}],"collection":[{"href":"https:\/\/brizyproducts.com\/fr\/wp-json\/wp\/v2\/pages"}],"about":[{"href":"https:\/\/brizyproducts.com\/fr\/wp-json\/wp\/v2\/types\/page"}],"author":[{"embeddable":true,"href":"https:\/\/brizyproducts.com\/fr\/wp-json\/wp\/v2\/users\/1"}],"replies":[{"embeddable":true,"href":"https:\/\/brizyproducts.com\/fr\/wp-json\/wp\/v2\/comments?post=11142"}],"version-history":[{"count":1,"href":"https:\/\/brizyproducts.com\/fr\/wp-json\/wp\/v2\/pages\/11142\/revisions"}],"predecessor-version":[{"id":24742,"href":"https:\/\/brizyproducts.com\/fr\/wp-json\/wp\/v2\/pages\/11142\/revisions\/24742"}],"wp:featuredmedia":[{"embeddable":true,"href":"https:\/\/brizyproducts.com\/fr\/wp-json\/wp\/v2\/media\/10921"}],"wp:attachment":[{"href":"https:\/\/brizyproducts.com\/fr\/wp-json\/wp\/v2\/media?parent=11142"}],"curies":[{"name":"wp","href":"https:\/\/api.w.org\/{rel}","templated":true}]}}